{"id":49,"date":"2023-08-22T12:50:40","date_gmt":"2023-08-22T10:50:40","guid":{"rendered":"https:\/\/blogs.uni-paderborn.de\/ethical-machines\/?page_id=49"},"modified":"2023-09-14T09:05:24","modified_gmt":"2023-09-14T07:05:24","slug":"ueber-den-blog","status":"publish","type":"page","link":"https:\/\/blogs.uni-paderborn.de\/ethical-machines\/ueber-den-blog\/","title":{"rendered":"\u00dcber den Blog"},"content":{"rendered":"<div class=\"twoclick_social_bookmarks_post_49 social_share_privacy clearfix 1.6.4 locale-de_DE sprite-de_DE\"><\/div><div class=\"twoclick-js\"><script type=\"text\/javascript\">\/* <![CDATA[ *\/\njQuery(document).ready(function($){if($('.twoclick_social_bookmarks_post_49')){$('.twoclick_social_bookmarks_post_49').socialSharePrivacy({\"txt_help\":\"Wenn Sie diese Felder durch einen Klick aktivieren, werden Informationen an Facebook, Twitter, Flattr, Xing, t3n, LinkedIn, Pinterest oder Google eventuell ins Ausland \\u00fcbertragen und unter Umst\\u00e4nden auch dort gespeichert. N\\u00e4heres erfahren Sie durch einen Klick auf das <em>i<\\\/em>.\",\"settings_perma\":\"Dauerhaft aktivieren und Daten\\u00fcber-tragung zustimmen:\",\"info_link\":\"http:\\\/\\\/www.heise.de\\\/ct\\\/artikel\\\/2-Klicks-fuer-mehr-Datenschutz-1333879.html\",\"uri\":\"https:\\\/\\\/blogs.uni-paderborn.de\\\/ethical-machines\\\/ueber-den-blog\\\/\",\"post_id\":49,\"post_title_referrer_track\":\"%C3%9Cber+den+Blog\",\"display_infobox\":\"on\"});}});\n\/* ]]> *\/<\/script><\/div>\n<p>Auch wenn sich der Diskurs \u00fcber Technologien nicht so schnell entwickelt wie diese selbst, versuchen wir mit diesem Blog einen \u00dcberblick \u00fcber aktuelle technikphilosophische und -ethische Forschung zu vermitteln. Wichtiger ist uns jedoch eine Plattform zu bieten, auf der wir gemeinsam \u00fcber die Art und Weise reden k\u00f6nnen, wie wir diese Technologien als Gesellschaft nutzen sollen und wollen. Also: mit euch ins Gespr\u00e4ch zu kommen!<\/p>\n\n\n\n<p>Im Ethical Machines Blog werden regelm\u00e4\u00dfig Denkanst\u00f6\u00dfe, Buchrezensionen, gelungene studentische Abgaben und Vieles mehr ver\u00f6ffentlicht, die sich mit philosophischen und ethnischen Fragen rund um das Thema Technik befassen. Ansto\u00df nehmen diese an aktuellen Forschungen; Filmen, Serien und B\u00fcchern; Diskussionen in Seminaren und Vorlesungen; &#8230; <\/p>\n\n\n\n<p>Schaut also immer mal wieder bei uns rein. Es wird spannend!<\/p>\n","protected":false},"excerpt":{"rendered":"<p>Auch wenn sich der Diskurs \u00fcber Technologien nicht so schnell entwickelt wie diese selbst, versuchen wir mit diesem Blog einen \u00dcberblick \u00fcber aktuelle technikphilosophische und -ethische Forschung zu vermitteln. Wichtiger ist uns jedoch eine Plattform zu bieten, auf der wir gemeinsam \u00fcber die Art und Weise reden k\u00f6nnen, wie wir diese Technologien als Gesellschaft nutzen [&hellip;]<\/p>\n","protected":false},"author":9322,"featured_media":77,"parent":0,"menu_order":0,"comment_status":"closed","ping_status":"closed","template":"","meta":{"footnotes":""},"class_list":["post-49","page","type-page","status-publish","has-post-thumbnail","hentry"],"_links":{"self":[{"href":"https:\/\/blogs.uni-paderborn.de\/ethical-machines\/wp-json\/wp\/v2\/pages\/49","targetHints":{"allow":["GET"]}}],"collection":[{"href":"https:\/\/blogs.uni-paderborn.de\/ethical-machines\/wp-json\/wp\/v2\/pages"}],"about":[{"href":"https:\/\/blogs.uni-paderborn.de\/ethical-machines\/wp-json\/wp\/v2\/types\/page"}],"author":[{"embeddable":true,"href":"https:\/\/blogs.uni-paderborn.de\/ethical-machines\/wp-json\/wp\/v2\/users\/9322"}],"replies":[{"embeddable":true,"href":"https:\/\/blogs.uni-paderborn.de\/ethical-machines\/wp-json\/wp\/v2\/comments?post=49"}],"version-history":[{"count":2,"href":"https:\/\/blogs.uni-paderborn.de\/ethical-machines\/wp-json\/wp\/v2\/pages\/49\/revisions"}],"predecessor-version":[{"id":68,"href":"https:\/\/blogs.uni-paderborn.de\/ethical-machines\/wp-json\/wp\/v2\/pages\/49\/revisions\/68"}],"wp:featuredmedia":[{"embeddable":true,"href":"https:\/\/blogs.uni-paderborn.de\/ethical-machines\/wp-json\/wp\/v2\/media\/77"}],"wp:attachment":[{"href":"https:\/\/blogs.uni-paderborn.de\/ethical-machines\/wp-json\/wp\/v2\/media?parent=49"}],"curies":[{"name":"wp","href":"https:\/\/api.w.org\/{rel}","templated":true}]}}