{"id":46,"date":"2023-08-22T12:49:26","date_gmt":"2023-08-22T10:49:26","guid":{"rendered":"https:\/\/blogs.uni-paderborn.de\/ethical-machines\/?page_id=46"},"modified":"2023-09-27T10:43:35","modified_gmt":"2023-09-27T08:43:35","slug":"ueber-uns","status":"publish","type":"page","link":"https:\/\/blogs.uni-paderborn.de\/ethical-machines\/ueber-uns\/","title":{"rendered":"Wer wir sind"},"content":{"rendered":"<div class=\"twoclick_social_bookmarks_post_46 social_share_privacy clearfix 1.6.4 locale-de_DE sprite-de_DE\"><\/div><div class=\"twoclick-js\"><script type=\"text\/javascript\">\/* <![CDATA[ *\/\njQuery(document).ready(function($){if($('.twoclick_social_bookmarks_post_46')){$('.twoclick_social_bookmarks_post_46').socialSharePrivacy({\"txt_help\":\"Wenn Sie diese Felder durch einen Klick aktivieren, werden Informationen an Facebook, Twitter, Flattr, Xing, t3n, LinkedIn, Pinterest oder Google eventuell ins Ausland \\u00fcbertragen und unter Umst\\u00e4nden auch dort gespeichert. N\\u00e4heres erfahren Sie durch einen Klick auf das <em>i<\\\/em>.\",\"settings_perma\":\"Dauerhaft aktivieren und Daten\\u00fcber-tragung zustimmen:\",\"info_link\":\"http:\\\/\\\/www.heise.de\\\/ct\\\/artikel\\\/2-Klicks-fuer-mehr-Datenschutz-1333879.html\",\"uri\":\"https:\\\/\\\/blogs.uni-paderborn.de\\\/ethical-machines\\\/ueber-uns\\\/\",\"post_id\":46,\"post_title_referrer_track\":\"Wer+wir+sind\",\"display_infobox\":\"on\"});}});\n\/* ]]> *\/<\/script><\/div>\n<p class=\"has-small-font-size\">Wir sind eine Arbeitsgruppe unter Leitung von Jun. Prof. Dr. Suzana Alpsancar. Wir wollen hier verschiende Beitr\u00e4ge zum Themenfeld der Technikethik aufzeigen und diskutieren &#8211; siehe dazu auch die Sektion &#8222;\u00dcber den Blog&#8220;.<\/p>\n\n\n\n<p class=\"has-small-font-size\">Mehr Infos findet ihr zudem auf unserer <a href=\"https:\/\/kw.uni-paderborn.de\/fach-philosophie\/angewandte-ethik\" data-type=\"URL\" data-id=\"https:\/\/kw.uni-paderborn.de\/fach-philosophie\/angewandte-ethik\">Homepage<\/a><\/p>\n\n\n\n<h2 class=\"wp-block-heading has-small-font-size\">Wie man uns erreicht<\/h2>\n\n\n\n<p>Hauptverantwortlich f\u00fcr den Blog ist <a href=\"https:\/\/kw.uni-paderborn.de\/fach-philosophie\/personal\/personen\/94561\" data-type=\"URL\" data-id=\"https:\/\/kw.uni-paderborn.de\/fach-philosophie\/personal\/personen\/94561\">Sven Thomas<\/a> <\/p>\n\n\n\n<h2 class=\"wp-block-heading has-small-font-size\">Impressum<\/h2>\n\n\n\n<p class=\"has-small-font-size\">Universit\u00e4t Paderborn<br>Pohlweg 55<br>33098 Paderborn<\/p>\n\n\n\n<div class=\"wp-block-buttons is-layout-flex wp-block-buttons-is-layout-flex\"><\/div>\n","protected":false},"excerpt":{"rendered":"<p>Wir sind eine Arbeitsgruppe unter Leitung von Jun. Prof. Dr. Suzana Alpsancar. Wir wollen hier verschiende Beitr\u00e4ge zum Themenfeld der Technikethik aufzeigen und diskutieren &#8211; siehe dazu auch die Sektion &#8222;\u00dcber den Blog&#8220;. Mehr Infos findet ihr zudem auf unserer Homepage Wie man uns erreicht Hauptverantwortlich f\u00fcr den Blog ist Sven Thomas Impressum Universit\u00e4t PaderbornPohlweg [&hellip;]<\/p>\n","protected":false},"author":9322,"featured_media":77,"parent":0,"menu_order":0,"comment_status":"closed","ping_status":"closed","template":"","meta":{"footnotes":""},"class_list":["post-46","page","type-page","status-publish","has-post-thumbnail","hentry"],"_links":{"self":[{"href":"https:\/\/blogs.uni-paderborn.de\/ethical-machines\/wp-json\/wp\/v2\/pages\/46","targetHints":{"allow":["GET"]}}],"collection":[{"href":"https:\/\/blogs.uni-paderborn.de\/ethical-machines\/wp-json\/wp\/v2\/pages"}],"about":[{"href":"https:\/\/blogs.uni-paderborn.de\/ethical-machines\/wp-json\/wp\/v2\/types\/page"}],"author":[{"embeddable":true,"href":"https:\/\/blogs.uni-paderborn.de\/ethical-machines\/wp-json\/wp\/v2\/users\/9322"}],"replies":[{"embeddable":true,"href":"https:\/\/blogs.uni-paderborn.de\/ethical-machines\/wp-json\/wp\/v2\/comments?post=46"}],"version-history":[{"count":7,"href":"https:\/\/blogs.uni-paderborn.de\/ethical-machines\/wp-json\/wp\/v2\/pages\/46\/revisions"}],"predecessor-version":[{"id":92,"href":"https:\/\/blogs.uni-paderborn.de\/ethical-machines\/wp-json\/wp\/v2\/pages\/46\/revisions\/92"}],"wp:featuredmedia":[{"embeddable":true,"href":"https:\/\/blogs.uni-paderborn.de\/ethical-machines\/wp-json\/wp\/v2\/media\/77"}],"wp:attachment":[{"href":"https:\/\/blogs.uni-paderborn.de\/ethical-machines\/wp-json\/wp\/v2\/media?parent=46"}],"curies":[{"name":"wp","href":"https:\/\/api.w.org\/{rel}","templated":true}]}}