{"id":122,"date":"2014-05-20T17:27:53","date_gmt":"2014-05-20T15:27:53","guid":{"rendered":"http:\/\/blogs.uni-paderborn.de\/degendering-the-driver\/?page_id=122"},"modified":"2014-11-05T23:12:42","modified_gmt":"2014-11-05T21:12:42","slug":"workshop","status":"publish","type":"page","link":"https:\/\/blogs.uni-paderborn.de\/degendering-the-driver\/workshop\/","title":{"rendered":"Workshop"},"content":{"rendered":"<div class=\"twoclick_social_bookmarks_post_122 social_share_privacy clearfix 1.6.4 locale-de_DE sprite-de_DE\"><\/div><div class=\"twoclick-js\"><script type=\"text\/javascript\">\/* <![CDATA[ *\/\njQuery(document).ready(function($){if($('.twoclick_social_bookmarks_post_122')){$('.twoclick_social_bookmarks_post_122').socialSharePrivacy({\"txt_help\":\"Wenn Sie diese Felder durch einen Klick aktivieren, werden Informationen an Facebook, Twitter, Flattr, Xing, t3n, LinkedIn, Pinterest oder Google eventuell ins Ausland \\u00fcbertragen und unter Umst\\u00e4nden auch dort gespeichert. N\\u00e4heres erfahren Sie durch einen Klick auf das <em>i<\\\/em>.\",\"settings_perma\":\"Dauerhaft aktivieren und Daten\\u00fcber-tragung zustimmen:\",\"info_link\":\"http:\\\/\\\/www.heise.de\\\/ct\\\/artikel\\\/2-Klicks-fuer-mehr-Datenschutz-1333879.html\",\"uri\":\"https:\\\/\\\/blogs.uni-paderborn.de\\\/degendering-the-driver\\\/workshop\\\/\",\"post_id\":122,\"post_title_referrer_track\":\"Workshop\",\"display_infobox\":\"on\"});}});\n\/* ]]> *\/<\/script><\/div><h2 style=\"text-align: justify\">Self-Driving Cars and the Transformation of Public and Private Transportation<\/h2>\n<p style=\"text-align: justify\">Ankn\u00fcpfend an die Inhalte des Forschungsprojekts wird am 6. und 7. November 2014 ein Workshop an der Universit\u00e4t Paderborn stattfinden.<\/p>\n<p style=\"text-align: justify\"><a href=\"http:\/\/blogs.uni-paderborn.de\/degendering-the-driver\/files\/2014\/05\/Flyer_Self_Driving_Cars_Paderborn.pdf\">Programm<\/a><\/p>\n<p style=\"text-align: justify\">Weitere Informationen erhalten Sie \u00fcber Anna-Lena Berscheid und Samuel M\u00fcller.<\/p>\n<p style=\"text-align: justify\">Following the topic of the research project, there will be a workshop at the University of Paderborn on November 6 and 7.<\/p>\n<p style=\"text-align: justify\"><a href=\"http:\/\/blogs.uni-paderborn.de\/degendering-the-driver\/files\/2014\/05\/Flyer_Self_Driving_Cars_Paderborn.pdf\">Program<\/a><\/p>\n<p>For further information, please contact Anna-Lena Berscheid and Samuel M\u00fcller.<\/p>\n","protected":false},"excerpt":{"rendered":"<p>Self-Driving Cars and the Transformation of Public and Private Transportation Ankn\u00fcpfend an die Inhalte des Forschungsprojekts wird am 6. und 7. November 2014 ein Workshop an der Universit\u00e4t Paderborn stattfinden. Programm Weitere Informationen erhalten Sie \u00fcber Anna-Lena Berscheid und Samuel M\u00fcller. Following the topic of the research project, there will be a workshop at the [&hellip;]<\/p>\n","protected":false},"author":4912,"featured_media":0,"parent":0,"menu_order":0,"comment_status":"closed","ping_status":"closed","template":"","meta":{"footnotes":""},"class_list":["post-122","page","type-page","status-publish","hentry"],"_links":{"self":[{"href":"https:\/\/blogs.uni-paderborn.de\/degendering-the-driver\/wp-json\/wp\/v2\/pages\/122","targetHints":{"allow":["GET"]}}],"collection":[{"href":"https:\/\/blogs.uni-paderborn.de\/degendering-the-driver\/wp-json\/wp\/v2\/pages"}],"about":[{"href":"https:\/\/blogs.uni-paderborn.de\/degendering-the-driver\/wp-json\/wp\/v2\/types\/page"}],"author":[{"embeddable":true,"href":"https:\/\/blogs.uni-paderborn.de\/degendering-the-driver\/wp-json\/wp\/v2\/users\/4912"}],"replies":[{"embeddable":true,"href":"https:\/\/blogs.uni-paderborn.de\/degendering-the-driver\/wp-json\/wp\/v2\/comments?post=122"}],"version-history":[{"count":15,"href":"https:\/\/blogs.uni-paderborn.de\/degendering-the-driver\/wp-json\/wp\/v2\/pages\/122\/revisions"}],"predecessor-version":[{"id":1661,"href":"https:\/\/blogs.uni-paderborn.de\/degendering-the-driver\/wp-json\/wp\/v2\/pages\/122\/revisions\/1661"}],"wp:attachment":[{"href":"https:\/\/blogs.uni-paderborn.de\/degendering-the-driver\/wp-json\/wp\/v2\/media?parent=122"}],"curies":[{"name":"wp","href":"https:\/\/api.w.org\/{rel}","templated":true}]}}