{"id":12,"date":"2014-05-17T10:00:45","date_gmt":"2014-05-17T08:00:45","guid":{"rendered":"http:\/\/blogs.uni-paderborn.de\/degendering-the-driver\/?page_id=2"},"modified":"2014-06-12T12:00:33","modified_gmt":"2014-06-12T10:00:33","slug":"beispiel-seite","status":"publish","type":"page","link":"https:\/\/blogs.uni-paderborn.de\/degendering-the-driver\/","title":{"rendered":"Degendering the Driver?"},"content":{"rendered":"<div class=\"twoclick_social_bookmarks_post_12 social_share_privacy clearfix 1.6.4 locale-de_DE sprite-de_DE\"><\/div><div class=\"twoclick-js\"><script type=\"text\/javascript\">\/* <![CDATA[ *\/\njQuery(document).ready(function($){if($('.twoclick_social_bookmarks_post_12')){$('.twoclick_social_bookmarks_post_12').socialSharePrivacy({\"txt_help\":\"Wenn Sie diese Felder durch einen Klick aktivieren, werden Informationen an Facebook, Twitter, Flattr, Xing, t3n, LinkedIn, Pinterest oder Google eventuell ins Ausland \\u00fcbertragen und unter Umst\\u00e4nden auch dort gespeichert. N\\u00e4heres erfahren Sie durch einen Klick auf das <em>i<\\\/em>.\",\"settings_perma\":\"Dauerhaft aktivieren und Daten\\u00fcber-tragung zustimmen:\",\"info_link\":\"http:\\\/\\\/www.heise.de\\\/ct\\\/artikel\\\/2-Klicks-fuer-mehr-Datenschutz-1333879.html\",\"uri\":\"https:\\\/\\\/blogs.uni-paderborn.de\\\/degendering-the-driver\\\/\",\"post_id\":12,\"post_title_referrer_track\":\"Degendering+the+Driver%3F\",\"display_infobox\":\"on\"});}});\n\/* ]]> *\/<\/script><\/div><div id=\"attachment_1102\" style=\"width: 310px\" class=\"wp-caption alignleft\"><a href=\"http:\/\/blogs.uni-paderborn.de\/degendering-the-driver\/files\/2014\/05\/Allison-final-seld-driving-car-family-reduced.jpg\"><img loading=\"lazy\" decoding=\"async\" aria-describedby=\"caption-attachment-1102\" class=\"size-medium wp-image-1102 \" alt=\"Drawing by Steven Johnson for Alison Arieff\/New York Times\" src=\"http:\/\/blogs.uni-paderborn.de\/degendering-the-driver\/files\/2014\/05\/Allison-final-seld-driving-car-family-reduced-300x189.jpg\" width=\"300\" height=\"189\" srcset=\"https:\/\/blogs.uni-paderborn.de\/degendering-the-driver\/files\/2014\/05\/Allison-final-seld-driving-car-family-reduced-300x189.jpg 300w, https:\/\/blogs.uni-paderborn.de\/degendering-the-driver\/files\/2014\/05\/Allison-final-seld-driving-car-family-reduced-1024x646.jpg 1024w, https:\/\/blogs.uni-paderborn.de\/degendering-the-driver\/files\/2014\/05\/Allison-final-seld-driving-car-family-reduced-624x394.jpg 624w\" sizes=\"auto, (max-width: 300px) 100vw, 300px\" \/><\/a><p id=\"caption-attachment-1102\" class=\"wp-caption-text\">Drawing by Steven Johnson for Alison Arieff\/New York Times<\/p><\/div>\n<p style=\"text-align: justify\">Das Forschungsprojekt &#8222;Degendering the Driver? Autonome Fahrzeuge, Mobilit\u00e4t und Geschlecht&#8220;, initiiert und geleitet von Prof. Dr. Jutta Weber an der Universit\u00e4t Paderborn, wird von der Genderforschungsf\u00f6rderung des Ministeriums f\u00fcr Innovation, Wissenschaft und Forschung des Landes Nordrhein-Westfalen finanziert und l\u00e4uft seit Mai 2013.<\/p>\n<h2 style=\"text-align: left\">Zum Inhalt des Projekts<\/h2>\n<p style=\"text-align: justify\">Autonome Fahrzeuge versprechen eine umweltschonende Zukunft ohne Autounf\u00e4lle und Staus &#8211; und nehmen dabei dem Menschen sprichw\u00f6rtlich das Steuer aus der Hand. Doch kann dieser technological fix die Probleme unserer Mobilit\u00e4t im Rahmen einer hochemotionalisierten und geschlechtscodierten Autokultur l\u00f6sen?<br \/>\nDie Vision vom selbststeuernden Roboterautos und ihren passiven Passagieren, die die Kontrolle an das Fahrzeug ab- und das Privatauto zugunsten fahrer_innenloser Taxis aufgeben, stellt das Bild des autonomen und als m\u00e4nnlich konnotierten Fahrers in Frage.<br \/>\nDas Forschungsprojekt &#8222;Degendering the Driver? Autonome Fahrzeuge, Mobilit\u00e4t und Geschlecht&#8220; will die Interdependenz zwischen der Gestaltung autonomer Fahrzeuge und vergeschlechtlichter Automobilkultur untersuchen. Das transdisziplin\u00e4re Forschungsdesign bedient sich <em>diskursanalytischer<\/em> wie <em>ethnographischer<\/em> Untersuchungsmethoden und bringt Projektbeteiligte aus der Medienwissenschaft, Robotik, Genderforschung in der Informatik, Kulturanthropologie, Techniksoziologie und der Regelungstechnik zusammen.<\/p>\n<p style=\"text-align: right\"><a href=\"http:\/\/blogs.uni-paderborn.de\/degendering-the-driver\/files\/2014\/05\/cropped-UPB_Logo_RGB_12_noch-kleiner1.jpg\"><img loading=\"lazy\" decoding=\"async\" class=\"wp-image-922 alignleft\" alt=\"cropped-UPB_Logo_RGB_12_noch-kleiner1.jpg\" src=\"http:\/\/blogs.uni-paderborn.de\/degendering-the-driver\/files\/2014\/05\/cropped-UPB_Logo_RGB_12_noch-kleiner1-300x78.jpg\" width=\"221\" height=\"78\" \/><\/a>Gef\u00f6rdert durch:<\/p>\n<p style=\"text-align: right\"><a href=\"http:\/\/blogs.uni-paderborn.de\/degendering-the-driver\/files\/2014\/05\/NRW_MIWF_RGB.jpg\"><img loading=\"lazy\" decoding=\"async\" class=\"alignnone  wp-image-742\" alt=\"NRW_MIWF_RGB\" src=\"http:\/\/blogs.uni-paderborn.de\/degendering-the-driver\/files\/2014\/05\/NRW_MIWF_RGB-300x61.jpg\" width=\"300\" height=\"61\" srcset=\"https:\/\/blogs.uni-paderborn.de\/degendering-the-driver\/files\/2014\/05\/NRW_MIWF_RGB-300x61.jpg 300w, https:\/\/blogs.uni-paderborn.de\/degendering-the-driver\/files\/2014\/05\/NRW_MIWF_RGB-1024x209.jpg 1024w, https:\/\/blogs.uni-paderborn.de\/degendering-the-driver\/files\/2014\/05\/NRW_MIWF_RGB-624x127.jpg 624w\" sizes=\"auto, (max-width: 300px) 100vw, 300px\" \/><\/a><\/p>\n","protected":false},"excerpt":{"rendered":"<p>Das Forschungsprojekt &#8222;Degendering the Driver? Autonome Fahrzeuge, Mobilit\u00e4t und Geschlecht&#8220;, initiiert und geleitet von Prof. Dr. Jutta Weber an der Universit\u00e4t Paderborn, wird von der Genderforschungsf\u00f6rderung des Ministeriums f\u00fcr Innovation, Wissenschaft und Forschung des Landes Nordrhein-Westfalen finanziert und l\u00e4uft seit Mai 2013. Zum Inhalt des Projekts Autonome Fahrzeuge versprechen eine umweltschonende Zukunft ohne Autounf\u00e4lle und [&hellip;]<\/p>\n","protected":false},"author":4912,"featured_media":0,"parent":0,"menu_order":0,"comment_status":"closed","ping_status":"closed","template":"","meta":{"footnotes":""},"class_list":["post-12","page","type-page","status-publish","hentry"],"_links":{"self":[{"href":"https:\/\/blogs.uni-paderborn.de\/degendering-the-driver\/wp-json\/wp\/v2\/pages\/12","targetHints":{"allow":["GET"]}}],"collection":[{"href":"https:\/\/blogs.uni-paderborn.de\/degendering-the-driver\/wp-json\/wp\/v2\/pages"}],"about":[{"href":"https:\/\/blogs.uni-paderborn.de\/degendering-the-driver\/wp-json\/wp\/v2\/types\/page"}],"author":[{"embeddable":true,"href":"https:\/\/blogs.uni-paderborn.de\/degendering-the-driver\/wp-json\/wp\/v2\/users\/4912"}],"replies":[{"embeddable":true,"href":"https:\/\/blogs.uni-paderborn.de\/degendering-the-driver\/wp-json\/wp\/v2\/comments?post=12"}],"version-history":[{"count":23,"href":"https:\/\/blogs.uni-paderborn.de\/degendering-the-driver\/wp-json\/wp\/v2\/pages\/12\/revisions"}],"predecessor-version":[{"id":982,"href":"https:\/\/blogs.uni-paderborn.de\/degendering-the-driver\/wp-json\/wp\/v2\/pages\/12\/revisions\/982"}],"wp:attachment":[{"href":"https:\/\/blogs.uni-paderborn.de\/degendering-the-driver\/wp-json\/wp\/v2\/media?parent=12"}],"curies":[{"name":"wp","href":"https:\/\/api.w.org\/{rel}","templated":true}]}}