{"id":8945,"date":"2017-07-10T12:36:38","date_gmt":"2017-07-10T10:36:38","guid":{"rendered":"https:\/\/blogs.uni-paderborn.de\/campuslauf\/?page_id=8945"},"modified":"2017-07-10T12:36:38","modified_gmt":"2017-07-10T10:36:38","slug":"campuslauf-2017","status":"publish","type":"page","link":"https:\/\/blogs.uni-paderborn.de\/campuslauf\/ergebnisse\/campuslauf-2017\/","title":{"rendered":"Campuslauf 2017"},"content":{"rendered":"<p>Die kompletten Ergebnislisten k\u00f6nnen unter folgendem Link eingesehen werden:<\/p>\n<p><a href=\"https:\/\/www.ttjnet.de\/Ergebnisse\/2017\/ErgPBCampus2017.pdf\">https:\/\/www.ttjnet.de\/Ergebnisse\/2017\/ErgPBCampus2017.pdf<\/a><\/p>\n<p><strong>5 km Damen:<\/strong><\/p>\n<ol>\n<li>Elke Wolf (22:05 Minuten)<\/li>\n<li>Sonja Stiehl (22:29 Minuten)<\/li>\n<li>Meike Wohlleben (22:36 Minuten)<\/li>\n<\/ol>\n<p><strong>5 km Herren:<\/strong><\/p>\n<ol>\n<li>Devon Gra\u00df (18:33 Minuten)<\/li>\n<li>Burkhard Steinchen (18:57 Minuten)<\/li>\n<li>Patrick Hosemann (19:10 Minuten)<\/li>\n<\/ol>\n<p><strong>10 km Damen:<\/strong><\/p>\n<ol>\n<li>Katja D\u00f6rre (44:53 Minuten)<\/li>\n<li>Inga Behnen (45:51 Minuten)<\/li>\n<li>Elke Wolf (47:49 Minuten)<\/li>\n<\/ol>\n<p><strong>10 km Herren:<\/strong><\/p>\n<ol>\n<li>Adam Janicki (34:44 Minuten)<\/li>\n<li>Bastian Korthauer (39:31 Minuten)<\/li>\n<li>Moritz Keyser (40:31 Minuten)<\/li>\n<\/ol>\n<p><strong>Staffel (4 x 2,5 km) Damen:<\/strong><\/p>\n<ol>\n<li>Fantastic Four (48:53 Minuten)<\/li>\n<li>Nur Korn bringt uns nach vorn! (49:08 Minuten)<\/li>\n<li>Runtastic Four (49:08 Minuten)<\/li>\n<\/ol>\n<p><strong>Staffel (4x 2,5 km) Herren:<\/strong><\/p>\n<ol>\n<li>Laufgruppe Atemnot (33:54 Minuten)<\/li>\n<li>BallaDasDaRein Istanbul (39:44 Minuten)<\/li>\n<li>HGWing (40:05 Minuten)<\/li>\n<\/ol>\n<p><strong>Staffel (2,5 km) Mixed:<\/strong><\/p>\n<ol>\n<li>Volksbank \u2013 schnelle Netzwerker (40:34 Minuten)<\/li>\n<li>Vorw\u00e4rts immer, r\u00fcckw\u00e4rts nimmer! (41:12 Minuten)<\/li>\n<li>GTZ \u2013 L\u00e4ufst du noch oder hebst du schon (42:01 Minuten)<\/li>\n<\/ol>\n<div class=\"twoclick_social_bookmarks_post_8945 social_share_privacy clearfix 1.6.4 locale-de_DE sprite-de_DE\"><\/div><div class=\"twoclick-js\"><script type=\"text\/javascript\">\/* <![CDATA[ *\/\njQuery(document).ready(function($){if($('.twoclick_social_bookmarks_post_8945')){$('.twoclick_social_bookmarks_post_8945').socialSharePrivacy({\"services\":{\"facebook\":{\"status\":\"on\",\"txt_info\":\"2 Klicks f\\u00fcr mehr Datenschutz: Erst wenn Sie hier klicken, wird der Button aktiv und Sie k\\u00f6nnen Ihre Empfehlung an Facebook senden. Schon beim Aktivieren werden Daten an Dritte \\u00fcbertragen - siehe <em>i<\\\/em>.\",\"perma_option\":\"off\",\"action\":\"recommend\",\"language\":\"de_DE\"}},\"txt_help\":\"Wenn Sie diese Felder durch einen Klick aktivieren, werden Informationen an Facebook, Twitter, Flattr, Xing, t3n, LinkedIn, Pinterest oder Google eventuell ins Ausland \\u00fcbertragen und unter Umst\\u00e4nden auch dort gespeichert. N\\u00e4heres erfahren Sie durch einen Klick auf das <em>i<\\\/em>.\",\"settings_perma\":\"Dauerhaft aktivieren und Daten\\u00fcber-tragung zustimmen:\",\"info_link\":\"http:\\\/\\\/www.heise.de\\\/ct\\\/artikel\\\/2-Klicks-fuer-mehr-Datenschutz-1333879.html\",\"uri\":\"https:\\\/\\\/blogs.uni-paderborn.de\\\/campuslauf\\\/ergebnisse\\\/campuslauf-2017\\\/\",\"post_id\":8945,\"post_title_referrer_track\":\"Campuslauf+2017\",\"display_infobox\":\"on\"});}});\n\/* ]]> *\/<\/script><\/div>","protected":false},"excerpt":{"rendered":"<p>Die kompletten Ergebnislisten k\u00f6nnen unter folgendem Link eingesehen werden: https:\/\/www.ttjnet.de\/Ergebnisse\/2017\/ErgPBCampus2017.pdf 5 km Damen: Elke Wolf (22:05 Minuten) Sonja Stiehl (22:29 Minuten) Meike Wohlleben (22:36 Minuten) 5 km Herren: Devon Gra\u00df (18:33 Minuten) Burkhard Steinchen (18:57 Minuten) Patrick Hosemann (19:10 Minuten) &hellip; <a href=\"https:\/\/blogs.uni-paderborn.de\/campuslauf\/ergebnisse\/campuslauf-2017\/\">Weiterlesen <span class=\"meta-nav\">&rarr;<\/span><\/a><\/p>\n","protected":false},"author":7817,"featured_media":0,"parent":431,"menu_order":7,"comment_status":"closed","ping_status":"closed","template":"","meta":{"footnotes":""},"class_list":["post-8945","page","type-page","status-publish","hentry"],"_links":{"self":[{"href":"https:\/\/blogs.uni-paderborn.de\/campuslauf\/wp-json\/wp\/v2\/pages\/8945","targetHints":{"allow":["GET"]}}],"collection":[{"href":"https:\/\/blogs.uni-paderborn.de\/campuslauf\/wp-json\/wp\/v2\/pages"}],"about":[{"href":"https:\/\/blogs.uni-paderborn.de\/campuslauf\/wp-json\/wp\/v2\/types\/page"}],"author":[{"embeddable":true,"href":"https:\/\/blogs.uni-paderborn.de\/campuslauf\/wp-json\/wp\/v2\/users\/7817"}],"replies":[{"embeddable":true,"href":"https:\/\/blogs.uni-paderborn.de\/campuslauf\/wp-json\/wp\/v2\/comments?post=8945"}],"version-history":[{"count":1,"href":"https:\/\/blogs.uni-paderborn.de\/campuslauf\/wp-json\/wp\/v2\/pages\/8945\/revisions"}],"predecessor-version":[{"id":8947,"href":"https:\/\/blogs.uni-paderborn.de\/campuslauf\/wp-json\/wp\/v2\/pages\/8945\/revisions\/8947"}],"up":[{"embeddable":true,"href":"https:\/\/blogs.uni-paderborn.de\/campuslauf\/wp-json\/wp\/v2\/pages\/431"}],"wp:attachment":[{"href":"https:\/\/blogs.uni-paderborn.de\/campuslauf\/wp-json\/wp\/v2\/media?parent=8945"}],"curies":[{"name":"wp","href":"https:\/\/api.w.org\/{rel}","templated":true}]}}