{"id":8884,"date":"2017-06-14T17:23:16","date_gmt":"2017-06-14T15:23:16","guid":{"rendered":"https:\/\/blogs.uni-paderborn.de\/campuslauf\/?page_id=8884"},"modified":"2019-12-18T10:27:24","modified_gmt":"2019-12-18T08:27:24","slug":"wir-ueber-uns","status":"publish","type":"page","link":"https:\/\/blogs.uni-paderborn.de\/campuslauf\/wir-ueber-uns\/","title":{"rendered":"Wir \u00fcber uns"},"content":{"rendered":"<p style=\"text-align: left\">Organisiert wird der Campuslauf von Studierenden der Studieng\u00e4nge \u201eBA Angewandte Sportwissenschaft\u201c und &#8222;Sport\u00f6konomie&#8220; im Rahmen der Lehrveranstaltung \u201eEinf\u00fchrung in das Sport- und Eventmanagement unter der Leitung von Dr. Lars Riedl in Zusammenarbeit mit dem Hochschulsport.<br \/>\nIm Zuge projektorientierter Lehre lernen die Studierenden theoretische Konzepte kennen und setzen diese im Rahmen des Campuslaufs praktisch um. Zur effektiven Arbeit sind die Studierenden in f\u00fcnf Gruppen aufgeteilt:<\/p>\n<p style=\"text-align: left\"><strong>Gruppe Sponsoring<br \/>\n(campuslauf.sponsoring@web.de)<br \/>\n<\/strong><\/p>\n<p>Die Aufgabe der Gruppe Sponsoring ist es den TK-Campuslauf finanziell abzusichern. Das funktioniert, indem sie mit einigen Sponsoren zusammenarbeiten. Hierf\u00fcr m\u00fcssen sie zun\u00e4chst Unternehmen suchen, die die Veranstaltung mit finanziellen Mitteln, materiellen Leistungen oder auch mit Dienstleistungen unterst\u00fctzen m\u00f6chten. Danach werden mit ihnen ein individuelle Sponsoring-Pakete erarbeitet und entsprechende Vertr\u00e4ge abgeschlossen.<br \/>\nSo wird es m\u00f6glich gemacht, dass der TK-Campuslauf auch in diesem Jahr wieder ein super Event wird!<\/p>\n<p><strong>Gruppe Wettkampforganisation (campuslauf.wettkampforganisation@web.de)<br \/>\n<\/strong><\/p>\n<p>Ziel der Gruppe Wettkampforganisation ist es, dass am Wettkampftag alles reibungslos l\u00e4uft<br \/>\nSie k\u00fcmmert sich um viele organisatorische Dinge rund um den TK-Campuslauf, um allen Teilnehmern und Zuschauern einen unvergesslichen Wettkampf zu erm\u00f6glichen. Dabei z\u00e4hlt z.B. das Vermessen und Absichern der Strecke, die Koordination der Anmeldungen, sowie das Akquirieren von Helfer und Erste-Hilfe Personal zu ihren Aufgaben. Zu dem sind sie f\u00fcr einen durchdachten Zeitplan des Wettkampftages mit der abschlie\u00dfenden Ehrung der Sieger zust\u00e4ndig.<\/p>\n<p><strong>Gruppe Rahmenprogramm<br \/>\n(campuslauf.rahmenprogramm@web.de)<br \/>\n<\/strong><\/p>\n<p>Die Gruppe \u201eRahmenprogramm\u201c besch\u00e4ftigt sich mit allerlei Aktionen, die neben den Laufwettbewerben f\u00fcr Euch geboten werden. Wir stellen Euch ein abwechslungsreiches Programm aus Vorf\u00fchrungen, Mitmachaktionen sowie Messest\u00e4nden zusammen und k\u00fcmmern uns um das kulinarische Angebot f\u00fcr Leib und Seele.<\/p>\n<p><strong>Gruppe \u00d6ffentlichkeitsarbeit<br \/>\n(campuslauf.pr@web.de)<br \/>\n<\/strong><\/p>\n<p>Die Gruppe \u00d6ffentlichkeitsarbeit hat die Funktion auf den Campuslauf aufmerksam zu machen, \u00fcber die wichtigsten Details zu informieren und die Studierenden und Mitarbeiter der Uni zur Teilnahme zu motivieren. Um dies zu erreichen, werden unterschiedliche Medien genutzt, wie z.B. Facebook, unsere Homepage, Informationsst\u00e4nde und auch Plakate und Flyer. Des Weiteren m\u00fcssen nach dem Wettkampftag die Fotos, Videos und Ergebnislisten bearbeitet, erstellt und geteilt werden.<\/p>\n<p><strong>Gruppe Projektmanagement<br \/>\n(campuslauf.projektmanagement@web.de)<br \/>\n<\/strong><\/p>\n<p>Die Aufgabe des Projektmanagements ist die Steuerung &amp; Kontrolle der anderen Gruppen. Zudem besitzt das Projektmanagement einen Gesamt\u00fcberblick \u00fcber Budget, Material, Personal und sichert die Kooperation unter den anderen Gruppen.<\/p>\n<div class=\"twoclick_social_bookmarks_post_8884 social_share_privacy clearfix 1.6.4 locale-de_DE sprite-de_DE\"><\/div><div class=\"twoclick-js\"><script type=\"text\/javascript\">\/* <![CDATA[ *\/\njQuery(document).ready(function($){if($('.twoclick_social_bookmarks_post_8884')){$('.twoclick_social_bookmarks_post_8884').socialSharePrivacy({\"services\":{\"facebook\":{\"status\":\"on\",\"txt_info\":\"2 Klicks f\\u00fcr mehr Datenschutz: Erst wenn Sie hier klicken, wird der Button aktiv und Sie k\\u00f6nnen Ihre Empfehlung an Facebook senden. Schon beim Aktivieren werden Daten an Dritte \\u00fcbertragen - siehe <em>i<\\\/em>.\",\"perma_option\":\"off\",\"action\":\"recommend\",\"language\":\"de_DE\"}},\"txt_help\":\"Wenn Sie diese Felder durch einen Klick aktivieren, werden Informationen an Facebook, Twitter, Flattr, Xing, t3n, LinkedIn, Pinterest oder Google eventuell ins Ausland \\u00fcbertragen und unter Umst\\u00e4nden auch dort gespeichert. N\\u00e4heres erfahren Sie durch einen Klick auf das <em>i<\\\/em>.\",\"settings_perma\":\"Dauerhaft aktivieren und Daten\\u00fcber-tragung zustimmen:\",\"info_link\":\"http:\\\/\\\/www.heise.de\\\/ct\\\/artikel\\\/2-Klicks-fuer-mehr-Datenschutz-1333879.html\",\"uri\":\"https:\\\/\\\/blogs.uni-paderborn.de\\\/campuslauf\\\/wir-ueber-uns\\\/\",\"post_id\":8884,\"post_title_referrer_track\":\"Wir+%C3%BCber+uns\",\"display_infobox\":\"on\"});}});\n\/* ]]> *\/<\/script><\/div>","protected":false},"excerpt":{"rendered":"<p>Organisiert wird der Campuslauf von Studierenden der Studieng\u00e4nge \u201eBA Angewandte Sportwissenschaft\u201c und &#8222;Sport\u00f6konomie&#8220; im Rahmen der Lehrveranstaltung \u201eEinf\u00fchrung in das Sport- und Eventmanagement unter der Leitung von Dr. Lars Riedl in Zusammenarbeit mit dem Hochschulsport. Im Zuge projektorientierter Lehre lernen &hellip; <a href=\"https:\/\/blogs.uni-paderborn.de\/campuslauf\/wir-ueber-uns\/\">Weiterlesen <span class=\"meta-nav\">&rarr;<\/span><\/a><\/p>\n","protected":false},"author":7817,"featured_media":0,"parent":0,"menu_order":6,"comment_status":"closed","ping_status":"closed","template":"","meta":{"footnotes":""},"class_list":["post-8884","page","type-page","status-publish","hentry"],"_links":{"self":[{"href":"https:\/\/blogs.uni-paderborn.de\/campuslauf\/wp-json\/wp\/v2\/pages\/8884","targetHints":{"allow":["GET"]}}],"collection":[{"href":"https:\/\/blogs.uni-paderborn.de\/campuslauf\/wp-json\/wp\/v2\/pages"}],"about":[{"href":"https:\/\/blogs.uni-paderborn.de\/campuslauf\/wp-json\/wp\/v2\/types\/page"}],"author":[{"embeddable":true,"href":"https:\/\/blogs.uni-paderborn.de\/campuslauf\/wp-json\/wp\/v2\/users\/7817"}],"replies":[{"embeddable":true,"href":"https:\/\/blogs.uni-paderborn.de\/campuslauf\/wp-json\/wp\/v2\/comments?post=8884"}],"version-history":[{"count":10,"href":"https:\/\/blogs.uni-paderborn.de\/campuslauf\/wp-json\/wp\/v2\/pages\/8884\/revisions"}],"predecessor-version":[{"id":9479,"href":"https:\/\/blogs.uni-paderborn.de\/campuslauf\/wp-json\/wp\/v2\/pages\/8884\/revisions\/9479"}],"wp:attachment":[{"href":"https:\/\/blogs.uni-paderborn.de\/campuslauf\/wp-json\/wp\/v2\/media?parent=8884"}],"curies":[{"name":"wp","href":"https:\/\/api.w.org\/{rel}","templated":true}]}}