{"id":551,"date":"2013-04-29T15:27:40","date_gmt":"2013-04-29T13:27:40","guid":{"rendered":"http:\/\/blogs.uni-paderborn.de\/campuslauf\/?page_id=551"},"modified":"2013-05-15T13:05:54","modified_gmt":"2013-05-15T11:05:54","slug":"campuslauf-2011","status":"publish","type":"page","link":"https:\/\/blogs.uni-paderborn.de\/campuslauf\/fotos\/campuslauf-2011\/","title":{"rendered":"Campuslauf 2011"},"content":{"rendered":"<p>&#8222;Der erste Campuslauf der Universit\u00e4t Paderborn war ein voller Erfolg. Das Uni-Gel\u00e4nde verwandelte sich am Mittwoch, 6. Juli, zum Anlaufpunkt f\u00fcr L\u00e4ufer und Zuschauer, die ein unterhaltsames Rahmenprogramm erleben durften.\u00a0237 Sportler schn\u00fcrten ihre Laufschuhe und erlebten die Hochschule von einer anderen Seite. 53 von ihnen nahmen am 5 km Lauf teil, 72 am 10 km Lauf. Beim Staffellauf traten insgesamt 28 Mannschaften\u00a0\u00e0 vier Personen gegeneinander an.&#8220;<\/p>\n<p>&nbsp;<\/p>\n<ul>\n<li><img loading=\"lazy\" decoding=\"async\" alt=\"1 von\" src=\"http:\/\/blogs.uni-paderborn.de\/campuslauf\/files\/2013\/04\/IMG_00461-150x150.jpg\" width=\"150\" height=\"150\" \/>\u00a0\u00a0\u00a0\u00a0 <img loading=\"lazy\" decoding=\"async\" alt=\"IMG_0060\" src=\"http:\/\/blogs.uni-paderborn.de\/campuslauf\/files\/2013\/04\/IMG_00601-150x150.jpg\" width=\"150\" height=\"150\" \/><\/li>\n<\/ul>\n<p>Mit freundlicher Unterst\u00fctzung zur Verf\u00fcgung gestellt von<br \/>\nPatrick Kleibold, Referat Presse und Kommunikation.<\/p>\n<p>Weitere Impressionen zum Campuslauf 2011 gibt es in der <a href=\"http:\/\/groups.uni-paderborn.de\/gallery\/index.php\/Campuslauf2011\">Bildergalerie<\/a> der Universit\u00e4t zu sehen!<\/p>\n<div class=\"twoclick_social_bookmarks_post_551 social_share_privacy clearfix 1.6.4 locale-de_DE sprite-de_DE\"><\/div><div class=\"twoclick-js\"><script type=\"text\/javascript\">\/* <![CDATA[ *\/\njQuery(document).ready(function($){if($('.twoclick_social_bookmarks_post_551')){$('.twoclick_social_bookmarks_post_551').socialSharePrivacy({\"services\":{\"facebook\":{\"status\":\"on\",\"txt_info\":\"2 Klicks f\\u00fcr mehr Datenschutz: Erst wenn Sie hier klicken, wird der Button aktiv und Sie k\\u00f6nnen Ihre Empfehlung an Facebook senden. Schon beim Aktivieren werden Daten an Dritte \\u00fcbertragen - siehe <em>i<\\\/em>.\",\"perma_option\":\"off\",\"action\":\"recommend\",\"language\":\"de_DE\"}},\"txt_help\":\"Wenn Sie diese Felder durch einen Klick aktivieren, werden Informationen an Facebook, Twitter, Flattr, Xing, t3n, LinkedIn, Pinterest oder Google eventuell ins Ausland \\u00fcbertragen und unter Umst\\u00e4nden auch dort gespeichert. N\\u00e4heres erfahren Sie durch einen Klick auf das <em>i<\\\/em>.\",\"settings_perma\":\"Dauerhaft aktivieren und Daten\\u00fcber-tragung zustimmen:\",\"info_link\":\"http:\\\/\\\/www.heise.de\\\/ct\\\/artikel\\\/2-Klicks-fuer-mehr-Datenschutz-1333879.html\",\"uri\":\"https:\\\/\\\/blogs.uni-paderborn.de\\\/campuslauf\\\/fotos\\\/campuslauf-2011\\\/\",\"post_id\":551,\"post_title_referrer_track\":\"Campuslauf+2011\",\"display_infobox\":\"on\"});}});\n\/* ]]> *\/<\/script><\/div>","protected":false},"excerpt":{"rendered":"<p>&#8222;Der erste Campuslauf der Universit\u00e4t Paderborn war ein voller Erfolg. Das Uni-Gel\u00e4nde verwandelte sich am Mittwoch, 6. Juli, zum Anlaufpunkt f\u00fcr L\u00e4ufer und Zuschauer, die ein unterhaltsames Rahmenprogramm erleben durften.\u00a0237 Sportler schn\u00fcrten ihre Laufschuhe und erlebten die Hochschule von einer &hellip; <a href=\"https:\/\/blogs.uni-paderborn.de\/campuslauf\/fotos\/campuslauf-2011\/\">Weiterlesen <span class=\"meta-nav\">&rarr;<\/span><\/a><\/p>\n","protected":false},"author":3301,"featured_media":0,"parent":531,"menu_order":1,"comment_status":"closed","ping_status":"open","template":"","meta":{"footnotes":""},"class_list":["post-551","page","type-page","status-publish","hentry"],"_links":{"self":[{"href":"https:\/\/blogs.uni-paderborn.de\/campuslauf\/wp-json\/wp\/v2\/pages\/551","targetHints":{"allow":["GET"]}}],"collection":[{"href":"https:\/\/blogs.uni-paderborn.de\/campuslauf\/wp-json\/wp\/v2\/pages"}],"about":[{"href":"https:\/\/blogs.uni-paderborn.de\/campuslauf\/wp-json\/wp\/v2\/types\/page"}],"author":[{"embeddable":true,"href":"https:\/\/blogs.uni-paderborn.de\/campuslauf\/wp-json\/wp\/v2\/users\/3301"}],"replies":[{"embeddable":true,"href":"https:\/\/blogs.uni-paderborn.de\/campuslauf\/wp-json\/wp\/v2\/comments?post=551"}],"version-history":[{"count":8,"href":"https:\/\/blogs.uni-paderborn.de\/campuslauf\/wp-json\/wp\/v2\/pages\/551\/revisions"}],"predecessor-version":[{"id":1971,"href":"https:\/\/blogs.uni-paderborn.de\/campuslauf\/wp-json\/wp\/v2\/pages\/551\/revisions\/1971"}],"up":[{"embeddable":true,"href":"https:\/\/blogs.uni-paderborn.de\/campuslauf\/wp-json\/wp\/v2\/pages\/531"}],"wp:attachment":[{"href":"https:\/\/blogs.uni-paderborn.de\/campuslauf\/wp-json\/wp\/v2\/media?parent=551"}],"curies":[{"name":"wp","href":"https:\/\/api.w.org\/{rel}","templated":true}]}}