{"id":411,"date":"2013-04-29T15:21:40","date_gmt":"2013-04-29T13:21:40","guid":{"rendered":"http:\/\/blogs.uni-paderborn.de\/campuslauf\/?page_id=411"},"modified":"2019-04-16T15:52:00","modified_gmt":"2019-04-16T13:52:00","slug":"allgemeine-infos","status":"publish","type":"page","link":"https:\/\/blogs.uni-paderborn.de\/campuslauf\/allgemeine-infos\/","title":{"rendered":"Allgemeine Infos"},"content":{"rendered":"<p><strong>Allgemeine Informationen 2019<\/strong><\/p>\n<p><strong>8. Campuslauf der Universit\u00e4t Paderborn am 26.06.2019<\/strong><\/p>\n<p>Am 26. Juni ist es wieder soweit: Auf dem 2,5 km langen Rundkurs \u00fcber den Campus der Universit\u00e4t Paderborn werden wieder zahlreiche Studierende und Mitarbeitende als L\u00e4uferinnen und L\u00e4ufer ihr K\u00f6nnen unter Beweis stellen. Organisiert wird der Campuslauf von Studierenden des Seminars \u201eSport- und Eventmanagement\u201c aus dem BA-Studiengang \u201eAngewandte Sportwissenschaft\u201c \u00a0zusammen mit dem Hochschulsport.<\/p>\n<p>Die Teilnehmerinnen und Teilnehmer k\u00f6nnen zwischen einem 5 km-Lauf und einem 10 km-Lauf w\u00e4hlen. Auch wieder dabei ist der Teamwettbewerb (4 x 2,5 km). Nach der gro\u00dfen Resonanz in den Vorjahren gibt es auch diesmal wieder die Bambini-L\u00e4ufe f\u00fcr Kinder bis 10 Jahre. F\u00fcr die Kleineren geht der Lauf \u00fcber die halbe Stadionrunde (ca. 250 m), die Gr\u00f6\u00dferen laufen auf einer verk\u00fcrzten Runde der Originalstrecke (ca. 900 m). Neben den sportlichen Wettk\u00e4mpfen, wird auch ein attraktives Rahmenprogramm geboten, so dass es sich auch f\u00fcr Zuschauer lohnt, an diesem Tag zum Campuslauf zu kommen.<\/p>\n<p>Anmeldungen werden auf der Internetseite des Hochschulsports bis Sonntag, 23.06.19, 24:00 Uhr entgegen genommen: <a href=\"http:\/\/www.buchsys.de\/paderborn\/angebote\/aktueller_zeitraum\/_Campuslauf.html\">http:\/\/www.buchsys.de\/paderborn\/angebote\/aktueller_zeitraum\/_Campuslauf.html<\/a><\/p>\n<p><strong>Nachmeldungen<\/strong> sind begrenzt am Tag des Campuslaufs (26.06.19) gegen eine erh\u00f6hte Meldegeb\u00fchr bis 30 Minuten vor dem jeweiligen Lauf noch m\u00f6glich. Das Anmeldeb\u00fcro ist auf dem Sportplatz und ab 15:00 Uhr ge\u00f6ffnet.<\/p>\n<p>Die Teilnahme an den Bambini-L\u00e4ufen ist kostenlos. Um eine formlose Anmeldung (Angabe von Name, Geschlecht und Altersklasse bzw. Laufstrecke) per Email <a href=\"mailto:campuslauf@uni-paderborn.de\">campuslauf@uni-paderborn.de<\/a>) wird gebeten.<\/p>\n<p>Weitere aktuelle und detaillierte Informationen zum Campuslauf \u00a0finden sich auch auf der offiziellen Facebookseite (<a href=\"https:\/\/www.facebook.com\/UPBCL\">https:\/\/www.facebook.com\/UPBCL<\/a>).<\/p>\n<p>&nbsp;<\/p>\n<p><a href=\"http:\/\/blogs.uni-paderborn.de\/campuslauf\/files\/2013\/04\/11131917_1047780788570107_1430276691_n.jpg\">\u00a0<\/a><\/p>\n<div class=\"twoclick_social_bookmarks_post_411 social_share_privacy clearfix 1.6.4 locale-de_DE sprite-de_DE\"><\/div><div class=\"twoclick-js\"><script type=\"text\/javascript\">\/* <![CDATA[ *\/\njQuery(document).ready(function($){if($('.twoclick_social_bookmarks_post_411')){$('.twoclick_social_bookmarks_post_411').socialSharePrivacy({\"services\":{\"facebook\":{\"status\":\"on\",\"txt_info\":\"2 Klicks f\\u00fcr mehr Datenschutz: Erst wenn Sie hier klicken, wird der Button aktiv und Sie k\\u00f6nnen Ihre Empfehlung an Facebook senden. Schon beim Aktivieren werden Daten an Dritte \\u00fcbertragen - siehe <em>i<\\\/em>.\",\"perma_option\":\"off\",\"action\":\"recommend\",\"language\":\"de_DE\"}},\"txt_help\":\"Wenn Sie diese Felder durch einen Klick aktivieren, werden Informationen an Facebook, Twitter, Flattr, Xing, t3n, LinkedIn, Pinterest oder Google eventuell ins Ausland \\u00fcbertragen und unter Umst\\u00e4nden auch dort gespeichert. N\\u00e4heres erfahren Sie durch einen Klick auf das <em>i<\\\/em>.\",\"settings_perma\":\"Dauerhaft aktivieren und Daten\\u00fcber-tragung zustimmen:\",\"info_link\":\"http:\\\/\\\/www.heise.de\\\/ct\\\/artikel\\\/2-Klicks-fuer-mehr-Datenschutz-1333879.html\",\"uri\":\"https:\\\/\\\/blogs.uni-paderborn.de\\\/campuslauf\\\/allgemeine-infos\\\/\",\"post_id\":411,\"post_title_referrer_track\":\"Allgemeine+Infos\",\"display_infobox\":\"on\"});}});\n\/* ]]> *\/<\/script><\/div>","protected":false},"excerpt":{"rendered":"<p>Allgemeine Informationen 2019 8. Campuslauf der Universit\u00e4t Paderborn am 26.06.2019 Am 26. Juni ist es wieder soweit: Auf dem 2,5 km langen Rundkurs \u00fcber den Campus der Universit\u00e4t Paderborn werden wieder zahlreiche Studierende und Mitarbeitende als L\u00e4uferinnen und L\u00e4ufer ihr &hellip; <a href=\"https:\/\/blogs.uni-paderborn.de\/campuslauf\/allgemeine-infos\/\">Weiterlesen <span class=\"meta-nav\">&rarr;<\/span><\/a><\/p>\n","protected":false},"author":3301,"featured_media":0,"parent":0,"menu_order":1,"comment_status":"closed","ping_status":"closed","template":"","meta":{"footnotes":""},"class_list":["post-411","page","type-page","status-publish","hentry"],"_links":{"self":[{"href":"https:\/\/blogs.uni-paderborn.de\/campuslauf\/wp-json\/wp\/v2\/pages\/411","targetHints":{"allow":["GET"]}}],"collection":[{"href":"https:\/\/blogs.uni-paderborn.de\/campuslauf\/wp-json\/wp\/v2\/pages"}],"about":[{"href":"https:\/\/blogs.uni-paderborn.de\/campuslauf\/wp-json\/wp\/v2\/types\/page"}],"author":[{"embeddable":true,"href":"https:\/\/blogs.uni-paderborn.de\/campuslauf\/wp-json\/wp\/v2\/users\/3301"}],"replies":[{"embeddable":true,"href":"https:\/\/blogs.uni-paderborn.de\/campuslauf\/wp-json\/wp\/v2\/comments?post=411"}],"version-history":[{"count":32,"href":"https:\/\/blogs.uni-paderborn.de\/campuslauf\/wp-json\/wp\/v2\/pages\/411\/revisions"}],"predecessor-version":[{"id":9539,"href":"https:\/\/blogs.uni-paderborn.de\/campuslauf\/wp-json\/wp\/v2\/pages\/411\/revisions\/9539"}],"wp:attachment":[{"href":"https:\/\/blogs.uni-paderborn.de\/campuslauf\/wp-json\/wp\/v2\/media?parent=411"}],"curies":[{"name":"wp","href":"https:\/\/api.w.org\/{rel}","templated":true}]}}