{"id":391,"date":"2013-04-29T15:21:10","date_gmt":"2013-04-29T13:21:10","guid":{"rendered":"http:\/\/blogs.uni-paderborn.de\/campuslauf\/?page_id=391"},"modified":"2022-01-23T17:26:56","modified_gmt":"2022-01-23T15:26:56","slug":"impressum","status":"publish","type":"page","link":"https:\/\/blogs.uni-paderborn.de\/campuslauf\/impressum\/","title":{"rendered":"Impressum"},"content":{"rendered":"<p>Universit\u00e4t Paderborn<br \/>\n&#8211; Hochschulsport &#8211;<br \/>\nHochschulsportservice (SP2 1.229)<br \/>\nWarburger Str. 100<br \/>\n33098 Paderborn<\/p>\n<p>Seminar: \u201eEinf\u00fchrung in das Sport- und Eventmanagement\u201c<br \/>\n(Angewandte Sportwissenschaft)<br \/>\nLeitung: Dr. Lars Riedl<br \/>\nStudentische Autoren: D. Nohe, L. Marten<\/p>\n<p>Email: campuslauf@uni-paderborn.de<\/p>\n<p>Haftungsausschluss: Trotz sorgf\u00e4ltiger inhaltlicher Kontrolle \u00fcbernehmen wir keine Haftung f\u00fcr die Inhalte externer Links. Sie stellen kein Angebot des Campuslaufs der Universit\u00e4t Paderborn dar. F\u00fcr den Inhalt der verlinkten Seiten sind ausschlie\u00dflich deren Betreiber verantwortlich. Die Organisatoren des Campuslaufes distanzieren sich ausdr\u00fccklich von den Inhalten und machen sich diese in keinster Weise zu Eigen.<\/p>\n<div class=\"twoclick_social_bookmarks_post_391 social_share_privacy clearfix 1.6.4 locale-de_DE sprite-de_DE\"><\/div><div class=\"twoclick-js\"><script type=\"text\/javascript\">\/* <![CDATA[ *\/\njQuery(document).ready(function($){if($('.twoclick_social_bookmarks_post_391')){$('.twoclick_social_bookmarks_post_391').socialSharePrivacy({\"services\":{\"facebook\":{\"status\":\"on\",\"txt_info\":\"2 Klicks f\\u00fcr mehr Datenschutz: Erst wenn Sie hier klicken, wird der Button aktiv und Sie k\\u00f6nnen Ihre Empfehlung an Facebook senden. Schon beim Aktivieren werden Daten an Dritte \\u00fcbertragen - siehe <em>i<\\\/em>.\",\"perma_option\":\"off\",\"action\":\"recommend\",\"language\":\"de_DE\"}},\"txt_help\":\"Wenn Sie diese Felder durch einen Klick aktivieren, werden Informationen an Facebook, Twitter, Flattr, Xing, t3n, LinkedIn, Pinterest oder Google eventuell ins Ausland \\u00fcbertragen und unter Umst\\u00e4nden auch dort gespeichert. N\\u00e4heres erfahren Sie durch einen Klick auf das <em>i<\\\/em>.\",\"settings_perma\":\"Dauerhaft aktivieren und Daten\\u00fcber-tragung zustimmen:\",\"info_link\":\"http:\\\/\\\/www.heise.de\\\/ct\\\/artikel\\\/2-Klicks-fuer-mehr-Datenschutz-1333879.html\",\"uri\":\"https:\\\/\\\/blogs.uni-paderborn.de\\\/campuslauf\\\/impressum\\\/\",\"post_id\":391,\"post_title_referrer_track\":\"Impressum\",\"display_infobox\":\"on\"});}});\n\/* ]]> *\/<\/script><\/div>","protected":false},"excerpt":{"rendered":"<p>Universit\u00e4t Paderborn &#8211; Hochschulsport &#8211; Hochschulsportservice (SP2 1.229) Warburger Str. 100 33098 Paderborn Seminar: \u201eEinf\u00fchrung in das Sport- und Eventmanagement\u201c (Angewandte Sportwissenschaft) Leitung: Dr. Lars Riedl Studentische Autoren: D. Nohe, L. Marten Email: campuslauf@uni-paderborn.de Haftungsausschluss: Trotz sorgf\u00e4ltiger inhaltlicher Kontrolle \u00fcbernehmen &hellip; <a href=\"https:\/\/blogs.uni-paderborn.de\/campuslauf\/impressum\/\">Weiterlesen <span class=\"meta-nav\">&rarr;<\/span><\/a><\/p>\n","protected":false},"author":9168,"featured_media":0,"parent":0,"menu_order":99,"comment_status":"closed","ping_status":"closed","template":"","meta":{"footnotes":""},"class_list":["post-391","page","type-page","status-publish","hentry"],"_links":{"self":[{"href":"https:\/\/blogs.uni-paderborn.de\/campuslauf\/wp-json\/wp\/v2\/pages\/391","targetHints":{"allow":["GET"]}}],"collection":[{"href":"https:\/\/blogs.uni-paderborn.de\/campuslauf\/wp-json\/wp\/v2\/pages"}],"about":[{"href":"https:\/\/blogs.uni-paderborn.de\/campuslauf\/wp-json\/wp\/v2\/types\/page"}],"author":[{"embeddable":true,"href":"https:\/\/blogs.uni-paderborn.de\/campuslauf\/wp-json\/wp\/v2\/users\/9168"}],"replies":[{"embeddable":true,"href":"https:\/\/blogs.uni-paderborn.de\/campuslauf\/wp-json\/wp\/v2\/comments?post=391"}],"version-history":[{"count":22,"href":"https:\/\/blogs.uni-paderborn.de\/campuslauf\/wp-json\/wp\/v2\/pages\/391\/revisions"}],"predecessor-version":[{"id":9540,"href":"https:\/\/blogs.uni-paderborn.de\/campuslauf\/wp-json\/wp\/v2\/pages\/391\/revisions\/9540"}],"wp:attachment":[{"href":"https:\/\/blogs.uni-paderborn.de\/campuslauf\/wp-json\/wp\/v2\/media?parent=391"}],"curies":[{"name":"wp","href":"https:\/\/api.w.org\/{rel}","templated":true}]}}