{"id":2411,"date":"2013-05-27T22:32:05","date_gmt":"2013-05-27T20:32:05","guid":{"rendered":"http:\/\/blogs.uni-paderborn.de\/campuslauf\/?page_id=2411"},"modified":"2019-05-03T18:56:55","modified_gmt":"2019-05-03T16:56:55","slug":"pressetext","status":"publish","type":"page","link":"https:\/\/blogs.uni-paderborn.de\/campuslauf\/allgemeine-infos\/pressetext\/","title":{"rendered":"Pressetext"},"content":{"rendered":"<p><strong>Der 8. TK-Campuslauf der Universit\u00e4t Paderborn findet am 26.06.2019 statt<\/strong><\/p>\n<p>Am Mittwoch, dem 26. Juni 2019, ist es wieder soweit: Auf dem 2,5 km langen Rundkurs \u00fcber den Campus der Universit\u00e4t Paderborn k\u00f6nnen wieder die Studierende und Mitarbeitende ihr K\u00f6nnen als L\u00e4uferinnen und L\u00e4ufer unter Beweis stellen. Das Event findet in diesem Jahr bereits zum 8. Mal statt. Organisiert wird der TK-Campuslauf von Studierenden des Seminars \u201eSport- und Eventmanagement\u201c aus dem BA-Studiengang \u201eAngewandte Sportwissenschaft\u201c und dem Hochschulsport.<\/p>\n<p>Alle sind herzlich eingeladen: von Gelegenheitsl\u00e4ufern, die mal gem\u00fctlich \u00fcber den Campus laufen wollen, bis hin zu ambitionierten L\u00e4ufern, die auf Bestzeiten oder einen Podiumsplatz aus sind. Der TK-Campuslauf bietet f\u00fcr jeden den passenden Wettbewerb: Denn die Teilnehmerinnen und Teilnehmer k\u00f6nnen zwischen einem 5 km-Lauf und einem 10 km-Lauf w\u00e4hlen. Auch den Staffel-Wettbewerb (4 x 2,5 km) wird es wieder geben, bei dem man in einer Frauen-, einer M\u00e4nner- oder einer Mixed-Staffel antreten kann. Der gemeinsame Spa\u00df am Laufen soll nat\u00fcrlich im Vordergrund stehen, doch durch einen Chip am Schuh kann auch die genaue Netto-Laufzeit der Teilnehmer bestimmt werden.<\/p>\n<p>Geehrt werden beim diesj\u00e4hrigen TK-Campuslauf nicht nur die L\u00e4uferinnen und L\u00e4ufer mit den schnellsten Beinen, sondern auch die kreativen K\u00f6pfe k\u00f6nnen gewinnen! Denn es wird zus\u00e4tzlich der witzigste Staffel-Teamnamen gek\u00fcrt.<\/p>\n<p>F\u00fcr den Universit\u00e4tsnachwuchs, also f\u00fcr die Kinder (im Alter von 3 bis 10 Jahre) von Studierenden und Mitarbeitern finden wieder die Bambini-L\u00e4ufe statt. F\u00fcr die J\u00fcngeren geht der Lauf \u00fcber die halbe Stadionrunde (ca. 250 m), die \u00c4lteren laufen auf einer verk\u00fcrzten Runde der Originalstrecke (ca. 950 m). Jedes Kind darf sich nach dem Zieleinlauf \u00fcber eine Medaille freuen. Die Teilnahme an den Bambini-L\u00e4ufen ist kostenlos. Um besser planen zu k\u00f6nnen, bitten wir dennoch um eine Anmeldung. Entweder formlos per Mail (<a href=\"mailto:campuslauf@uni-paderborn.de\">campuslauf@uni-paderborn.de<\/a>) oder \u00fcber das Buchungssystem des Hochschulsports (s.u.).<\/p>\n<p>Aber auch das Zuschauen lohnt sich beim diesj\u00e4hrigen Campuslauf! Neben den sportlichen Wettk\u00e4mpfen wird es ein attraktives Rahmenprogramm geben. Verschiedene Hochschulsportgruppen werden auftreten, zudem gibt es f\u00fcr unsere j\u00fcngsten L\u00e4ufer in diesem Jahr wieder eine H\u00fcpfburg. Weitere Programmpunkte werden in K\u00fcrze bekannt gegeben. F\u00fcr das leibliche Wohl und die passende musikalische Untermalung ist vorgesorgt.<\/p>\n<p><strong>Ablauf:<\/strong><\/p>\n<p>16:30 Uhr Start Bambini-L\u00e4ufe<\/p>\n<p>17:00 Uhr Start 5-km-Lauf<\/p>\n<p>18:00 Uhr Start 10-km-Lauf<\/p>\n<p>19:30 Uhr Start des Staffellaufs (4 x 2,5 km)<\/p>\n<p>Anmeldungen bis zum 23. Juni 2019 beim Hochschulsport unter:<\/p>\n<p><a href=\"https:\/\/www.buchsys.de\/paderborn\/angebote\/aktueller_zeitraum\/_Campuslauf.html\">https:\/\/www.buchsys.de\/paderborn\/angebote\/aktueller_zeitraum\/_Campuslauf.html<\/a><\/p>\n<p>Aktuelle Informationen zum TK-Campuslauf finden sich auf seiner Homepage, sowie auf Facebook und Instagram:<\/p>\n<p><a href=\"https:\/\/blogs.uni-paderborn.de\/campuslauf\/\">https:\/\/blogs.uni-paderborn.de\/campuslauf\/<\/a><\/p>\n<p><a href=\"https:\/\/www.facebook.com\/UPBCL\">https:\/\/www.facebook.com\/UPBCL<\/a><\/p>\n<p><a href=\"https:\/\/www.instagram.com\/tkcampuslaufupb\/\">https:\/\/www.instagram.com\/tkcampuslaufupb\/<\/a><\/p>\n<div class=\"twoclick_social_bookmarks_post_2411 social_share_privacy clearfix 1.6.4 locale-de_DE sprite-de_DE\"><\/div><div class=\"twoclick-js\"><script type=\"text\/javascript\">\/* <![CDATA[ *\/\njQuery(document).ready(function($){if($('.twoclick_social_bookmarks_post_2411')){$('.twoclick_social_bookmarks_post_2411').socialSharePrivacy({\"services\":{\"facebook\":{\"status\":\"on\",\"txt_info\":\"2 Klicks f\\u00fcr mehr Datenschutz: Erst wenn Sie hier klicken, wird der Button aktiv und Sie k\\u00f6nnen Ihre Empfehlung an Facebook senden. Schon beim Aktivieren werden Daten an Dritte \\u00fcbertragen - siehe <em>i<\\\/em>.\",\"perma_option\":\"off\",\"action\":\"recommend\",\"language\":\"de_DE\"}},\"txt_help\":\"Wenn Sie diese Felder durch einen Klick aktivieren, werden Informationen an Facebook, Twitter, Flattr, Xing, t3n, LinkedIn, Pinterest oder Google eventuell ins Ausland \\u00fcbertragen und unter Umst\\u00e4nden auch dort gespeichert. N\\u00e4heres erfahren Sie durch einen Klick auf das <em>i<\\\/em>.\",\"settings_perma\":\"Dauerhaft aktivieren und Daten\\u00fcber-tragung zustimmen:\",\"info_link\":\"http:\\\/\\\/www.heise.de\\\/ct\\\/artikel\\\/2-Klicks-fuer-mehr-Datenschutz-1333879.html\",\"uri\":\"https:\\\/\\\/blogs.uni-paderborn.de\\\/campuslauf\\\/allgemeine-infos\\\/pressetext\\\/\",\"post_id\":2411,\"post_title_referrer_track\":\"Pressetext\",\"display_infobox\":\"on\"});}});\n\/* ]]> *\/<\/script><\/div>","protected":false},"excerpt":{"rendered":"<p>Der 8. TK-Campuslauf der Universit\u00e4t Paderborn findet am 26.06.2019 statt Am Mittwoch, dem 26. Juni 2019, ist es wieder soweit: Auf dem 2,5 km langen Rundkurs \u00fcber den Campus der Universit\u00e4t Paderborn k\u00f6nnen wieder die Studierende und Mitarbeitende ihr K\u00f6nnen &hellip; <a href=\"https:\/\/blogs.uni-paderborn.de\/campuslauf\/allgemeine-infos\/pressetext\/\">Weiterlesen <span class=\"meta-nav\">&rarr;<\/span><\/a><\/p>\n","protected":false},"author":3321,"featured_media":0,"parent":411,"menu_order":1,"comment_status":"closed","ping_status":"closed","template":"","meta":{"footnotes":""},"class_list":["post-2411","page","type-page","status-publish","hentry"],"_links":{"self":[{"href":"https:\/\/blogs.uni-paderborn.de\/campuslauf\/wp-json\/wp\/v2\/pages\/2411","targetHints":{"allow":["GET"]}}],"collection":[{"href":"https:\/\/blogs.uni-paderborn.de\/campuslauf\/wp-json\/wp\/v2\/pages"}],"about":[{"href":"https:\/\/blogs.uni-paderborn.de\/campuslauf\/wp-json\/wp\/v2\/types\/page"}],"author":[{"embeddable":true,"href":"https:\/\/blogs.uni-paderborn.de\/campuslauf\/wp-json\/wp\/v2\/users\/3321"}],"replies":[{"embeddable":true,"href":"https:\/\/blogs.uni-paderborn.de\/campuslauf\/wp-json\/wp\/v2\/comments?post=2411"}],"version-history":[{"count":36,"href":"https:\/\/blogs.uni-paderborn.de\/campuslauf\/wp-json\/wp\/v2\/pages\/2411\/revisions"}],"predecessor-version":[{"id":9392,"href":"https:\/\/blogs.uni-paderborn.de\/campuslauf\/wp-json\/wp\/v2\/pages\/2411\/revisions\/9392"}],"up":[{"embeddable":true,"href":"https:\/\/blogs.uni-paderborn.de\/campuslauf\/wp-json\/wp\/v2\/pages\/411"}],"wp:attachment":[{"href":"https:\/\/blogs.uni-paderborn.de\/campuslauf\/wp-json\/wp\/v2\/media?parent=2411"}],"curies":[{"name":"wp","href":"https:\/\/api.w.org\/{rel}","templated":true}]}}