{"id":2081,"date":"2013-05-22T16:25:12","date_gmt":"2013-05-22T14:25:12","guid":{"rendered":"http:\/\/blogs.uni-paderborn.de\/campuslauf\/?page_id=2081"},"modified":"2020-01-26T20:41:54","modified_gmt":"2020-01-26T18:41:54","slug":"disziplinen","status":"publish","type":"page","link":"https:\/\/blogs.uni-paderborn.de\/campuslauf\/allgemeine-infos\/disziplinen\/","title":{"rendered":"Disziplinen"},"content":{"rendered":"<p><strong>Wettbewerbe 2020<\/strong><\/p>\n<p>Einzell\u00e4ufe:<\/p>\n<ul>\n<li>5 km (2 Runden) Start 17:00 Uhr<\/li>\n<li>10 km (4 Runden) Start 18:00 Uhr<\/li>\n<li>Startgeb\u00fchr jeweils\u00a06 \u20ac pro Teilnehmer<\/li>\n<li>Siegerehrung jeweils im Anschluss<\/li>\n<\/ul>\n<p>Staffel:<\/p>\n<ul>\n<li>4 Personen pro Staffel<\/li>\n<li><span style=\"line-height: 15px\">4 x 2,5 km (4 Runden)<\/span><\/li>\n<li>Staffel M\u00e4nner \/ Staffel Frauen \/ Staffel Mixed (2 Frauen &amp; 2 M\u00e4nner)<\/li>\n<li>Startgeb\u00fchr 16 \u20ac pro Team<\/li>\n<li>Start: 19:30 Uhr<\/li>\n<li>Siegerehrung im Anschluss<\/li>\n<\/ul>\n<p>Bambini-L\u00e4ufe:<\/p>\n<ul>\n<li>250 m: Kinder (3-6 Jahre), Start 16:30 Uhr<\/li>\n<li>950 m: Kinder (7-10 Jahre), Start 16:30 Uhr<\/li>\n<li>Teilnahme kostenlos<\/li>\n<li>formlose Anmeldung (Angabe von Name, Geschlecht und Altersklasse bzw. Laufstrecke) per Email an\u00a0<a href=\"mailto:campuslauf@uni-paderborn.de\">campuslauf@uni-paderborn.de<\/a>)<\/li>\n<\/ul>\n<p>Anmeldungen werden auf der Internetseite des Hochschulsports bis Sonntag, 07.06.20, 24:00 Uhr entgegen genommen: <a href=\"http:\/\/www.buchsys.de\/paderborn\/angebote\/aktueller_zeitraum\/_Campuslauf.html\">http:\/\/www.buchsys.de\/paderborn\/angebote\/aktueller_zeitraum\/_Campuslauf.html<\/a><\/p>\n<p><strong>Nachmeldungen<\/strong> sind begrenzt am Tag des Campuslaufs (09.06.20) gegen eine erh\u00f6hte Meldegeb\u00fchr bis 30 Minuten vor dem jeweiligen Lauf m\u00f6glich. Das Anmeldeb\u00fcro befindet sich auf dem Sportplatz und ist ab 15:00 Uhr ge\u00f6ffnet.<\/p>\n<div class=\"twoclick_social_bookmarks_post_2081 social_share_privacy clearfix 1.6.4 locale-de_DE sprite-de_DE\"><\/div><div class=\"twoclick-js\"><script type=\"text\/javascript\">\/* <![CDATA[ *\/\njQuery(document).ready(function($){if($('.twoclick_social_bookmarks_post_2081')){$('.twoclick_social_bookmarks_post_2081').socialSharePrivacy({\"services\":{\"facebook\":{\"status\":\"on\",\"txt_info\":\"2 Klicks f\\u00fcr mehr Datenschutz: Erst wenn Sie hier klicken, wird der Button aktiv und Sie k\\u00f6nnen Ihre Empfehlung an Facebook senden. Schon beim Aktivieren werden Daten an Dritte \\u00fcbertragen - siehe <em>i<\\\/em>.\",\"perma_option\":\"off\",\"action\":\"recommend\",\"language\":\"de_DE\"}},\"txt_help\":\"Wenn Sie diese Felder durch einen Klick aktivieren, werden Informationen an Facebook, Twitter, Flattr, Xing, t3n, LinkedIn, Pinterest oder Google eventuell ins Ausland \\u00fcbertragen und unter Umst\\u00e4nden auch dort gespeichert. N\\u00e4heres erfahren Sie durch einen Klick auf das <em>i<\\\/em>.\",\"settings_perma\":\"Dauerhaft aktivieren und Daten\\u00fcber-tragung zustimmen:\",\"info_link\":\"http:\\\/\\\/www.heise.de\\\/ct\\\/artikel\\\/2-Klicks-fuer-mehr-Datenschutz-1333879.html\",\"uri\":\"https:\\\/\\\/blogs.uni-paderborn.de\\\/campuslauf\\\/allgemeine-infos\\\/disziplinen\\\/\",\"post_id\":2081,\"post_title_referrer_track\":\"Disziplinen\",\"display_infobox\":\"on\"});}});\n\/* ]]> *\/<\/script><\/div>","protected":false},"excerpt":{"rendered":"<p>Wettbewerbe 2020 Einzell\u00e4ufe: 5 km (2 Runden) Start 17:00 Uhr 10 km (4 Runden) Start 18:00 Uhr Startgeb\u00fchr jeweils\u00a06 \u20ac pro Teilnehmer Siegerehrung jeweils im Anschluss Staffel: 4 Personen pro Staffel 4 x 2,5 km (4 Runden) Staffel M\u00e4nner \/ &hellip; <a href=\"https:\/\/blogs.uni-paderborn.de\/campuslauf\/allgemeine-infos\/disziplinen\/\">Weiterlesen <span class=\"meta-nav\">&rarr;<\/span><\/a><\/p>\n","protected":false},"author":3291,"featured_media":0,"parent":411,"menu_order":0,"comment_status":"closed","ping_status":"closed","template":"","meta":{"footnotes":""},"class_list":["post-2081","page","type-page","status-publish","hentry"],"_links":{"self":[{"href":"https:\/\/blogs.uni-paderborn.de\/campuslauf\/wp-json\/wp\/v2\/pages\/2081","targetHints":{"allow":["GET"]}}],"collection":[{"href":"https:\/\/blogs.uni-paderborn.de\/campuslauf\/wp-json\/wp\/v2\/pages"}],"about":[{"href":"https:\/\/blogs.uni-paderborn.de\/campuslauf\/wp-json\/wp\/v2\/types\/page"}],"author":[{"embeddable":true,"href":"https:\/\/blogs.uni-paderborn.de\/campuslauf\/wp-json\/wp\/v2\/users\/3291"}],"replies":[{"embeddable":true,"href":"https:\/\/blogs.uni-paderborn.de\/campuslauf\/wp-json\/wp\/v2\/comments?post=2081"}],"version-history":[{"count":28,"href":"https:\/\/blogs.uni-paderborn.de\/campuslauf\/wp-json\/wp\/v2\/pages\/2081\/revisions"}],"predecessor-version":[{"id":9502,"href":"https:\/\/blogs.uni-paderborn.de\/campuslauf\/wp-json\/wp\/v2\/pages\/2081\/revisions\/9502"}],"up":[{"embeddable":true,"href":"https:\/\/blogs.uni-paderborn.de\/campuslauf\/wp-json\/wp\/v2\/pages\/411"}],"wp:attachment":[{"href":"https:\/\/blogs.uni-paderborn.de\/campuslauf\/wp-json\/wp\/v2\/media?parent=2081"}],"curies":[{"name":"wp","href":"https:\/\/api.w.org\/{rel}","templated":true}]}}