{"id":1541,"date":"2013-05-15T12:08:13","date_gmt":"2013-05-15T10:08:13","guid":{"rendered":"http:\/\/blogs.uni-paderborn.de\/campuslauf\/?page_id=1541"},"modified":"2020-01-26T20:42:27","modified_gmt":"2020-01-26T18:42:27","slug":"zeitplanung","status":"publish","type":"page","link":"https:\/\/blogs.uni-paderborn.de\/campuslauf\/allgemeine-infos\/zeitplanung\/","title":{"rendered":"Zeitplan"},"content":{"rendered":"<ul>\n<li><strong>15:00: \u00a0Er\u00f6ffnung des Meldeb\u00fcros<\/strong>, Ausgabe der Starterbeutel und M\u00f6glichkeit der Nachmeldung<\/li>\n<li><strong>16:30: Start Bambini-L\u00e4ufe 250m und 950m<\/strong><\/li>\n<li><strong>17:00: Start 5-km Lauf<\/strong><\/li>\n<li><strong>18:00: Start 10-km Lauf<\/strong><\/li>\n<li><strong>19:30: Start Staffel 4 x 2,5 km<\/strong><\/li>\n<\/ul>\n<div class=\"twoclick_social_bookmarks_post_1541 social_share_privacy clearfix 1.6.4 locale-de_DE sprite-de_DE\"><\/div><div class=\"twoclick-js\"><script type=\"text\/javascript\">\/* <![CDATA[ *\/\njQuery(document).ready(function($){if($('.twoclick_social_bookmarks_post_1541')){$('.twoclick_social_bookmarks_post_1541').socialSharePrivacy({\"services\":{\"facebook\":{\"status\":\"on\",\"txt_info\":\"2 Klicks f\\u00fcr mehr Datenschutz: Erst wenn Sie hier klicken, wird der Button aktiv und Sie k\\u00f6nnen Ihre Empfehlung an Facebook senden. Schon beim Aktivieren werden Daten an Dritte \\u00fcbertragen - siehe <em>i<\\\/em>.\",\"perma_option\":\"off\",\"action\":\"recommend\",\"language\":\"de_DE\"}},\"txt_help\":\"Wenn Sie diese Felder durch einen Klick aktivieren, werden Informationen an Facebook, Twitter, Flattr, Xing, t3n, LinkedIn, Pinterest oder Google eventuell ins Ausland \\u00fcbertragen und unter Umst\\u00e4nden auch dort gespeichert. N\\u00e4heres erfahren Sie durch einen Klick auf das <em>i<\\\/em>.\",\"settings_perma\":\"Dauerhaft aktivieren und Daten\\u00fcber-tragung zustimmen:\",\"info_link\":\"http:\\\/\\\/www.heise.de\\\/ct\\\/artikel\\\/2-Klicks-fuer-mehr-Datenschutz-1333879.html\",\"uri\":\"https:\\\/\\\/blogs.uni-paderborn.de\\\/campuslauf\\\/allgemeine-infos\\\/zeitplanung\\\/\",\"post_id\":1541,\"post_title_referrer_track\":\"Zeitplan\",\"display_infobox\":\"on\"});}});\n\/* ]]> *\/<\/script><\/div>","protected":false},"excerpt":{"rendered":"<p>15:00: \u00a0Er\u00f6ffnung des Meldeb\u00fcros, Ausgabe der Starterbeutel und M\u00f6glichkeit der Nachmeldung 16:30: Start Bambini-L\u00e4ufe 250m und 950m 17:00: Start 5-km Lauf 18:00: Start 10-km Lauf 19:30: Start Staffel 4 x 2,5 km<\/p>\n","protected":false},"author":3301,"featured_media":0,"parent":411,"menu_order":0,"comment_status":"closed","ping_status":"closed","template":"","meta":{"footnotes":""},"class_list":["post-1541","page","type-page","status-publish","hentry"],"_links":{"self":[{"href":"https:\/\/blogs.uni-paderborn.de\/campuslauf\/wp-json\/wp\/v2\/pages\/1541","targetHints":{"allow":["GET"]}}],"collection":[{"href":"https:\/\/blogs.uni-paderborn.de\/campuslauf\/wp-json\/wp\/v2\/pages"}],"about":[{"href":"https:\/\/blogs.uni-paderborn.de\/campuslauf\/wp-json\/wp\/v2\/types\/page"}],"author":[{"embeddable":true,"href":"https:\/\/blogs.uni-paderborn.de\/campuslauf\/wp-json\/wp\/v2\/users\/3301"}],"replies":[{"embeddable":true,"href":"https:\/\/blogs.uni-paderborn.de\/campuslauf\/wp-json\/wp\/v2\/comments?post=1541"}],"version-history":[{"count":24,"href":"https:\/\/blogs.uni-paderborn.de\/campuslauf\/wp-json\/wp\/v2\/pages\/1541\/revisions"}],"predecessor-version":[{"id":9504,"href":"https:\/\/blogs.uni-paderborn.de\/campuslauf\/wp-json\/wp\/v2\/pages\/1541\/revisions\/9504"}],"up":[{"embeddable":true,"href":"https:\/\/blogs.uni-paderborn.de\/campuslauf\/wp-json\/wp\/v2\/pages\/411"}],"wp:attachment":[{"href":"https:\/\/blogs.uni-paderborn.de\/campuslauf\/wp-json\/wp\/v2\/media?parent=1541"}],"curies":[{"name":"wp","href":"https:\/\/api.w.org\/{rel}","templated":true}]}}