{"id":11,"date":"2013-04-23T10:24:57","date_gmt":"2013-04-23T08:24:57","guid":{"rendered":"http:\/\/blogs.uni-paderborn.de\/campuslauf\/?page_id=2"},"modified":"2018-05-31T20:54:57","modified_gmt":"2018-05-31T18:54:57","slug":"strecke","status":"publish","type":"page","link":"https:\/\/blogs.uni-paderborn.de\/campuslauf\/strecke\/","title":{"rendered":"Strecke"},"content":{"rendered":"<ul>\n<li>Die Strecke ist ein 2,5 km langer Rundkurs und findet ausschlie\u00dflich auf dem Campus der Universit\u00e4t statt.<\/li>\n<li>Start und Ziel befinden sich auf dem Sportplatz<\/li>\n<\/ul>\n<p><a href=\"https:\/\/blogs.uni-paderborn.de\/campuslauf\/files\/2013\/04\/Laufstrecke.png\"><img loading=\"lazy\" decoding=\"async\" class=\"alignnone size-medium wp-image-9090\" src=\"https:\/\/blogs.uni-paderborn.de\/campuslauf\/files\/2013\/04\/Laufstrecke-123x300.png\" alt=\"\" width=\"123\" height=\"300\" srcset=\"https:\/\/blogs.uni-paderborn.de\/campuslauf\/files\/2013\/04\/Laufstrecke-123x300.png 123w, https:\/\/blogs.uni-paderborn.de\/campuslauf\/files\/2013\/04\/Laufstrecke-419x1024.png 419w, https:\/\/blogs.uni-paderborn.de\/campuslauf\/files\/2013\/04\/Laufstrecke.png 495w\" sizes=\"auto, (max-width: 123px) 100vw, 123px\" \/><\/a><\/p>\n<p>&nbsp;<\/p>\n<p><strong>Video Strecke<\/strong><\/p>\n<p>(folgt in K\u00fcrze)<\/p>\n<p>&nbsp;<\/p>\n<p>&nbsp;<\/p>\n<p>&nbsp;<\/p>\n<div class=\"twoclick_social_bookmarks_post_11 social_share_privacy clearfix 1.6.4 locale-de_DE sprite-de_DE\"><\/div><div class=\"twoclick-js\"><script type=\"text\/javascript\">\/* <![CDATA[ *\/\njQuery(document).ready(function($){if($('.twoclick_social_bookmarks_post_11')){$('.twoclick_social_bookmarks_post_11').socialSharePrivacy({\"services\":{\"facebook\":{\"status\":\"on\",\"txt_info\":\"2 Klicks f\\u00fcr mehr Datenschutz: Erst wenn Sie hier klicken, wird der Button aktiv und Sie k\\u00f6nnen Ihre Empfehlung an Facebook senden. Schon beim Aktivieren werden Daten an Dritte \\u00fcbertragen - siehe <em>i<\\\/em>.\",\"perma_option\":\"off\",\"action\":\"recommend\",\"language\":\"de_DE\"}},\"txt_help\":\"Wenn Sie diese Felder durch einen Klick aktivieren, werden Informationen an Facebook, Twitter, Flattr, Xing, t3n, LinkedIn, Pinterest oder Google eventuell ins Ausland \\u00fcbertragen und unter Umst\\u00e4nden auch dort gespeichert. N\\u00e4heres erfahren Sie durch einen Klick auf das <em>i<\\\/em>.\",\"settings_perma\":\"Dauerhaft aktivieren und Daten\\u00fcber-tragung zustimmen:\",\"info_link\":\"http:\\\/\\\/www.heise.de\\\/ct\\\/artikel\\\/2-Klicks-fuer-mehr-Datenschutz-1333879.html\",\"uri\":\"https:\\\/\\\/blogs.uni-paderborn.de\\\/campuslauf\\\/strecke\\\/\",\"post_id\":11,\"post_title_referrer_track\":\"Strecke\",\"display_infobox\":\"on\"});}});\n\/* ]]> *\/<\/script><\/div>","protected":false},"excerpt":{"rendered":"<p>Die Strecke ist ein 2,5 km langer Rundkurs und findet ausschlie\u00dflich auf dem Campus der Universit\u00e4t statt. Start und Ziel befinden sich auf dem Sportplatz &nbsp; Video Strecke (folgt in K\u00fcrze) &nbsp; &nbsp; &nbsp;<\/p>\n","protected":false},"author":1,"featured_media":0,"parent":0,"menu_order":2,"comment_status":"closed","ping_status":"closed","template":"","meta":{"footnotes":""},"class_list":["post-11","page","type-page","status-publish","hentry"],"_links":{"self":[{"href":"https:\/\/blogs.uni-paderborn.de\/campuslauf\/wp-json\/wp\/v2\/pages\/11","targetHints":{"allow":["GET"]}}],"collection":[{"href":"https:\/\/blogs.uni-paderborn.de\/campuslauf\/wp-json\/wp\/v2\/pages"}],"about":[{"href":"https:\/\/blogs.uni-paderborn.de\/campuslauf\/wp-json\/wp\/v2\/types\/page"}],"author":[{"embeddable":true,"href":"https:\/\/blogs.uni-paderborn.de\/campuslauf\/wp-json\/wp\/v2\/users\/1"}],"replies":[{"embeddable":true,"href":"https:\/\/blogs.uni-paderborn.de\/campuslauf\/wp-json\/wp\/v2\/comments?post=11"}],"version-history":[{"count":33,"href":"https:\/\/blogs.uni-paderborn.de\/campuslauf\/wp-json\/wp\/v2\/pages\/11\/revisions"}],"predecessor-version":[{"id":9098,"href":"https:\/\/blogs.uni-paderborn.de\/campuslauf\/wp-json\/wp\/v2\/pages\/11\/revisions\/9098"}],"wp:attachment":[{"href":"https:\/\/blogs.uni-paderborn.de\/campuslauf\/wp-json\/wp\/v2\/media?parent=11"}],"curies":[{"name":"wp","href":"https:\/\/api.w.org\/{rel}","templated":true}]}}