{"id":992,"date":"2020-03-17T22:07:24","date_gmt":"2020-03-17T21:07:24","guid":{"rendered":"https:\/\/blogs.uni-paderborn.de\/brauerhoch\/?page_id=992"},"modified":"2020-06-19T15:36:11","modified_gmt":"2020-06-19T13:36:11","slug":"elfi-mikesch","status":"publish","type":"page","link":"https:\/\/blogs.uni-paderborn.de\/brauerhoch\/elfi-mikesch\/","title":{"rendered":"Elfi Mikesch"},"content":{"rendered":"<div class=\"twoclick_social_bookmarks_post_992 social_share_privacy clearfix 1.6.4 locale-de_DE sprite-de_DE\"><\/div><div class=\"twoclick-js\"><script type=\"text\/javascript\">\/* <![CDATA[ *\/\njQuery(document).ready(function($){if($('.twoclick_social_bookmarks_post_992')){$('.twoclick_social_bookmarks_post_992').socialSharePrivacy({\"txt_help\":\"Wenn Sie diese Felder durch einen Klick aktivieren, werden Informationen an Facebook, Twitter, Flattr, Xing, t3n, LinkedIn, Pinterest oder Google eventuell ins Ausland \\u00fcbertragen und unter Umst\\u00e4nden auch dort gespeichert. N\\u00e4heres erfahren Sie durch einen Klick auf das <em>i<\\\/em>.\",\"settings_perma\":\"Dauerhaft aktivieren und Daten\\u00fcber-tragung zustimmen:\",\"info_link\":\"http:\\\/\\\/www.heise.de\\\/ct\\\/artikel\\\/2-Klicks-fuer-mehr-Datenschutz-1333879.html\",\"uri\":\"https:\\\/\\\/blogs.uni-paderborn.de\\\/brauerhoch\\\/elfi-mikesch\\\/\",\"post_id\":992,\"post_title_referrer_track\":\"Elfi+Mikesch\",\"display_infobox\":\"on\"});}});\n\/* ]]> *\/<\/script><\/div>\n<h3 class=\"wp-block-heading\">Das Fr\u00fchst\u00fcck der Hy\u00e4ne<\/h3>\n\n\n\n<figure class=\"wp-block-image\"><a href=\"https:\/\/blogs.uni-paderborn.de\/brauerhoch\/files\/2020\/03\/mikesch_fruehstueck.jpg\"><img loading=\"lazy\" decoding=\"async\" width=\"300\" height=\"219\" src=\"https:\/\/blogs.uni-paderborn.de\/brauerhoch\/files\/2020\/03\/mikesch_fruehstueck.jpg\" alt=\"\" class=\"wp-image-1128\" \/><\/a><\/figure>\n\n\n\n<p>BRD 1982\/1983<br>27 min<br>s\/w<br>Lichtton<br>16mm<br>Regie, Drehbuch, Kamera: Elfi Mikesch<br>Darsteller: Sheila McLaughlin, Gary Schneider, Silke Grossmann, Heinz Emigholz, Thelma Ansobsky<br>Produktionsfirma: Oh Muvie Film (Berlin\/West)<br>Produzentin: Elfi Mikesch<\/p>\n\n\n\n<figure class=\"wp-block-video\"><video controls src=\"https:\/\/groups.upb.de\/brauerhoch\/fruehstueck.mp4\"><\/video><\/figure>\n\n\n\n<p>Als eine Form der Identit\u00e4tssuche, des Ringens um eine weibliche Subjektivit\u00e4t und Autonomie, k\u00f6nnte man auch die Aktionen der jungen Frau aus DAS FR\u00dcHST\u00dcCK DER HY\u00c4NE (Elfi Mikesch, BRD 1983) betrachten. Die beschw\u00f6rende Stimme des Mannes, den sie gerade verlassen hat, t\u00f6nt aus einem herunterbaumelnden Telefonh\u00f6rer und verlangt, dass sie sich wieder in seine Obhut begeben soll. Stattdessen versucht sie ihre Befreiung durch Akte der Selbstkasteiung, erlebt erlittene Schmerzen noch einmal durch die eigene Hand und unterwirft sich so niemand anderem als sich selbst.<br><a href=\"http:\/\/www.fdk-berlin.de\/arsenalarchiv\/text2005\/1005mikesch.html\" target=\"_blank\" rel=\"noreferrer noopener\" aria-label=\" (\u00f6ffnet in neuem Tab)\">http:\/\/www.fdk-berlin.de\/arsenalarchiv\/text2005\/1005mikesch.html<\/a><\/p>\n\n\n\n<p><em>Links<\/em><br><a href=\"http:\/\/www.filmportal.de\/person\/elfi-mikesch_3c9e60f4a59242e88c2dbbaebd5071c1\" target=\"_blank\" rel=\"noreferrer noopener\" aria-label=\" (\u00f6ffnet in neuem Tab)\">www.filmportal.de\/person\/elfi-mikesch<\/a><\/p>\n\n\n\n<p><em>Festivals<\/em><br>Internationales Forum des jungen Films 1983<br>Arts Council of Great Britain &amp; Goethe Institute, London: German Forms and Tails 1984<\/p>\n","protected":false},"excerpt":{"rendered":"<p>Das Fr\u00fchst\u00fcck der Hy\u00e4ne BRD 1982\/198327 mins\/wLichtton16mmRegie, Drehbuch, Kamera: Elfi MikeschDarsteller: Sheila McLaughlin, Gary Schneider, Silke Grossmann, Heinz Emigholz, Thelma AnsobskyProduktionsfirma: Oh Muvie Film (Berlin\/West)Produzentin: Elfi Mikesch Als eine Form der Identit\u00e4tssuche, des Ringens um eine weibliche Subjektivit\u00e4t und Autonomie, k\u00f6nnte man auch die Aktionen der jungen Frau aus DAS FR\u00dcHST\u00dcCK DER HY\u00c4NE (Elfi Mikesch, [&hellip;]<\/p>\n","protected":false},"author":8606,"featured_media":0,"parent":0,"menu_order":0,"comment_status":"closed","ping_status":"closed","template":"","meta":{"footnotes":""},"class_list":["post-992","page","type-page","status-publish","hentry"],"_links":{"self":[{"href":"https:\/\/blogs.uni-paderborn.de\/brauerhoch\/wp-json\/wp\/v2\/pages\/992","targetHints":{"allow":["GET"]}}],"collection":[{"href":"https:\/\/blogs.uni-paderborn.de\/brauerhoch\/wp-json\/wp\/v2\/pages"}],"about":[{"href":"https:\/\/blogs.uni-paderborn.de\/brauerhoch\/wp-json\/wp\/v2\/types\/page"}],"author":[{"embeddable":true,"href":"https:\/\/blogs.uni-paderborn.de\/brauerhoch\/wp-json\/wp\/v2\/users\/8606"}],"replies":[{"embeddable":true,"href":"https:\/\/blogs.uni-paderborn.de\/brauerhoch\/wp-json\/wp\/v2\/comments?post=992"}],"version-history":[{"count":3,"href":"https:\/\/blogs.uni-paderborn.de\/brauerhoch\/wp-json\/wp\/v2\/pages\/992\/revisions"}],"predecessor-version":[{"id":1587,"href":"https:\/\/blogs.uni-paderborn.de\/brauerhoch\/wp-json\/wp\/v2\/pages\/992\/revisions\/1587"}],"wp:attachment":[{"href":"https:\/\/blogs.uni-paderborn.de\/brauerhoch\/wp-json\/wp\/v2\/media?parent=992"}],"curies":[{"name":"wp","href":"https:\/\/api.w.org\/{rel}","templated":true}]}}