{"id":982,"date":"2020-03-17T22:05:44","date_gmt":"2020-03-17T21:05:44","guid":{"rendered":"https:\/\/blogs.uni-paderborn.de\/brauerhoch\/?page_id=982"},"modified":"2020-06-19T15:16:58","modified_gmt":"2020-06-19T13:16:58","slug":"lilo-mangelsdorff","status":"publish","type":"page","link":"https:\/\/blogs.uni-paderborn.de\/brauerhoch\/lilo-mangelsdorff\/","title":{"rendered":"Lilo Mangelsdorff"},"content":{"rendered":"<div class=\"twoclick_social_bookmarks_post_982 social_share_privacy clearfix 1.6.4 locale-de_DE sprite-de_DE\"><\/div><div class=\"twoclick-js\"><script type=\"text\/javascript\">\/* <![CDATA[ *\/\njQuery(document).ready(function($){if($('.twoclick_social_bookmarks_post_982')){$('.twoclick_social_bookmarks_post_982').socialSharePrivacy({\"txt_help\":\"Wenn Sie diese Felder durch einen Klick aktivieren, werden Informationen an Facebook, Twitter, Flattr, Xing, t3n, LinkedIn, Pinterest oder Google eventuell ins Ausland \\u00fcbertragen und unter Umst\\u00e4nden auch dort gespeichert. N\\u00e4heres erfahren Sie durch einen Klick auf das <em>i<\\\/em>.\",\"settings_perma\":\"Dauerhaft aktivieren und Daten\\u00fcber-tragung zustimmen:\",\"info_link\":\"http:\\\/\\\/www.heise.de\\\/ct\\\/artikel\\\/2-Klicks-fuer-mehr-Datenschutz-1333879.html\",\"uri\":\"https:\\\/\\\/blogs.uni-paderborn.de\\\/brauerhoch\\\/lilo-mangelsdorff\\\/\",\"post_id\":982,\"post_title_referrer_track\":\"Lilo+Mangelsdorff\",\"display_infobox\":\"on\"});}});\n\/* ]]> *\/<\/script><\/div>\n<h3 class=\"wp-block-heading\">Viva aviS<\/h3>\n\n\n\n<figure class=\"wp-block-image\"><a href=\"https:\/\/blogs.uni-paderborn.de\/brauerhoch\/files\/2020\/03\/viva_avis.jpg\"><img loading=\"lazy\" decoding=\"async\" width=\"283\" height=\"208\" src=\"https:\/\/blogs.uni-paderborn.de\/brauerhoch\/files\/2020\/03\/viva_avis.jpg\" alt=\"\" class=\"wp-image-1214\" \/><\/a><\/figure>\n\n\n\n<p>BRD 1985<br>6 min<br>Farbe<br>16mm<br>Pr\u00e4dikat wertvoll (FBW)<\/p>\n\n\n\n<figure class=\"wp-block-video\"><video controls src=\"https:\/\/groups.upb.de\/brauerhoch\/vivaavis.mp4\"><\/video><\/figure>\n\n\n\n<p>Filmische Collage zu dem Satz von Cocteau:<br>&#8222;Bilder halten die Zeit nicht fest.&#8220;<\/p>\n\n\n\n<p>Um die Spiegelung und das Sehen geht es in Lilo Mangelsdorffs Film Viva-aviS. Das Gesicht einer sich schminkenden Frau wird in schnellen, rhythmischen Montagen und \u00dcberblendungen zertrennt und zerschnitten und scheint sich wie in den vielen Brechungen und Facetten eines Kaleidoskops wieder zusammenzuf\u00fcgen. Das sich spiegelnde Gesicht wird zum einen transparent, zum anderen umstellt in seinen Widerspiegelungen &#8211; festgehalten und endlos zur\u00fcckgeworfen. Damit ger\u00e4t der narzi\u00dftische Aspekt des Blicks in den Spiegel, die M\u00f6glichkeit einer Eroberung des voyeuristischen Blicks auf sich selbst, in der Distanzierung an eine Grenze: Der Anblick des eigenen Abbilds m\u00fcndet in ein klaustrophobisches Umstelltsein mit den eigenen Widerspiegelungen und entlarvt die Gewaltt\u00e4tigkeit des Abbildens.<br><em>Renate Lippert \u2013 In: Blickwechsel. Zu Filmen der Oberhausener Kurzfilmtage 1986, in: Frauen und Film, Heft 40, Frankfurt am Main 1986, S. 90-98.<\/em><\/p>\n\n\n\n<p><em>Links<\/em><br><a href=\"http:\/\/www.cinetix.de\/limafilm\/\" target=\"_blank\" rel=\"noreferrer noopener\" aria-label=\" (\u00f6ffnet in neuem Tab)\">http:\/\/www.cinetix.de\/limafilm\/<\/a><\/p>\n\n\n\n<p><em>Festivals<\/em><br>Osnabr\u00fcck 1986<br>Oberhausen 1986<br>Feminale K\u00f6ln<br>Frankfurter Filmschau<br>Auswahlprogramm Goethe-Institut Australien<\/p>\n","protected":false},"excerpt":{"rendered":"<p>Viva aviS BRD 19856 minFarbe16mmPr\u00e4dikat wertvoll (FBW) Filmische Collage zu dem Satz von Cocteau:&#8222;Bilder halten die Zeit nicht fest.&#8220; Um die Spiegelung und das Sehen geht es in Lilo Mangelsdorffs Film Viva-aviS. Das Gesicht einer sich schminkenden Frau wird in schnellen, rhythmischen Montagen und \u00dcberblendungen zertrennt und zerschnitten und scheint sich wie in den vielen [&hellip;]<\/p>\n","protected":false},"author":8606,"featured_media":0,"parent":0,"menu_order":0,"comment_status":"closed","ping_status":"closed","template":"","meta":{"footnotes":""},"class_list":["post-982","page","type-page","status-publish","hentry"],"_links":{"self":[{"href":"https:\/\/blogs.uni-paderborn.de\/brauerhoch\/wp-json\/wp\/v2\/pages\/982","targetHints":{"allow":["GET"]}}],"collection":[{"href":"https:\/\/blogs.uni-paderborn.de\/brauerhoch\/wp-json\/wp\/v2\/pages"}],"about":[{"href":"https:\/\/blogs.uni-paderborn.de\/brauerhoch\/wp-json\/wp\/v2\/types\/page"}],"author":[{"embeddable":true,"href":"https:\/\/blogs.uni-paderborn.de\/brauerhoch\/wp-json\/wp\/v2\/users\/8606"}],"replies":[{"embeddable":true,"href":"https:\/\/blogs.uni-paderborn.de\/brauerhoch\/wp-json\/wp\/v2\/comments?post=982"}],"version-history":[{"count":4,"href":"https:\/\/blogs.uni-paderborn.de\/brauerhoch\/wp-json\/wp\/v2\/pages\/982\/revisions"}],"predecessor-version":[{"id":1561,"href":"https:\/\/blogs.uni-paderborn.de\/brauerhoch\/wp-json\/wp\/v2\/pages\/982\/revisions\/1561"}],"wp:attachment":[{"href":"https:\/\/blogs.uni-paderborn.de\/brauerhoch\/wp-json\/wp\/v2\/media?parent=982"}],"curies":[{"name":"wp","href":"https:\/\/api.w.org\/{rel}","templated":true}]}}