{"id":974,"date":"2020-03-17T22:03:42","date_gmt":"2020-03-17T21:03:42","guid":{"rendered":"https:\/\/blogs.uni-paderborn.de\/brauerhoch\/?page_id=974"},"modified":"2020-06-19T15:08:52","modified_gmt":"2020-06-19T13:08:52","slug":"hille-koehne","status":"publish","type":"page","link":"https:\/\/blogs.uni-paderborn.de\/brauerhoch\/hille-koehne\/","title":{"rendered":"Hille K\u00f6hne"},"content":{"rendered":"<div class=\"twoclick_social_bookmarks_post_974 social_share_privacy clearfix 1.6.4 locale-de_DE sprite-de_DE\"><\/div><div class=\"twoclick-js\"><script type=\"text\/javascript\">\/* <![CDATA[ *\/\njQuery(document).ready(function($){if($('.twoclick_social_bookmarks_post_974')){$('.twoclick_social_bookmarks_post_974').socialSharePrivacy({\"txt_help\":\"Wenn Sie diese Felder durch einen Klick aktivieren, werden Informationen an Facebook, Twitter, Flattr, Xing, t3n, LinkedIn, Pinterest oder Google eventuell ins Ausland \\u00fcbertragen und unter Umst\\u00e4nden auch dort gespeichert. N\\u00e4heres erfahren Sie durch einen Klick auf das <em>i<\\\/em>.\",\"settings_perma\":\"Dauerhaft aktivieren und Daten\\u00fcber-tragung zustimmen:\",\"info_link\":\"http:\\\/\\\/www.heise.de\\\/ct\\\/artikel\\\/2-Klicks-fuer-mehr-Datenschutz-1333879.html\",\"uri\":\"https:\\\/\\\/blogs.uni-paderborn.de\\\/brauerhoch\\\/hille-koehne\\\/\",\"post_id\":974,\"post_title_referrer_track\":\"Hille+K%C3%B6hne\",\"display_infobox\":\"on\"});}});\n\/* ]]> *\/<\/script><\/div>\n<h3 class=\"wp-block-heading\">Und sie, sie liebte Raubtiere &#8211; tritt auch in den Garten<\/h3>\n\n\n\n<figure class=\"wp-block-image\"><a href=\"https:\/\/blogs.uni-paderborn.de\/brauerhoch\/files\/2020\/03\/koehne.jpg\"><img loading=\"lazy\" decoding=\"async\" width=\"300\" height=\"200\" src=\"https:\/\/blogs.uni-paderborn.de\/brauerhoch\/files\/2020\/03\/koehne.jpg\" alt=\"\" class=\"wp-image-1148\" \/><\/a><\/figure>\n\n\n\n<p>BRD 1987<br>7:30 min<br>Farbe<br>stumm<br>16mm<\/p>\n\n\n\n<figure class=\"wp-block-video\"><video controls src=\"https:\/\/groups.upb.de\/brauerhoch\/sietritt.mp4\"><\/video><\/figure>\n\n\n\n<p>Hille K\u00f6hne arbeitet mit gesammeltem, oft autobiographischem Material, mit Photos, die sie auf Filmstreifen legt und ausgesuchten Farbfolien, die neben- und \u00fcbereinandergelegt schlie\u00dflich in Bewegung gesetzt werden. Und sie, sie liebte Raubtiere und tritt auch in den Garten basiert auf einem Majakowski-Zitat. Im Blaugr\u00fcn des Wassers liegt tr\u00e4ge, gelangweilt das Krokodil, das jederzeit zum Raubtier werden kann.<br><em>Renate Lippert \u2013 Katalog Kurzfilmtage Oberhausen 1994.<\/em><\/p>\n\n\n\n<p>[\u2026]<br>\u201eHelke Sander hat 1975 in ihrem Manifest geschrieben: &#8222;Feminismus ist keine Frage des Themas&#8220;. Welche Filme, in denen andere als Frauenthemen eine wesentliche Rolle spielen, werden denn \u00fcberhaupt als feministisch wahrgenommen?\u201c<br>SCHL\u00dcPMANN: \u201eMir f\u00e4llt ein wenig bekanntes Beispiel ein: die Filme von Hille K\u00f6hne. Aber im Grunde sind fast alle Experimentalfilme wenig bekannt, und Hille K\u00f6hnes Arbeiten in den achtziger Jahren geh\u00f6ren dazu. In Kingkong und Na gut, schlachtet alle Gummib\u00e4rchen gibt es kein sozialkritisches Thema, das sich ausdr\u00fccklich auf Frauen bezieht, in Kingkong ist nicht einmal eine Frau zu sehen. Diese Filme treffen etwas, was schon in den 70er Jahren f\u00fcr feministische Filmarbeit wichtig war &#8211; neben den dokumentarisch-politischen Filmen: Feministische Filmarbeit hat einen Bruch mit den Formen des klassischen Kinos versucht. Daher m\u00fcssen nicht sichtbar eine Frau und ihre Probleme im Zentrum stehen, es geht darum, eine andere Sicht auf die Welt zu zeigen. Auch das wiederum ist nicht erst eine Auffassung des Feminismus, sondern wurde von linken Filmkritikern ebenso vertreten. Sie ging davon aus, dass der ganze Apparat des Kinos, die Kamera insbesondere, ein Instrument ist, in dem sich Herrschaftsstrukturen sedimentiert haben. Man muss deshalb mit dem der Kamera eingeschriebenen Blick brechen.\u201c<br>[\u2026]<br><a href=\"https:\/\/www.freitag.de\/autoren\/der-freitag\/lust-am-verbotenen\" target=\"_blank\" rel=\"noreferrer noopener\" aria-label=\" (\u00f6ffnet in neuem Tab)\">https:\/\/www.freitag.de\/autoren\/der-freitag\/lust-am-verbotenen<\/a><\/p>\n\n\n\n<p><em>Festivals<\/em><br>Oberhausen 1987, 1994<\/p>\n\n\n\n<p><em>Preise<\/em><br>Braunschweiger Experimentalfilmpreis der Westdeutschen Kurzfilmtage Oberhausen 1987<\/p>\n","protected":false},"excerpt":{"rendered":"<p>Und sie, sie liebte Raubtiere &#8211; tritt auch in den Garten BRD 19877:30 minFarbestumm16mm Hille K\u00f6hne arbeitet mit gesammeltem, oft autobiographischem Material, mit Photos, die sie auf Filmstreifen legt und ausgesuchten Farbfolien, die neben- und \u00fcbereinandergelegt schlie\u00dflich in Bewegung gesetzt werden. Und sie, sie liebte Raubtiere und tritt auch in den Garten basiert auf einem [&hellip;]<\/p>\n","protected":false},"author":8606,"featured_media":0,"parent":0,"menu_order":0,"comment_status":"closed","ping_status":"closed","template":"","meta":{"footnotes":""},"class_list":["post-974","page","type-page","status-publish","hentry"],"_links":{"self":[{"href":"https:\/\/blogs.uni-paderborn.de\/brauerhoch\/wp-json\/wp\/v2\/pages\/974","targetHints":{"allow":["GET"]}}],"collection":[{"href":"https:\/\/blogs.uni-paderborn.de\/brauerhoch\/wp-json\/wp\/v2\/pages"}],"about":[{"href":"https:\/\/blogs.uni-paderborn.de\/brauerhoch\/wp-json\/wp\/v2\/types\/page"}],"author":[{"embeddable":true,"href":"https:\/\/blogs.uni-paderborn.de\/brauerhoch\/wp-json\/wp\/v2\/users\/8606"}],"replies":[{"embeddable":true,"href":"https:\/\/blogs.uni-paderborn.de\/brauerhoch\/wp-json\/wp\/v2\/comments?post=974"}],"version-history":[{"count":3,"href":"https:\/\/blogs.uni-paderborn.de\/brauerhoch\/wp-json\/wp\/v2\/pages\/974\/revisions"}],"predecessor-version":[{"id":1555,"href":"https:\/\/blogs.uni-paderborn.de\/brauerhoch\/wp-json\/wp\/v2\/pages\/974\/revisions\/1555"}],"wp:attachment":[{"href":"https:\/\/blogs.uni-paderborn.de\/brauerhoch\/wp-json\/wp\/v2\/media?parent=974"}],"curies":[{"name":"wp","href":"https:\/\/api.w.org\/{rel}","templated":true}]}}