{"id":970,"date":"2020-03-17T22:02:26","date_gmt":"2020-03-17T21:02:26","guid":{"rendered":"https:\/\/blogs.uni-paderborn.de\/brauerhoch\/?page_id=970"},"modified":"2020-06-19T15:07:07","modified_gmt":"2020-06-19T13:07:07","slug":"cathy-joritz","status":"publish","type":"page","link":"https:\/\/blogs.uni-paderborn.de\/brauerhoch\/cathy-joritz\/","title":{"rendered":"Cathy Joritz"},"content":{"rendered":"<div class=\"twoclick_social_bookmarks_post_970 social_share_privacy clearfix 1.6.4 locale-de_DE sprite-de_DE\"><\/div><div class=\"twoclick-js\"><script type=\"text\/javascript\">\/* <![CDATA[ *\/\njQuery(document).ready(function($){if($('.twoclick_social_bookmarks_post_970')){$('.twoclick_social_bookmarks_post_970').socialSharePrivacy({\"txt_help\":\"Wenn Sie diese Felder durch einen Klick aktivieren, werden Informationen an Facebook, Twitter, Flattr, Xing, t3n, LinkedIn, Pinterest oder Google eventuell ins Ausland \\u00fcbertragen und unter Umst\\u00e4nden auch dort gespeichert. N\\u00e4heres erfahren Sie durch einen Klick auf das <em>i<\\\/em>.\",\"settings_perma\":\"Dauerhaft aktivieren und Daten\\u00fcber-tragung zustimmen:\",\"info_link\":\"http:\\\/\\\/www.heise.de\\\/ct\\\/artikel\\\/2-Klicks-fuer-mehr-Datenschutz-1333879.html\",\"uri\":\"https:\\\/\\\/blogs.uni-paderborn.de\\\/brauerhoch\\\/cathy-joritz\\\/\",\"post_id\":970,\"post_title_referrer_track\":\"Cathy+Joritz\",\"display_infobox\":\"on\"});}});\n\/* ]]> *\/<\/script><\/div>\n<h3 class=\"wp-block-heading\">Men<\/h3>\n\n\n\n<figure class=\"wp-block-image\"><a href=\"https:\/\/blogs.uni-paderborn.de\/brauerhoch\/files\/2020\/03\/joritz.jpg\"><img loading=\"lazy\" decoding=\"async\" width=\"300\" height=\"214\" src=\"https:\/\/blogs.uni-paderborn.de\/brauerhoch\/files\/2020\/03\/joritz.jpg\" alt=\"\" class=\"wp-image-1096\" \/><\/a><\/figure>\n\n\n\n<p>USA 1980<br>2:16 min<br>Farbe<br>stumm<br>16mm<\/p>\n\n\n\n<p>[\u2026] Eine ganz andere Problematik der Mann-Frau Beziehung beschreibt Men. In einer fr\u00f6hlichen Gewaltorgie pr\u00fcgeln die Frauen den M\u00e4nnern ihren Machismo aus dem Leib.<br><em>Kurzfilmtage Oberhausen Festivalkatalog 2005, S. 89.<\/em><\/p>\n\n\n\n<p>Eine Reihe von Fantasie-Racheakten in schneller Schnittfolge. Gefundenes Material ergibt zusammen mit eigenen Bildern eine Art Kampf der Geschlechter auf Zelluloid. Die Frauen sind dabei die Triumphierenden.<br><em>Kurzfilmtage Oberhausen Festivalkatalog 2005, S. 91.<\/em><\/p>\n\n\n\n<p><em>Festivals<\/em><br>Oberhausen 2005<\/p>\n\n\n\n<hr class=\"wp-block-separator\" \/>\n\n\n\n<h3 class=\"wp-block-heading\">Negative Man<\/h3>\n\n\n\n<figure class=\"wp-block-image\"><a href=\"https:\/\/blogs.uni-paderborn.de\/brauerhoch\/files\/2020\/03\/negative_man.jpg\"><img loading=\"lazy\" decoding=\"async\" width=\"300\" height=\"226\" src=\"https:\/\/blogs.uni-paderborn.de\/brauerhoch\/files\/2020\/03\/negative_man.jpg\" alt=\"\" class=\"wp-image-1092\" \/><\/a><\/figure>\n\n\n\n<p>USA, BRD 1985<br>2 min<br>s\/w<br>Lichtton<br>16mm<br>Scratch-Animation<\/p>\n\n\n\n<p>In NEGATIVE MAN wird eine amerikanische Fernsehsendung persifliert, in der ein Sozialarbeiter einen Klientenfall vor dem Publikum ausbreitet. &#8211; &#8222;NEGATIVE MAN ist ein humorvoller, respektloser Rachefilm. \u00dcber das Bild des NEGATIVE MAN habe ich spielerisch visuellen Kommentar direkt in die Filmschicht gekratzt, w\u00e4hrend der NEGATIVE MAN selbst \u00fcber bedeutungslose Dinge plappert. Der NEGATIVE MAN ist f\u00fcr mich ein Symbol aller M\u00e4nner, die unsere Welt &#8218;beherrschen&#8216;. Als solcher, bekommt er, was er verdient!&#8220; <br><em>Cathy Joritz &#8211; In: 5. Experimentalfilm Workshop Osnabr\u00fcck, 6.-9. Juni 1985, Osnabr\u00fcck, 1985, S. 62.<\/em><\/p>\n\n\n\n<p>Cathy Joritz: 1977 &#8211; 1982 School of the Art Institute of Chicago, USA (Experimentalfilme, Zeichnen, Malen). 1982 &#8211; 1984 Hochschule f\u00fcr Bildende K\u00fcnste, Braunschweig (Trickfilm, Diplom). Diverse Illustrationsauftr\u00e4ge. 1985 Konzentration auf Trickfilm, speziell: Scratchfilme. W\u00e4hrend l\u00e4ngerer Aufenthalte in den USA diverse kommerzielle Illustrations-Auftr\u00e4ge f\u00fcr Zeitschriften &#8211; haupts\u00e4chlich Collagen. 1992 erster Werbespot. Kontinuierliche Arbeit an unabh\u00e4ngigen Trickfilmprojekten.<br><a href=\"http:\/\/www.brynntrup.de\/cura\/c_tv_1.html\" target=\"_blank\" rel=\"noreferrer noopener\" aria-label=\" (\u00f6ffnet in neuem Tab)\">http:\/\/www.brynntrup.de\/cura\/c_tv_1.html<\/a><\/p>\n\n\n\n<p>Hinter der Entstehung von Cathy Joritz\u00b4 NEGATIVE MAN k\u00f6nnte eine Hausfrau stecken, deren einziges Fenster zur Welt ein Fernseher ist. Ein Sozialforscher h\u00e4lt in einer Sendung einen Vortrag und sie hat gerade ein K\u00fcchenmesser zu Hand&#8230;<br><a href=\"https:\/\/www.aviva-berlin.de\/aviva\/content_Kultur.php?id=5568\" target=\"_blank\" rel=\"noreferrer noopener\" aria-label=\" (\u00f6ffnet in neuem Tab)\">http:\/\/www.aviva-berlin.de\/aviva\/content_Kultur.php?id=5568<\/a><\/p>\n\n\n\n<p><em>Auff\u00fchrungen<\/em><br>Bonn, M\u00fcnster, Frankfurt, div. weitere<\/p>\n\n\n\n<p><em>Festivals<\/em><br>Osnabr\u00fcck 1985, 1986<br>Oberhausen 1986<br>femme totale 1991, 1993<\/p>\n","protected":false},"excerpt":{"rendered":"<p>Men USA 19802:16 minFarbestumm16mm [\u2026] Eine ganz andere Problematik der Mann-Frau Beziehung beschreibt Men. In einer fr\u00f6hlichen Gewaltorgie pr\u00fcgeln die Frauen den M\u00e4nnern ihren Machismo aus dem Leib.Kurzfilmtage Oberhausen Festivalkatalog 2005, S. 89. Eine Reihe von Fantasie-Racheakten in schneller Schnittfolge. Gefundenes Material ergibt zusammen mit eigenen Bildern eine Art Kampf der Geschlechter auf Zelluloid. Die [&hellip;]<\/p>\n","protected":false},"author":8606,"featured_media":0,"parent":0,"menu_order":0,"comment_status":"closed","ping_status":"closed","template":"","meta":{"footnotes":""},"class_list":["post-970","page","type-page","status-publish","hentry"],"_links":{"self":[{"href":"https:\/\/blogs.uni-paderborn.de\/brauerhoch\/wp-json\/wp\/v2\/pages\/970","targetHints":{"allow":["GET"]}}],"collection":[{"href":"https:\/\/blogs.uni-paderborn.de\/brauerhoch\/wp-json\/wp\/v2\/pages"}],"about":[{"href":"https:\/\/blogs.uni-paderborn.de\/brauerhoch\/wp-json\/wp\/v2\/types\/page"}],"author":[{"embeddable":true,"href":"https:\/\/blogs.uni-paderborn.de\/brauerhoch\/wp-json\/wp\/v2\/users\/8606"}],"replies":[{"embeddable":true,"href":"https:\/\/blogs.uni-paderborn.de\/brauerhoch\/wp-json\/wp\/v2\/comments?post=970"}],"version-history":[{"count":7,"href":"https:\/\/blogs.uni-paderborn.de\/brauerhoch\/wp-json\/wp\/v2\/pages\/970\/revisions"}],"predecessor-version":[{"id":1553,"href":"https:\/\/blogs.uni-paderborn.de\/brauerhoch\/wp-json\/wp\/v2\/pages\/970\/revisions\/1553"}],"wp:attachment":[{"href":"https:\/\/blogs.uni-paderborn.de\/brauerhoch\/wp-json\/wp\/v2\/media?parent=970"}],"curies":[{"name":"wp","href":"https:\/\/api.w.org\/{rel}","templated":true}]}}