{"id":958,"date":"2020-03-17T21:56:30","date_gmt":"2020-03-17T20:56:30","guid":{"rendered":"https:\/\/blogs.uni-paderborn.de\/brauerhoch\/?page_id=958"},"modified":"2020-06-17T22:07:02","modified_gmt":"2020-06-17T20:07:02","slug":"monika-funke-stern","status":"publish","type":"page","link":"https:\/\/blogs.uni-paderborn.de\/brauerhoch\/monika-funke-stern\/","title":{"rendered":"Monika Funke Stern"},"content":{"rendered":"<div class=\"twoclick_social_bookmarks_post_958 social_share_privacy clearfix 1.6.4 locale-de_DE sprite-de_DE\"><\/div><div class=\"twoclick-js\"><script type=\"text\/javascript\">\/* <![CDATA[ *\/\njQuery(document).ready(function($){if($('.twoclick_social_bookmarks_post_958')){$('.twoclick_social_bookmarks_post_958').socialSharePrivacy({\"txt_help\":\"Wenn Sie diese Felder durch einen Klick aktivieren, werden Informationen an Facebook, Twitter, Flattr, Xing, t3n, LinkedIn, Pinterest oder Google eventuell ins Ausland \\u00fcbertragen und unter Umst\\u00e4nden auch dort gespeichert. N\\u00e4heres erfahren Sie durch einen Klick auf das <em>i<\\\/em>.\",\"settings_perma\":\"Dauerhaft aktivieren und Daten\\u00fcber-tragung zustimmen:\",\"info_link\":\"http:\\\/\\\/www.heise.de\\\/ct\\\/artikel\\\/2-Klicks-fuer-mehr-Datenschutz-1333879.html\",\"uri\":\"https:\\\/\\\/blogs.uni-paderborn.de\\\/brauerhoch\\\/monika-funke-stern\\\/\",\"post_id\":958,\"post_title_referrer_track\":\"Monika+Funke+Stern\",\"display_infobox\":\"on\"});}});\n\/* ]]> *\/<\/script><\/div>\n<h3 class=\"wp-block-heading\">Parfait d&#8217;Amour<\/h3>\n\n\n\n<figure class=\"wp-block-image\"><a href=\"https:\/\/blogs.uni-paderborn.de\/brauerhoch\/files\/2020\/03\/Funke_Parfait.jpg\"><img loading=\"lazy\" decoding=\"async\" width=\"208\" height=\"296\" src=\"https:\/\/blogs.uni-paderborn.de\/brauerhoch\/files\/2020\/03\/Funke_Parfait.jpg\" alt=\"\" class=\"wp-image-1264\" \/><\/a><\/figure>\n\n\n\n<p>D 1987<br>11 min<br>Farbe, s\/w<br>Magnetton<br>16mm<br>Produktion: Monika Funke Stern Produktion<\/p>\n\n\n\n<figure class=\"wp-block-video\"><video controls src=\"https:\/\/groups.upb.de\/brauerhoch\/parfait.mp4\"><\/video><\/figure>\n\n\n\n<p>Wenn die H\u00e4nde Augen h\u00e4tten w\u00e4hrend des Liebesaktes, wenn der ganze K\u00f6rper sehend w\u00fcrde. Das simuliert das Video. Es wurde mit dem Endoskop gefilmt, der Optik mit der man unmittelbar an und in den K\u00f6rper gehen kann. Aufgrund technischer Gegebenheiten (Lichtst\u00e4rke etc.) wurde auf Film, 16mm gedreht. Die tricktechnische Bearbeitung fand auf High-Band mit einem Special Effect Generator statt.<\/p>\n\n\n\n<p>Die Geschichte wird erz\u00e4hlt von einem Seemann, dessen Seefrau sie immer wiederh\u00f6ren m\u00f6chte, wenn sie in seinen Armen liegt. \u2013 Deshalb beginnt der Film da, wo andere enden: Kuss, ungeschnitten.<\/p>\n\n\n\n<p><em>Preise<\/em><br>Preis der deutschen Filmkritik 1988<\/p>\n\n\n\n<p><em>Festivals<\/em> <br>Kurzfilmtage Oberhausen 1988<\/p>\n","protected":false},"excerpt":{"rendered":"<p>Parfait d&#8217;Amour D 198711 minFarbe, s\/wMagnetton16mmProduktion: Monika Funke Stern Produktion Wenn die H\u00e4nde Augen h\u00e4tten w\u00e4hrend des Liebesaktes, wenn der ganze K\u00f6rper sehend w\u00fcrde. Das simuliert das Video. Es wurde mit dem Endoskop gefilmt, der Optik mit der man unmittelbar an und in den K\u00f6rper gehen kann. Aufgrund technischer Gegebenheiten (Lichtst\u00e4rke etc.) wurde auf Film, [&hellip;]<\/p>\n","protected":false},"author":8606,"featured_media":0,"parent":0,"menu_order":0,"comment_status":"closed","ping_status":"closed","template":"","meta":{"footnotes":""},"class_list":["post-958","page","type-page","status-publish","hentry"],"_links":{"self":[{"href":"https:\/\/blogs.uni-paderborn.de\/brauerhoch\/wp-json\/wp\/v2\/pages\/958","targetHints":{"allow":["GET"]}}],"collection":[{"href":"https:\/\/blogs.uni-paderborn.de\/brauerhoch\/wp-json\/wp\/v2\/pages"}],"about":[{"href":"https:\/\/blogs.uni-paderborn.de\/brauerhoch\/wp-json\/wp\/v2\/types\/page"}],"author":[{"embeddable":true,"href":"https:\/\/blogs.uni-paderborn.de\/brauerhoch\/wp-json\/wp\/v2\/users\/8606"}],"replies":[{"embeddable":true,"href":"https:\/\/blogs.uni-paderborn.de\/brauerhoch\/wp-json\/wp\/v2\/comments?post=958"}],"version-history":[{"count":3,"href":"https:\/\/blogs.uni-paderborn.de\/brauerhoch\/wp-json\/wp\/v2\/pages\/958\/revisions"}],"predecessor-version":[{"id":1543,"href":"https:\/\/blogs.uni-paderborn.de\/brauerhoch\/wp-json\/wp\/v2\/pages\/958\/revisions\/1543"}],"wp:attachment":[{"href":"https:\/\/blogs.uni-paderborn.de\/brauerhoch\/wp-json\/wp\/v2\/media?parent=958"}],"curies":[{"name":"wp","href":"https:\/\/api.w.org\/{rel}","templated":true}]}}