{"id":954,"date":"2020-03-17T21:55:21","date_gmt":"2020-03-17T20:55:21","guid":{"rendered":"https:\/\/blogs.uni-paderborn.de\/brauerhoch\/?page_id=954"},"modified":"2020-06-17T22:00:47","modified_gmt":"2020-06-17T20:00:47","slug":"helga-fanderl","status":"publish","type":"page","link":"https:\/\/blogs.uni-paderborn.de\/brauerhoch\/helga-fanderl\/","title":{"rendered":"Helga Fanderl"},"content":{"rendered":"<div class=\"twoclick_social_bookmarks_post_954 social_share_privacy clearfix 1.6.4 locale-de_DE sprite-de_DE\"><\/div><div class=\"twoclick-js\"><script type=\"text\/javascript\">\/* <![CDATA[ *\/\njQuery(document).ready(function($){if($('.twoclick_social_bookmarks_post_954')){$('.twoclick_social_bookmarks_post_954').socialSharePrivacy({\"txt_help\":\"Wenn Sie diese Felder durch einen Klick aktivieren, werden Informationen an Facebook, Twitter, Flattr, Xing, t3n, LinkedIn, Pinterest oder Google eventuell ins Ausland \\u00fcbertragen und unter Umst\\u00e4nden auch dort gespeichert. N\\u00e4heres erfahren Sie durch einen Klick auf das <em>i<\\\/em>.\",\"settings_perma\":\"Dauerhaft aktivieren und Daten\\u00fcber-tragung zustimmen:\",\"info_link\":\"http:\\\/\\\/www.heise.de\\\/ct\\\/artikel\\\/2-Klicks-fuer-mehr-Datenschutz-1333879.html\",\"uri\":\"https:\\\/\\\/blogs.uni-paderborn.de\\\/brauerhoch\\\/helga-fanderl\\\/\",\"post_id\":954,\"post_title_referrer_track\":\"Helga+Fanderl\",\"display_infobox\":\"on\"});}});\n\/* ]]> *\/<\/script><\/div>\n<h3 class=\"wp-block-heading\">\u201eFilm1\u201c:<br>Kirchplatz, Blaues Haus, See, Gramercy Park, M\u00e9schoui, Heftige Quellen (1986-1992)<\/h3>\n\n\n\n<figure class=\"wp-block-image\"><a href=\"https:\/\/blogs.uni-paderborn.de\/brauerhoch\/files\/2020\/03\/fanderl.jpg\"><img loading=\"lazy\" decoding=\"async\" width=\"300\" height=\"224\" src=\"https:\/\/blogs.uni-paderborn.de\/brauerhoch\/files\/2020\/03\/fanderl.jpg\" alt=\"\" class=\"wp-image-1138\" \/><\/a><\/figure>\n\n\n\n<p>D 2004<br>12 min<br>Farbe<br>stumm<br>Super 8 auf 16mm<\/p>\n\n\n\n<p>\u201eFeuer und Rauch im Spiegelbild eines Sees: Kinder und Frauen, die eine Steintreppe hochgehen und Blument\u00f6pfe durch ein Kirchportal tragen: ein braunes Pferd, das auf einer engen Koppel hin- und herspringt: die Gegenst\u00e4nde, die Helga Fanderl filmt, sind elementar. Sie tastet mit der Kamera eine Mauer oder Schreberg\u00e4rten ab: sie verfolgt Schmetterlinge in einem Blumenfeld: sie sammelt Stra\u00dfenereignisse in einer Stadt. Die Realit\u00e4t ist ihr Stoff, den ihr Blick durch den Sucher, ihr Gef\u00fchl f\u00fcr den Rhythmus und ihre Imagination in etwas anderes verwandeln: Sie gestaltet in ihren Film ihre Bilder von der Welt. Dabei l\u00e4sst sie den Dingen ihre eigene Qualit\u00e4t und findet f\u00fcr sie eine ad\u00e4quate Form der Darstellung. Ihre Zeit\u00f6konomie ist ungew\u00f6hnlich und sie wirkt m\u00fchelos.\u201c<br><em>Kaspar K\u00f6nig &#8211; In: Bernhard Uske (Hg.): Film, Beyerle, Bott, Britenstein, Fanderl, Kels, Kr\u00fcger, Zehetner. Frankfurt am Main: Uske, 1998, S. 88-94.<\/em><\/p>\n\n\n\n<p><em>Link<\/em>s<br><a href=\"http:\/\/helgafanderl.com\/\" target=\"_blank\" rel=\"noreferrer noopener\" aria-label=\" (\u00f6ffnet in neuem Tab)\">www.helgafanderl.com<\/a><\/p>\n","protected":false},"excerpt":{"rendered":"<p>\u201eFilm1\u201c:Kirchplatz, Blaues Haus, See, Gramercy Park, M\u00e9schoui, Heftige Quellen (1986-1992) D 200412 minFarbestummSuper 8 auf 16mm \u201eFeuer und Rauch im Spiegelbild eines Sees: Kinder und Frauen, die eine Steintreppe hochgehen und Blument\u00f6pfe durch ein Kirchportal tragen: ein braunes Pferd, das auf einer engen Koppel hin- und herspringt: die Gegenst\u00e4nde, die Helga Fanderl filmt, sind elementar. [&hellip;]<\/p>\n","protected":false},"author":8606,"featured_media":0,"parent":0,"menu_order":0,"comment_status":"closed","ping_status":"closed","template":"","meta":{"footnotes":""},"class_list":["post-954","page","type-page","status-publish","hentry"],"_links":{"self":[{"href":"https:\/\/blogs.uni-paderborn.de\/brauerhoch\/wp-json\/wp\/v2\/pages\/954","targetHints":{"allow":["GET"]}}],"collection":[{"href":"https:\/\/blogs.uni-paderborn.de\/brauerhoch\/wp-json\/wp\/v2\/pages"}],"about":[{"href":"https:\/\/blogs.uni-paderborn.de\/brauerhoch\/wp-json\/wp\/v2\/types\/page"}],"author":[{"embeddable":true,"href":"https:\/\/blogs.uni-paderborn.de\/brauerhoch\/wp-json\/wp\/v2\/users\/8606"}],"replies":[{"embeddable":true,"href":"https:\/\/blogs.uni-paderborn.de\/brauerhoch\/wp-json\/wp\/v2\/comments?post=954"}],"version-history":[{"count":3,"href":"https:\/\/blogs.uni-paderborn.de\/brauerhoch\/wp-json\/wp\/v2\/pages\/954\/revisions"}],"predecessor-version":[{"id":1539,"href":"https:\/\/blogs.uni-paderborn.de\/brauerhoch\/wp-json\/wp\/v2\/pages\/954\/revisions\/1539"}],"wp:attachment":[{"href":"https:\/\/blogs.uni-paderborn.de\/brauerhoch\/wp-json\/wp\/v2\/media?parent=954"}],"curies":[{"name":"wp","href":"https:\/\/api.w.org\/{rel}","templated":true}]}}