{"id":83,"date":"2019-12-14T15:00:27","date_gmt":"2019-12-14T14:00:27","guid":{"rendered":"https:\/\/blogs.uni-paderborn.de\/brauerhoch\/?page_id=83"},"modified":"2022-03-30T10:08:43","modified_gmt":"2022-03-30T08:08:43","slug":"kontakt","status":"publish","type":"page","link":"https:\/\/blogs.uni-paderborn.de\/brauerhoch\/prof-brauerhoch\/kontakt\/","title":{"rendered":"Kontakt"},"content":{"rendered":"<div class=\"twoclick_social_bookmarks_post_83 social_share_privacy clearfix 1.6.4 locale-de_DE sprite-de_DE\"><\/div><div class=\"twoclick-js\"><script type=\"text\/javascript\">\/* <![CDATA[ *\/\njQuery(document).ready(function($){if($('.twoclick_social_bookmarks_post_83')){$('.twoclick_social_bookmarks_post_83').socialSharePrivacy({\"txt_help\":\"Wenn Sie diese Felder durch einen Klick aktivieren, werden Informationen an Facebook, Twitter, Flattr, Xing, t3n, LinkedIn, Pinterest oder Google eventuell ins Ausland \\u00fcbertragen und unter Umst\\u00e4nden auch dort gespeichert. N\\u00e4heres erfahren Sie durch einen Klick auf das <em>i<\\\/em>.\",\"settings_perma\":\"Dauerhaft aktivieren und Daten\\u00fcber-tragung zustimmen:\",\"info_link\":\"http:\\\/\\\/www.heise.de\\\/ct\\\/artikel\\\/2-Klicks-fuer-mehr-Datenschutz-1333879.html\",\"uri\":\"https:\\\/\\\/blogs.uni-paderborn.de\\\/brauerhoch\\\/prof-brauerhoch\\\/kontakt\\\/\",\"post_id\":83,\"post_title_referrer_track\":\"Kontakt\",\"display_infobox\":\"on\"});}});\n\/* ]]> *\/<\/script><\/div>\n<figure class=\"wp-block-table\"><table><tbody><tr><td><strong>Prof. Dr. Annette Brauerhoch<\/strong><br>\nFakult\u00e4t f\u00fcr Kulturwissenschaften<br>\nInstitut f\u00fcr Medienwissenschaften<br>\nUniversit\u00e4t Paderborn<br>\nWarburger Strasse 100<br>\n33098 PaderbornB\u00fcro: E2.360<br>\nTelefon: 05251 \u2013 60 32 85<br>\nFax: 05251 \u2013 60 37 33<br>\nE-Mail: <a href=\"http:\/\/groups.uni-paderborn.de\/brauerhoch\/prof-dr-annette-brauerhoch-2\/kontakt\/linkTo_UnCryptMailto('nbjmup;bc787Avqc\/ef');\">ab676[at]upb.de<\/a><\/td><td><\/td><\/tr><tr><td><\/td><td><\/td><\/tr><tr><td><\/td><td><a href=\"mailto:elena.fingerhut@upb.de\"><br> <\/a><\/td><\/tr><tr><td><\/td><td><\/td><\/tr><tr><td>Alexandra Simopoulou <br> E2.164<br> Telefon: 05251 \u2013 60 32 89<br> Fax: 05251 \u2013 60 39 75<br> E-Mail:  <a href=\"mailto:alsi@mail.uni-paderborn.de\">alsi[at]mail.uni-paderborn.de<\/a> <\/td><td><\/td><\/tr><\/tbody><\/table><\/figure>\n","protected":false},"excerpt":{"rendered":"<p>Prof. Dr. Annette Brauerhoch Fakult\u00e4t f\u00fcr Kulturwissenschaften Institut f\u00fcr Medienwissenschaften Universit\u00e4t Paderborn Warburger Strasse 100 33098 PaderbornB\u00fcro: E2.360 Telefon: 05251 \u2013 60 32 85 Fax: 05251 \u2013 60 37 33 E-Mail: ab676[at]upb.de Alexandra Simopoulou E2.164 Telefon: 05251 \u2013 60 32 89 Fax: 05251 \u2013 60 39 75 E-Mail: alsi[at]mail.uni-paderborn.de<\/p>\n","protected":false},"author":8248,"featured_media":0,"parent":3,"menu_order":0,"comment_status":"closed","ping_status":"closed","template":"","meta":{"footnotes":""},"class_list":["post-83","page","type-page","status-publish","hentry"],"_links":{"self":[{"href":"https:\/\/blogs.uni-paderborn.de\/brauerhoch\/wp-json\/wp\/v2\/pages\/83","targetHints":{"allow":["GET"]}}],"collection":[{"href":"https:\/\/blogs.uni-paderborn.de\/brauerhoch\/wp-json\/wp\/v2\/pages"}],"about":[{"href":"https:\/\/blogs.uni-paderborn.de\/brauerhoch\/wp-json\/wp\/v2\/types\/page"}],"author":[{"embeddable":true,"href":"https:\/\/blogs.uni-paderborn.de\/brauerhoch\/wp-json\/wp\/v2\/users\/8248"}],"replies":[{"embeddable":true,"href":"https:\/\/blogs.uni-paderborn.de\/brauerhoch\/wp-json\/wp\/v2\/comments?post=83"}],"version-history":[{"count":6,"href":"https:\/\/blogs.uni-paderborn.de\/brauerhoch\/wp-json\/wp\/v2\/pages\/83\/revisions"}],"predecessor-version":[{"id":1985,"href":"https:\/\/blogs.uni-paderborn.de\/brauerhoch\/wp-json\/wp\/v2\/pages\/83\/revisions\/1985"}],"up":[{"embeddable":true,"href":"https:\/\/blogs.uni-paderborn.de\/brauerhoch\/wp-json\/wp\/v2\/pages\/3"}],"wp:attachment":[{"href":"https:\/\/blogs.uni-paderborn.de\/brauerhoch\/wp-json\/wp\/v2\/media?parent=83"}],"curies":[{"name":"wp","href":"https:\/\/api.w.org\/{rel}","templated":true}]}}