{"id":736,"date":"2020-03-16T21:36:19","date_gmt":"2020-03-16T20:36:19","guid":{"rendered":"https:\/\/blogs.uni-paderborn.de\/brauerhoch\/?page_id=736"},"modified":"2020-06-17T21:11:10","modified_gmt":"2020-06-17T19:11:10","slug":"links","status":"publish","type":"page","link":"https:\/\/blogs.uni-paderborn.de\/brauerhoch\/links\/","title":{"rendered":"Links und Partner"},"content":{"rendered":"<div class=\"twoclick_social_bookmarks_post_736 social_share_privacy clearfix 1.6.4 locale-de_DE sprite-de_DE\"><\/div><div class=\"twoclick-js\"><script type=\"text\/javascript\">\/* <![CDATA[ *\/\njQuery(document).ready(function($){if($('.twoclick_social_bookmarks_post_736')){$('.twoclick_social_bookmarks_post_736').socialSharePrivacy({\"txt_help\":\"Wenn Sie diese Felder durch einen Klick aktivieren, werden Informationen an Facebook, Twitter, Flattr, Xing, t3n, LinkedIn, Pinterest oder Google eventuell ins Ausland \\u00fcbertragen und unter Umst\\u00e4nden auch dort gespeichert. N\\u00e4heres erfahren Sie durch einen Klick auf das <em>i<\\\/em>.\",\"settings_perma\":\"Dauerhaft aktivieren und Daten\\u00fcber-tragung zustimmen:\",\"info_link\":\"http:\\\/\\\/www.heise.de\\\/ct\\\/artikel\\\/2-Klicks-fuer-mehr-Datenschutz-1333879.html\",\"uri\":\"https:\\\/\\\/blogs.uni-paderborn.de\\\/brauerhoch\\\/links\\\/\",\"post_id\":736,\"post_title_referrer_track\":\"Links+und+Partner\",\"display_infobox\":\"on\"});}});\n\/* ]]> *\/<\/script><\/div>\n<p><a rel=\"noopener noreferrer\" href=\"http:\/\/www.homemovieday.com\" target=\"_blank\">Home Movie Day<\/a><br> <a rel=\"noopener noreferrer\" href=\"http:\/\/www.memoriadelleimmagini.it\/homemovies\" target=\"_blank\">Associazione Home Movies, Bologna<\/a><br> <a rel=\"noopener noreferrer\" href=\"http:\/\/amateurcinemastudies.org\" target=\"_blank\">The Amateur Cinema Studies Network (ACSN)<\/a><br> <a href=\"http:\/\/www.kinothek-asta-nielsen.de\/projekte\/HOMEMOVIEDAY\/\" target=\"_blank\" rel=\"noreferrer noopener\" aria-label=\"Kinothek Asta Nielsen e.V., Frankfurt am Main (\u00f6ffnet in neuem Tab)\">Kinothek Asta Nielsen e.V., Frankfurt am Main<\/a><\/p>\n\n\n\n<p>Wir bem\u00fchen uns mit anderen Initiativen und Archiven um die Vernetzung und den Austausch.<\/p>\n\n\n\n<p>Neben gr\u00f6\u00dferen Initiativen wie dem HomeMovieDay (<a rel=\"noreferrer noopener\" aria-label=\" (\u00f6ffnet in neuem Tab)\" href=\"http:\/\/www.homemovieday.com\" target=\"_blank\">www.homemovieday.com),<\/a> der j\u00e4hrlich an mehreren Orten weltweit stattfindenden M\u00f6glichkeit, Super 8 (und Normal 8) Filme von Experten begutachten und reinigen zu lassen sowie zur Auff\u00fchrung zu bringen (seit 2002 findet weltweit ein HomeMovieDay statt; in Deutschland beteiligen sich unter anderem die St\u00e4dte Frankfurt, Berlin, K\u00f6ln, Bielefeld und M\u00fcnster), sind es kleine Vereine oder Archive, wie die Kinothek Asta Nielsen e.V. in Frankfurt am Main (<a rel=\"noreferrer noopener\" aria-label=\"www.kinothek-asta-nielsen.de (\u00f6ffnet in neuem Tab)\" href=\"http:\/\/www.kinothek-asta-nielsen.de\" target=\"_blank\">www.kinothek-asta-nielsen.de<\/a>) aber auch gr\u00f6\u00dfere wissenschaftliche Netzwerke, die sich um den Erhalt und die wissenschaftliche Aufarbeitung des Materials k\u00fcmmern.<\/p>\n\n\n\n<p>Familienfilmarchive in Europa, vor allem das staatlich gef\u00f6rderte Archiv<br>Associazione Home Movies in Bologna richten regelm\u00e4\u00dfige Veranstaltungen zum Genre aus:<\/p>\n\n\n\n<p><a href=\"http:\/\/www.memoriadelleimmagini.it\/homemovies\" target=\"_blank\" rel=\"noreferrer noopener\" aria-label=\"www.memoriadelleimmagini.it\/homemovies (\u00f6ffnet in neuem Tab)\">www.memoriadelleimmagini.it\/homemovies<\/a><\/p>\n\n\n\n<p>Ein internationales Forschungsnetzwerk zum Familienfilm, das an der Universit\u00e4t Cambridge entstanden ist, stellt wichtige Informationen f\u00fcr Forschende zu Konferenzen und Publikationen bereit und tr\u00e4gt zur weltweiten Vernetzung bei. Auf der Internetseite von<br>The Amateur Cinema Studies Network (ACSN):<br><br><a href=\"http:\/\/amateurcinemastudies.org\" target=\"_blank\" rel=\"noreferrer noopener\" aria-label=\"http:\/\/amateurcinemastudies.org (\u00f6ffnet in neuem Tab)\">http:\/\/amateurcinemastudies.org<\/a><\/p>\n\n\n\n<p>werden Veranstaltungen und Forschungsfragen ver\u00f6ffentlicht, die im Zusammenhang mit dem Umbruch von analogem Filmmaterial zu Digitalisierung stehen. Dort finden sich auch die Aktivit\u00e4ten des Paderborner Archivs.<\/p>\n\n\n\n<p>Wir freuen uns, wenn Sie uns unterst\u00fctzen, indem Sie uns Ihr Super 8-Material zur Verf\u00fcgung stellen.<\/p>\n","protected":false},"excerpt":{"rendered":"<p>Home Movie Day Associazione Home Movies, Bologna The Amateur Cinema Studies Network (ACSN) Kinothek Asta Nielsen e.V., Frankfurt am Main Wir bem\u00fchen uns mit anderen Initiativen und Archiven um die Vernetzung und den Austausch. Neben gr\u00f6\u00dferen Initiativen wie dem HomeMovieDay (www.homemovieday.com), der j\u00e4hrlich an mehreren Orten weltweit stattfindenden M\u00f6glichkeit, Super 8 (und Normal 8) Filme [&hellip;]<\/p>\n","protected":false},"author":8606,"featured_media":0,"parent":0,"menu_order":0,"comment_status":"closed","ping_status":"closed","template":"","meta":{"footnotes":""},"class_list":["post-736","page","type-page","status-publish","hentry"],"_links":{"self":[{"href":"https:\/\/blogs.uni-paderborn.de\/brauerhoch\/wp-json\/wp\/v2\/pages\/736","targetHints":{"allow":["GET"]}}],"collection":[{"href":"https:\/\/blogs.uni-paderborn.de\/brauerhoch\/wp-json\/wp\/v2\/pages"}],"about":[{"href":"https:\/\/blogs.uni-paderborn.de\/brauerhoch\/wp-json\/wp\/v2\/types\/page"}],"author":[{"embeddable":true,"href":"https:\/\/blogs.uni-paderborn.de\/brauerhoch\/wp-json\/wp\/v2\/users\/8606"}],"replies":[{"embeddable":true,"href":"https:\/\/blogs.uni-paderborn.de\/brauerhoch\/wp-json\/wp\/v2\/comments?post=736"}],"version-history":[{"count":7,"href":"https:\/\/blogs.uni-paderborn.de\/brauerhoch\/wp-json\/wp\/v2\/pages\/736\/revisions"}],"predecessor-version":[{"id":1497,"href":"https:\/\/blogs.uni-paderborn.de\/brauerhoch\/wp-json\/wp\/v2\/pages\/736\/revisions\/1497"}],"wp:attachment":[{"href":"https:\/\/blogs.uni-paderborn.de\/brauerhoch\/wp-json\/wp\/v2\/media?parent=736"}],"curies":[{"name":"wp","href":"https:\/\/api.w.org\/{rel}","templated":true}]}}