{"id":728,"date":"2020-03-16T21:34:25","date_gmt":"2020-03-16T20:34:25","guid":{"rendered":"https:\/\/blogs.uni-paderborn.de\/brauerhoch\/?page_id=728"},"modified":"2021-12-03T16:56:51","modified_gmt":"2021-12-03T15:56:51","slug":"kontakt","status":"publish","type":"page","link":"https:\/\/blogs.uni-paderborn.de\/brauerhoch\/kontakt\/","title":{"rendered":"Kontakt"},"content":{"rendered":"<div class=\"twoclick_social_bookmarks_post_728 social_share_privacy clearfix 1.6.4 locale-de_DE sprite-de_DE\"><\/div><div class=\"twoclick-js\"><script type=\"text\/javascript\">\/* <![CDATA[ *\/\njQuery(document).ready(function($){if($('.twoclick_social_bookmarks_post_728')){$('.twoclick_social_bookmarks_post_728').socialSharePrivacy({\"txt_help\":\"Wenn Sie diese Felder durch einen Klick aktivieren, werden Informationen an Facebook, Twitter, Flattr, Xing, t3n, LinkedIn, Pinterest oder Google eventuell ins Ausland \\u00fcbertragen und unter Umst\\u00e4nden auch dort gespeichert. N\\u00e4heres erfahren Sie durch einen Klick auf das <em>i<\\\/em>.\",\"settings_perma\":\"Dauerhaft aktivieren und Daten\\u00fcber-tragung zustimmen:\",\"info_link\":\"http:\\\/\\\/www.heise.de\\\/ct\\\/artikel\\\/2-Klicks-fuer-mehr-Datenschutz-1333879.html\",\"uri\":\"https:\\\/\\\/blogs.uni-paderborn.de\\\/brauerhoch\\\/kontakt\\\/\",\"post_id\":728,\"post_title_referrer_track\":\"Kontakt\",\"display_infobox\":\"on\"});}});\n\/* ]]> *\/<\/script><\/div>\n<p>Prof. Dr. Annette Brauerhoch<\/p>\n\n\n\n<p>Fakult\u00e4t f\u00fcr Kulturwissenschaften<br>Institut f\u00fcr Medienwissenschaften<br>Universit\u00e4t Paderborn<br>Warburger Strasse 100<br>33098 Paderborn<\/p>\n\n\n\n<p>B\u00fcro: E2.360<br>Telefon: 05251 \u2013 60 32 85<br>Fax: 05251 \u2013 60 37 33<br>E-Mail: ab676[at]upb.de<\/p>\n\n\n\n<p> <br>Alexander Schultz<br>B\u00fcro: E2.164<br>Telefon: 05251 \u2013 60 32 86<br>Fax: 05251 \u2013 60 39 75<br>E-Mail: schultz[at]mail[dot]uni-paderborn[dot]de<\/p>\n","protected":false},"excerpt":{"rendered":"<p>Prof. Dr. Annette Brauerhoch Fakult\u00e4t f\u00fcr KulturwissenschaftenInstitut f\u00fcr MedienwissenschaftenUniversit\u00e4t PaderbornWarburger Strasse 10033098 Paderborn B\u00fcro: E2.360Telefon: 05251 \u2013 60 32 85Fax: 05251 \u2013 60 37 33E-Mail: ab676[at]upb.de Alexander SchultzB\u00fcro: E2.164Telefon: 05251 \u2013 60 32 86Fax: 05251 \u2013 60 39 75E-Mail: schultz[at]mail[dot]uni-paderborn[dot]de<\/p>\n","protected":false},"author":8606,"featured_media":0,"parent":0,"menu_order":0,"comment_status":"closed","ping_status":"closed","template":"","meta":{"footnotes":""},"class_list":["post-728","page","type-page","status-publish","hentry"],"_links":{"self":[{"href":"https:\/\/blogs.uni-paderborn.de\/brauerhoch\/wp-json\/wp\/v2\/pages\/728","targetHints":{"allow":["GET"]}}],"collection":[{"href":"https:\/\/blogs.uni-paderborn.de\/brauerhoch\/wp-json\/wp\/v2\/pages"}],"about":[{"href":"https:\/\/blogs.uni-paderborn.de\/brauerhoch\/wp-json\/wp\/v2\/types\/page"}],"author":[{"embeddable":true,"href":"https:\/\/blogs.uni-paderborn.de\/brauerhoch\/wp-json\/wp\/v2\/users\/8606"}],"replies":[{"embeddable":true,"href":"https:\/\/blogs.uni-paderborn.de\/brauerhoch\/wp-json\/wp\/v2\/comments?post=728"}],"version-history":[{"count":8,"href":"https:\/\/blogs.uni-paderborn.de\/brauerhoch\/wp-json\/wp\/v2\/pages\/728\/revisions"}],"predecessor-version":[{"id":1978,"href":"https:\/\/blogs.uni-paderborn.de\/brauerhoch\/wp-json\/wp\/v2\/pages\/728\/revisions\/1978"}],"wp:attachment":[{"href":"https:\/\/blogs.uni-paderborn.de\/brauerhoch\/wp-json\/wp\/v2\/media?parent=728"}],"curies":[{"name":"wp","href":"https:\/\/api.w.org\/{rel}","templated":true}]}}