{"id":63,"date":"2019-12-14T14:58:31","date_gmt":"2019-12-14T13:58:31","guid":{"rendered":"https:\/\/blogs.uni-paderborn.de\/brauerhoch\/?page_id=63"},"modified":"2020-08-09T20:41:32","modified_gmt":"2020-08-09T18:41:32","slug":"vortraege","status":"publish","type":"page","link":"https:\/\/blogs.uni-paderborn.de\/brauerhoch\/prof-brauerhoch\/vortraege\/","title":{"rendered":"Vortr\u00e4ge"},"content":{"rendered":"<div class=\"twoclick_social_bookmarks_post_63 social_share_privacy clearfix 1.6.4 locale-de_DE sprite-de_DE\"><\/div><div class=\"twoclick-js\"><script type=\"text\/javascript\">\/* <![CDATA[ *\/\njQuery(document).ready(function($){if($('.twoclick_social_bookmarks_post_63')){$('.twoclick_social_bookmarks_post_63').socialSharePrivacy({\"txt_help\":\"Wenn Sie diese Felder durch einen Klick aktivieren, werden Informationen an Facebook, Twitter, Flattr, Xing, t3n, LinkedIn, Pinterest oder Google eventuell ins Ausland \\u00fcbertragen und unter Umst\\u00e4nden auch dort gespeichert. N\\u00e4heres erfahren Sie durch einen Klick auf das <em>i<\\\/em>.\",\"settings_perma\":\"Dauerhaft aktivieren und Daten\\u00fcber-tragung zustimmen:\",\"info_link\":\"http:\\\/\\\/www.heise.de\\\/ct\\\/artikel\\\/2-Klicks-fuer-mehr-Datenschutz-1333879.html\",\"uri\":\"https:\\\/\\\/blogs.uni-paderborn.de\\\/brauerhoch\\\/prof-brauerhoch\\\/vortraege\\\/\",\"post_id\":63,\"post_title_referrer_track\":\"Vortr%C3%A4ge\",\"display_infobox\":\"on\"});}});\n\/* ]]> *\/<\/script><\/div>\n<p><strong>2019<\/strong><br><a href=\"https:\/\/www.uni-bremen.de\/film\/filmkultur\/filmsymposium\/bisherige-filmsymposien\/familien-bilder\/vortraege\" target=\"_blank\" rel=\"noreferrer noopener\" aria-label=\"&quot;Demontagen, Reinszenierungen: Familie, Geschichte und filmische Form&quot; (\u00f6ffnet in neuem Tab)\">&#8222;Demontagen, Reinszenierungen: Familie, Geschichte und filmische Form&#8220;<\/a>, 24. Internationales Bremer Symposium zum Film, Universit\u00e4t Bremen <\/p>\n\n\n\n<p><a rel=\"noreferrer noopener\" aria-label=\"&quot;Stepping Out &amp; Paradise Love: Sex, Racism &amp; Female Desire&quot; (\u00f6ffnet in neuem Tab)\" href=\"https:\/\/www.uni-paderborn.de\/nachricht\/90840\/\" target=\"_blank\">&#8222;Stepping Out &amp; Paradise Love: Sex, Racism &amp; Female Desire&#8220;<\/a>, im Rahmen des Filmprogramms <a rel=\"noreferrer noopener\" aria-label=\"&quot;The Germans are coming!!!&quot; (\u00f6ffnet in neuem Tab)\" href=\"http:\/\/www.cinemaoasis.com\/en\/archive\/the-germans-are-coming\/\" target=\"_blank\">&#8222;The Germans are coming!!!&#8220;<\/a>, Cinema Oasis, Bangkok, Thailand <\/p>\n\n\n\n<p><a rel=\"noreferrer noopener\" aria-label=\"&quot;Das Archiv f\u00fcr den bundesdeutschen Experimental- und Avantgardefilm von Frauen&quot; (\u00f6ffnet in neuem Tab)\" href=\"https:\/\/dezentrale-kulturarbeit.de\/film_erben\/\" target=\"_blank\">&#8222;Das Archiv f\u00fcr den bundesdeutschen Experimental- und Avantgardefilm von Frauen&#8220;<\/a>, im Rahmen der Veranstaltung \u201eFilmerben. Der filmische Nachlass\u201c, Xenon Kino, Berlin <\/p>\n\n\n\n<p><a rel=\"noreferrer noopener\" aria-label=\"&quot;Filme des Archivs f\u00fcr den Amateur- und Familienfilm Paderborn&quot; (\u00f6ffnet in neuem Tab)\" href=\"https:\/\/www.facebook.com\/Filmerben\" target=\"_blank\">&#8222;Filme des Archivs f\u00fcr den Amateur- und Familienfilm Paderborn&#8220;<\/a>, im Rahmen der Veranstaltung \u201eFilmerben. Der filmische Nachlass\u201c, Rathaus Sch\u00f6neberg, Berlin <\/p>\n\n\n\n<p><a rel=\"noreferrer noopener\" aria-label=\"&quot;Filmr\u00e4ume, Erinnerungsr\u00e4ume: Das Haus der Familie&quot; (\u00f6ffnet in neuem Tab)\" href=\"http:\/\/mewi.hbk-bs.de\/aktuelles\/neue-veranstaltung-anlegen\/details\/24368\/\" target=\"_blank\">&#8222;Filmr\u00e4ume, Erinnerungsr\u00e4ume: Das Haus der Familie&#8220;<\/a>, im Rahmen der Veranstaltung \u201eDoing Space, Doing Gender\u201c, Hochschule der bildenden K\u00fcnste, Braunschweig <\/p>\n\n\n\n<p><a href=\"https:\/\/idw-online.de\/de\/news710797\" target=\"_blank\" rel=\"noreferrer noopener\" aria-label=\"Oscars 2019 (\u00f6ffnet in neuem Tab)\">Oscars 2019<\/a>: Interview mit Prof. Dr. Annette Brauerhoch von der Universit\u00e4t Paderborn, idw &#8211; Informationsdienst Wissenschaft <\/p>\n\n\n\n<p><a rel=\"noreferrer noopener\" aria-label=\"&quot;Street Corner: Eine Einf\u00fchrung&quot; (\u00f6ffnet in neuem Tab)\" href=\"https:\/\/www.dff.film\/kino\/kinoprogramm\/filmreihen\/pionierinnen-des-film-noir\/\" target=\"_blank\">&#8222;Street Corner: Eine Einf\u00fchrung&#8220;<\/a>, im Rahmen der Veranstaltung \u201ePionierinnen des Film Noir\u201c, Deutsches Filminstitut Filmmuseum, Frankfurt<\/p>\n\n\n\n<p><strong>2018<\/strong><br>&#8222;Sch\u00f6nheit und Banalit\u00e4t? Zur \u00c4sthetik und Bedeutung des Super-8-Films&#8220;, anl\u00e4sslich der Er\u00f6ffnung des deutschen Videothekenmuseums, Kassel <\/p>\n\n\n\n<p><a rel=\"noreferrer noopener\" aria-label=\"&quot;Experimental- und Avantgardefilme von Frauen aus dem Archiv der Universit\u00e4t Paderborn&quot; (\u00f6ffnet in neuem Tab)\" href=\"http:\/\/www.kino-im-sprengel.de\/download\/Frauen_Programmheft_web_ganzfarbig_optim.pdf\" target=\"_blank\">&#8222;Experimental- und Avantgardefilme von Frauen aus dem Archiv der Universit\u00e4t Paderborn&#8220;<\/a>, im Rahmen der Veranstaltungsreihe \u201e80er Jahre &#8211; Filme von Frauen\u201c, Kino im Sprengel, Hannover <\/p>\n\n\n\n<p><a rel=\"noreferrer noopener\" aria-label=\"&quot;Filmarchive der Universit\u00e4t Paderborn\u201c (\u00f6ffnet in neuem Tab)\" href=\"https:\/\/daten.kommunale-kinos.de\/buko2018-kino-heute.pdf\" target=\"_blank\">&#8222;Filmarchive der Universit\u00e4t Paderborn<\/a>&#8222;, Panel zur Verf\u00fcgbarkeit und Sicherung des Filmerbes, Bundeskongress der Kommunalen Kinos, Kino heute. Cinema and beyond, Hannover <\/p>\n\n\n\n<p><a rel=\"noreferrer noopener\" aria-label=\"&quot;Nella Citta L\u2019inferno: Eine Einf\u00fchrung\u201c (\u00f6ffnet in neuem Tab)\" href=\"https:\/\/whoknowspresents.blogspot.com\/2018\/09\/tutto-e-filmbericht-vom-5-terza-visione.html\" target=\"_blank\">&#8222;Nella Citta L\u2019inferno: Eine Einf\u00fchrung<\/a>&#8222;, Im Rahmen von Terza Visione, Festival des italienischen Genrefilms, Deutsches Filminstitut Filmmuseum, Frankfurt  <\/p>\n\n\n\n<p><a rel=\"noreferrer noopener\" aria-label=\"&quot;Materialgeschichten \u2013 Geschichtsmaterial: 16mm Experimenta\u201c (\u00f6ffnet in neuem Tab)\" href=\"https:\/\/kalender.null41.ch\/content\/salon-ida-12\" target=\"_blank\">&#8222;Materialgeschichten \u2013 Geschichtsmaterial: 16mm Experimenta<\/a>&#8222;, Salon IDA, Hochschule Luzern <\/p>\n\n\n\n<p><strong>2017<\/strong><br><a rel=\"noreferrer noopener\" aria-label=\"&quot;Gordon Parks. I Am You. Selected Works 1942\u20131978&quot; (\u00f6ffnet in neuem Tab)\" href=\"https:\/\/www.deutscheboersephotographyfoundation.org\/de\/foerdern\/wissenschaftlicher-dialog.php\" target=\"_blank\">&#8222;Gordon Parks. I Am You. Selected Works 1942\u20131978&#8220;<\/a>, Vortrag im Rahmen der Veranstaltungsreihe Wissenschaftlicher Dialog, Deutsche B\u00f6rse Photography Foundation, Frankfurt <\/p>\n\n\n\n<p>Einf\u00fchrung in das Filmprogramm <em><a href=\"https:\/\/www.uni-paderborn.de\/graduiertenkolleg-automatismen\/veranstaltungen\/tagungen\/\" target=\"_blank\" rel=\"noreferrer noopener\" aria-label=\"&quot;Collateral Damage \u2013 Filmische Zersetzungen\u201c (\u00f6ffnet in neuem Tab)\">&#8222;Collateral Damage \u2013 Filmische Zersetzungen<\/a><\/em><a href=\"https:\/\/www.uni-paderborn.de\/graduiertenkolleg-automatismen\/veranstaltungen\/tagungen\/\" target=\"_blank\" rel=\"noreferrer noopener\" aria-label=\"&quot;Collateral Damage \u2013 Filmische Zersetzungen\u201c (\u00f6ffnet in neuem Tab)\">\u201c<\/a>, Tagung des Graduiertenkollegs Automatismen: Automatismen und Struktur: Zu Prozessen der Aufl\u00f6sung und Zersetzung, Universit\u00e4t Paderborn <\/p>\n\n\n\n<p><strong>2016<\/strong><br> <a rel=\"noreferrer noopener\" aria-label=\"\u201eCollage und Film: 16mm-Kurzfilmabend\u201c (\u00f6ffnet in neuem Tab)\" href=\"http:\/\/www.kunsthalle-darmstadt.de\/Programm_3_0_gid_4_pid_156.html\" target=\"_blank\">&#8222;Collage und Film: 16mm-Kurzfilmabend<\/a>&#8222;, Vorstellung des Archivs f\u00fcr den bundesdeutschen Experimentalfilm von Frauen, Kunsthalle Darmstadt  <\/p>\n\n\n\n<p><a href=\"https:\/\/www.uni-paderborn.de\/nachricht\/81861\/\" target=\"_blank\" rel=\"noreferrer noopener\" aria-label=\" (\u00f6ffnet in neuem Tab)\">&#8222;Filmische Handlung und Raum&#8220;<\/a>, im Rahmen der Ringvorlesung \u201eRaum aus Handeln, Raum aushandeln\u201c des Graduiertenkollegs \u201eAutomatismen\u201c der Universit\u00e4t Paderborn<\/p>\n\n\n\n<p><strong>2015<br> <\/strong><em><a rel=\"noreferrer noopener\" aria-label=\"\u201cThe work of screening: feminist filmmaking in the  pre-digital age. Introducing a collection of analogue experimental films  by women, made in West-Germany in the 1980s\u201d (\u00f6ffnet in neuem Tab)\" href=\"https:\/\/gssn.kdl.kcl.ac.uk\/events\/screening-work-gssn-3rd-annual-symposium\/\" target=\"_blank\">\u201cThe work of screening: feminist filmmaking in the  pre-digital age. Introducing a collection of analogue experimental films  by women, made in West-Germany in the 1980s\u201d<\/a>, <\/em>German Screen Studies Network (GSSN), Annual symposium, SCREENING WORK, University of Cambridge<\/p>\n\n\n\n<p><a rel=\"noreferrer noopener\" aria-label=\"\u201cShades of Grey, or Black &amp; White: The Aesthetics of Female  Desire in Ulrich Seidl\u2019s \u201cParadies Liebe\u201d (A\/D\/F 2012)\u201d (\u00f6ffnet in neuem Tab)\" href=\"https:\/\/german.arizona.edu\/event\/german-studies-colloquium-shades-grey-or-black-white-aesthetics-female-desire-ulrich-seidl%E2%80%99s\" target=\"_blank\">\u201cShades of Grey, or Black &amp; White: The Aesthetics of Female  Desire in Ulrich Seidl\u2019s \u201cParadies Liebe\u201d (A\/D\/F 2012)\u201d<\/a>, German Studies  Colloquium, University of Arizona, Tucson<\/p>\n\n\n\n<p><a rel=\"noreferrer noopener\" aria-label=\"\u201c(Ab)using the Sublime: Oceanic Desert in Antonioni\u2019s Zabriskie Point (1970)\u201d (\u00f6ffnet in neuem Tab)\" href=\"http:\/\/german.arizona.edu\/oad\" target=\"_blank\">\u201c(Ab)using the Sublime: Oceanic Desert in Antonioni\u2019s Zabriskie Point (1970)\u201d<\/a><br> Im Rahmen der Tagung <em>Oceans and Deserts 2015,<br> <\/em>Charting Transdisciplinary Currents in Environment and Culture  within the Arts and Sciences, University of Arizona, Tucson (vorgelesen  von Prof. Dr. Barbara Kosta)<\/p>\n\n\n\n<p><strong>2014<\/strong><br>\n\u201cThe long shot and the acoustic loop \u2013 dis\/placing the female figure in \nBarbara Loden\u2019s Wanda (USA 1970)\u201d, University of Arizona, Tucson<\/p>\n\n\n\n<p>\u201cImMediaCy \u2013 Sounding the Scape in WANDA\u201d, Arizona State University, Tempe \/ Phoenix<\/p>\n\n\n\n<p><strong>2013<\/strong><br>\n\u201eNothing happens: Sex in Ulrich Seidls Paradies Liebe\u201d, NECS, European \nNetwork for Cinema and Media Studies, Faculty of Arts, Charles \nUniversity, Prague, June 2013.<\/p>\n\n\n\n<p>\u201eFemale desire between \u2018realism\u2019 and stylization: Sex in Ulrich \nSeidl\u2019s Paradies Liebe, im Rahmen der Tagung Sexualities in Arthouse and\n Mainstream Cinema, Centre for languages and literature, Lund \nUniversity, Schweden.<\/p>\n\n\n\n<p><strong>2012<\/strong><br> \u201eZwischenr\u00e4ume \u2013 Film und Kino zwischen Automatisierung und  Entautomatisierung\u201d, im Rahmen der Ringvorlesung des Paderborner  Graduiertenkollegs \u201eAutomatismen\u201c, Universit\u00e4t Paderborn.<br><a href=\"https:\/\/www.uni-paderborn.de\/en\/nachricht\/38641\/\" target=\"_blank\" rel=\"noreferrer noopener\" aria-label=\" (\u00f6ffnet in neuem Tab)\">https:\/\/www.uni-paderborn.de\/en\/nachricht\/38641\/<\/a><\/p>\n\n\n\n<p><strong>2011<\/strong><br> \u201cIns Leere Laufen. Raumtiefe und Handlungsmacht in ausgew\u00e4hlten  Experimentalfilmen von Frauen\u201d, Jahrestagung der Gesellschaft f\u00fcr  Medienwissenschaft, Universit\u00e4t Potsdam.<br><a href=\"https:\/\/gfmedienwissenschaft.de\/sites\/gfm\/files\/pdf\/2018-03\/dysfunktionalitae%20ten-Jahrestagung.pdf\" target=\"_blank\" rel=\"noreferrer noopener\" aria-label=\" (\u00f6ffnet in neuem Tab)\">https:\/\/gfmedienwissenschaft.de\/sites\/gfm\/files\/pdf\/2018-03\/dysfunktionalitae%20ten-Jahrestagung.pdf<\/a><\/p>\n\n\n\n<p>\u201cSounding the Scape: The Mise-en-s\u00e8ne of authenticity in Barbara  Loden\u2019s Wanda (USA 1970)\u201d, NECS, The London Conference: Sonic Futures:<br> Soundscapes and the Languages of Screen Media.<br><a href=\"https:\/\/necs.org\/sites\/default\/files\/conference_files\/necs2011_final_programme.pdf\" target=\"_blank\" rel=\"noreferrer noopener\" aria-label=\" (\u00f6ffnet in neuem Tab)\">https:\/\/necs.org\/sites\/default\/files\/conference_files\/necs2011_final_programme.pdf<\/a><\/p>\n\n\n\n<p><strong>2010<br>\n<\/strong>\u201cAm falschen Ort? \u2013 Nicht-Identit\u00e4t und Raumerfahrung in Barbara Lodens \u201cWanda\u201d (USA, 1970)\u201d<br>\nTagung des Zentrums f\u00fcr Wissenschaft &amp; Forschung | Medien (ZWF) \nLeipzig MEDIENORTE. Mise-en-sc\u00e8nes in alten und neuen Medien in \nZusammenarbeit mit dem Institut f\u00fcr Kommunikations- und \nMedienwissenschaft der Universit\u00e4t Leipzig sowie des Departments f\u00fcr \nMedien &amp; Kommunikation der Martin-Luther-Universit\u00e4t \nHalle-Wittenberg<\/p>\n\n\n\n<p><strong>2009<\/strong><br>\n\u201cM\u00e4nnlichkeit tragen: Der Stoff aus dem die Tr\u00e4ume sind.\u201d<br>\nIm Rahmen der Ringvorlesung der Universit\u00e4t Hamburg zu Sexy Media \u2013 \nGender \u2013 Medialit\u00e4t \u2013 Kulturalit\u00e4t, Wintersemester 2008\/09 mit \nUnterst\u00fctzung des Hans-Bredow-Instituts<\/p>\n\n\n\n<p>\u201cFr\u00e4uleins und GIs? Beziehungen zwischen deutschen Frauen und amerikanischen Soldaten nach 1945, im Rahmen der Ausstellung <em>Mehr als Elvis \u2013 60 Jahre Amerikaner in Hessen<\/em>, Capri-Club (ehemalige Ray Barracks), Friedberg<\/p>\n\n\n\n<p>\u201cSinn und Sinnlichkeit \u2013 Lehr\/film und Schule\u201d, im Rahmen der Ringvorlesung <em>Schulen: Repr\u00e4sentation, Transformation und Vermittlung von Wissen\u201d<\/em>, Universit\u00e4t Paderborn<\/p>\n\n\n\n<p><strong>2008<\/strong><br>\n\u201cM\u00e4nnlichkeit tragen \u2013 der Stoff, aus dem die Tr\u00e4ume sind (?)\u201d, im Rahmen der Ringvorlesung <em>Gender-Studies im Spiegel der Wissenschaft<\/em>, Universit\u00e4t Paderborn<\/p>\n\n\n\n<p>\u201cOsmotische R\u00e4ume: Intimit\u00e4t und \u00d6ffentlichkeit in Peter Pewas \u201eStra\u00dfenbekanntschaft\u201c (D, 1948)\u201d, Workshop <em>Das westeurop\u00e4ische Nachkriegskino<\/em>,\n veranstaltet vom SFB-Projekt \u201eDie Politik des \u00c4sthetischen im \nwesteurop\u00e4ischen Kino\u201c, im Sonderforschungsbereich 626 \u201e\u00c4sthetische \nErfahrung im Zeichen der Entgrenzung der K\u00fcnste\u201c der Freien Universit\u00e4t \nBerlin<\/p>\n\n\n\n<p>\u201cM\u00e4nnlichkeit tragen \u2013 der Stoff aus dem die Tr\u00e4ume sind\u201d, im Rahmen der Veranstaltung <em>Good Boys \u2013 Bad Boys, M\u00e4nnlichkeiten und visuelle Kultur<\/em>,\n Hochschule f\u00fcr Bildende K\u00fcnste Braunschweig in Kooperation mit dem \nCentrum f\u00fcr Postcolonial und Gender Studies der Universit\u00e4t Trier.<\/p>\n\n\n\n<p>\u201cGeschlecht \u2013 blo\u00df gelegt: Untiefen und Abgr\u00fcnde\u201d, im Rahmen der Veranstaltung <em>Stellungswechsel in Feminismus, Performance und Film<\/em>,\n brut, Koproduktionshaus Wien, Institut f\u00fcr Theater-, Film- und \nMedienwissenschaft (Universit\u00e4t Wien) und Queere Interventionen. \nGespr\u00e4che zu Kulturwissenschaft und Kunst (Universit\u00e4t Wien und \u00d6H \nReferat f\u00fcr HomoBiTrans Angelegenheiten)<\/p>\n\n\n\n<p><strong>2006<\/strong><br>\n\u201cSch\u00f6nheit und Banalit\u00e4t? Zur Geschichte, \u00c4sthetik, Theorie von Super 8\u201d, Universit\u00e4t der K\u00fcnste, Berlin<\/p>\n\n\n\n<p>\u201c\u2018Something New\u2019 \u2013 Neue Frauen und das Kino\u201d. Johannes Gutenberg Universit\u00e4t, Mainz<\/p>\n\n\n\n<p>Buchpr\u00e4sentationen in Zusammenarbeit mit Kinothek Asta Nielsen, \nFrankfurt am Main, Juni 2006, der Kinoinitiative Lichtblick, Paderborn, \nJuli 2006, den Freunden der deutschen Kinemathek, Kino Arsenal, Berlin, \nDezember 2006<\/p>\n\n\n\n<p><strong>2005<\/strong><br> \u201cWar Films and Female Spectatorial Pleasure\u201c, International Institute  for Film and Television, Pune, Indien und Sophia Polytechnic, Social  Communications Media Department, Bombay, Indien<\/p>\n\n\n\n<p>\u201cMaterial Affinities\u201d, Konferenz: Visualizing the City, School of \nArts Histories &amp; Cultures, The University of Manchester, UK<\/p>\n\n\n\n<p><strong>2004<\/strong><br>\n\u201eWahrnehmung und Medium: Die Realit\u00e4t des Films, filmische Realit\u00e4t und \ndie Realit\u00e4t der Zuschauer\u201c, O.K-Centrum f\u00fcr Gegenwartskunst, \nUniversit\u00e4t Linz<\/p>\n\n\n\n<p>\u201eFr\u00e4uleins und G.I.s: Nachkriegsfilme und Nachkriegskultur\u201c, Institut f\u00fcr Soziologie, Gender Studies, Universit\u00e4t Hannover<\/p>\n\n\n\n<p><strong>2003<\/strong><br>\n\u201cPodiumsdiskussion: Screenpolitics: <em>The power of the Political in the field of media.<\/em>\n Eine gemeinsame Veranstaltung von Synema \u2013 Gesellschaft f\u00fcr Film und \nMedien, VfW Verband feministischer Wissenschafterinnen, IKM \u2013 Institut \nf\u00fcr Kulturmanagement und Kulturwissenschaft. Universit\u00e4t f\u00fcr Musik und \ndarstellende Kunst, Wien<\/p>\n\n\n\n<p>\u201eK\u00f6rper \/ Film \/ Utopie\u201c, Graduiertenkolleg K\u00f6rper-Inszenierungen, Freie Universit\u00e4t Berlin<\/p>\n\n\n\n<p><strong>2001<\/strong><br>\n\u201eFeminist Film and History\u201d, New York University, Department for Cinema Studies, New York, USA<\/p>\n\n\n\n<p>\u201eSearching for the Fr\u00e4ulein\u201d,&nbsp; Columbia University Cinema Seminar, New York, USA<\/p>\n\n\n\n<p><strong>2000<\/strong><br>\n\u201cThe Searching EYE\/I\u201d: \u2018Objectivity\u2019 and \u2018Subjectivity\u2019 in Harun Farocki\u2019s Work\u201d, im Rahmen des Panels <em>The Violence of Vision<\/em> der Konferenz <em>Harun Farocki and the World of Images,<\/em> Deutsches Haus at NYU, New York, USA<\/p>\n\n\n\n<p>\u201eBad Love Objects? African-American Soldiers and White German Women as Post-War Germany\u2019s New \u2018Other\u2019\u201d, Konferenz <em>Ethnic Encounters and Identities: German, American, and African Perceptions<\/em>, Universit\u00e4t Leipzig<\/p>\n\n\n\n<p>\u201eSexy Soldier \u2013 War Films and Female Spectatorial Pleasure\u201c, Konferenz <em>Point Blank: Tough Guy Film &amp; Culture<\/em>; University of Arizona, Tucson, USA<\/p>\n\n\n\n<p>\u201eG.I.s and \u2018Fr\u00e4uleins\u2019: German-American Encounters in the Movies\u201c, Ringvorlesung zu <em>Multicultural Germany: Media, Art, Performance,<\/em> University of Texas, Austin, USA<\/p>\n\n\n\n<p><strong>1999<\/strong><br>\n\u201eRepresentation Denied: Films, \u201eFr\u00e4uleins\u201d, and Female Post-War \n(Counter-) Culture in Germany\u201c; University of North Carolina, Chapel \nHill, USA<\/p>\n\n\n\n<p>\u201eWar, Sex, and the Female Spectator\u201c, Deutsches Haus at Columbia University, New York, USA<\/p>\n\n\n\n<p><strong>1997<\/strong><br>\n\u201eKriegsfilme und weibliches Publikum\u201c, Tagung zu <em>Kunst und Krieg. Ein anderer Blick auf Gedenken, Erinnern und Erleben.Kulturwissenschaftlerinnen melden sich zu Wort.<\/em>\n Magistrat der Stadt Marburg und Phillips-Universit\u00e4t im Rahmen der \nAusstellung Vernichtungskrieg. Verbrechen der Wehrmacht 1941-1944.<\/p>\n\n\n\n<p>\u201eNarration und Geschlecht \u2013 Erz\u00e4hlen und Zeigen : Zum Verh\u00e4ltnis von \nNarration, feministischer Filmtheorie und -praxis\u201c, Ringvorlesung <em>Filmisches Erz\u00e4hlen \u2013 Narration im Spielfilm<\/em> der Eidgen\u00f6ssischen Technischen Hochschule, Z\u00fcrich<\/p>\n\n\n\n<p>\u201eDenying the Difference \u2013 \u201aSchicksals\u2018konstruktionen und Rassebegriff in William Miles und Nina Rosenblums <em>Liberators. Fighting on Two Fronts in World War II<\/em>\n (USA 1993)\u201c, Fritz Bauer Institut und Deutsches Filmmuseum Frankfurt, \nanl\u00e4sslich einer Ausstellung und Filmreihe zu Mikael Levins Fotografien <em>Spuren<\/em><\/p>\n\n\n\n<p>\u201eSexy Soldier \u2013 Kriegsfilme als (heimliche) Pornografie f\u00fcr Frauen?\u201c,\n Tagung der Evangelischen Stadtakademie Frankfurt und Hessischen \nLandeszentrale f\u00fcr politische Bildung zu <em>Weiblichkeit und Gewalt im Film der Gegenwart<br>\n<\/em><br>\n\u201e\u2019Americanness\u2019- K\u00f6rperlichkeit als Symbol kultureller Differenz \u2013 Montgomery Clift\u201c, Symposium zu <em>Schauspielkunst im Film<\/em> der Johannes-Gutenberg-Universit\u00e4t, Mainz<\/p>\n\n\n\n<p><strong>1996<\/strong><br>\n\u201eKrieg und m\u00e4nnliche Trauer im Film\u201c, Tagung zu <em>Differenz und Geschlecht in den Welten der Medien<\/em>,\n Forum der Evangelischen Erwachsenenbildung, Hessische Landeszentrale \nf\u00fcr politische Bildung und Universit\u00e4t Frankfurt, \nGesellschaftswissenschaften<\/p>\n\n\n\n<p><strong>1995<\/strong><br>\n\u201eTrauer in Tr\u00fcmmern \u2013 M\u00e4nnliches Trauma und das Motiv des traurigen Jungen in Nachkriegsfilmen 1945 \u2013 1948\u201c, Tagung <em>Das Geschlecht der Geb\u00e4rden \u2013 Trauer<\/em> der Universit\u00e4t-GH Paderborn<\/p>\n\n\n\n<p><strong>1994<\/strong><br>\n\u201eShirins Hochzeit \u2013 Die Heimat des Geschlechts oder mit der fremden Geschichte die eigene erz\u00e4hlen\u201c, Tagung \u2018<em>Heimat\u2019 und Geschlechterdifferenz<\/em> der Universit\u00e4t-GH Paderborn<\/p>\n\n\n\n<p><strong>1993<\/strong><br>\n\u201eSein und Schein. Konstruktionen m\u00e4nnlicher und weiblicher Sch\u00f6nheit in <em>Gilda, American Gigolo <\/em>und <em>Mommie Dearest<\/em>\u201c, Tagung Macht der Sch\u00f6nheit und ihre Konstruktion im Film der Evangelischen Akademie Arnoldshain<\/p>\n\n\n\n<p>\u201eFeministische Filmtheorie und <em>Variety <\/em>von Bette Gordon\u201c, Universit\u00e4t-GH Kassel<\/p>\n\n\n\n<p>\u201eVom Horror der Weiblichkeit: Science-Fiction und Horrorfilm\u201c, Universit\u00e4t Hildesheim<\/p>\n\n\n\n<p><strong>1992<\/strong><br>\n\u201eMonster-M\u00fctter, M\u00fctter-Monster: Die \u201aVerweiblichung\u2018 des Schreckens\u201c. Kino im Leeren Beutel, Regensburg<\/p>\n\n\n\n<p><strong>1991<\/strong><br>\n\u201eAlter, Rasse und Geschlecht in <em>Privilege <\/em>von Yvonne Rainer\u201c, Hochschule f\u00fcr Film und Fernsehen, M\u00fcnchen<\/p>\n\n\n\n<p>\u201eAnn\u00e4herung \u00fcber Umwege: Amerikanisches Kino und Filmkritik in der Bundesrepublik Deutschland am Beispiel von <em>Frauen und Film<\/em>\u201c, 38. Wissenschaftliche Jahrestagung der Deutschen Gesellschaft f\u00fcr Amerikastudien, M\u00fcnster<\/p>\n\n\n\n<p><strong>1989<\/strong><br>\n\u201eFeministische Filmtheorie, der Blick, die Schaulust\u201c, Jahrestagung der \nGesellschaft f\u00fcr Film- und Fernsehwissenschaften, Frankfurt am Main<\/p>\n\n\n\n<p><strong>1988<\/strong><br>\n\u201eIs the gaze male?\u201c \u2013 Implikationen filmischer Blickinszenierung\u201c, \nHessische Lehrerfortbildung zu Aspekten feministischer Forschung<\/p>\n\n\n\n<p><strong>1986<\/strong><br>\n\u201eFormen von Gewalt im Film\u201c, Tagung <em>Gewalt der Bilder \u2013 Gewalt der Verh\u00e4ltnisse<\/em> des Feministischen Interdisziplin\u00e4ren Forschungsinstituts, Frankfurt am Main<\/p>\n","protected":false},"excerpt":{"rendered":"<p>2019&#8222;Demontagen, Reinszenierungen: Familie, Geschichte und filmische Form&#8220;, 24. Internationales Bremer Symposium zum Film, Universit\u00e4t Bremen &#8222;Stepping Out &amp; Paradise Love: Sex, Racism &amp; Female Desire&#8220;, im Rahmen des Filmprogramms &#8222;The Germans are coming!!!&#8220;, Cinema Oasis, Bangkok, Thailand &#8222;Das Archiv f\u00fcr den bundesdeutschen Experimental- und Avantgardefilm von Frauen&#8220;, im Rahmen der Veranstaltung \u201eFilmerben. Der filmische Nachlass\u201c, [&hellip;]<\/p>\n","protected":false},"author":8248,"featured_media":0,"parent":3,"menu_order":0,"comment_status":"closed","ping_status":"closed","template":"","meta":{"footnotes":""},"class_list":["post-63","page","type-page","status-publish","hentry"],"_links":{"self":[{"href":"https:\/\/blogs.uni-paderborn.de\/brauerhoch\/wp-json\/wp\/v2\/pages\/63","targetHints":{"allow":["GET"]}}],"collection":[{"href":"https:\/\/blogs.uni-paderborn.de\/brauerhoch\/wp-json\/wp\/v2\/pages"}],"about":[{"href":"https:\/\/blogs.uni-paderborn.de\/brauerhoch\/wp-json\/wp\/v2\/types\/page"}],"author":[{"embeddable":true,"href":"https:\/\/blogs.uni-paderborn.de\/brauerhoch\/wp-json\/wp\/v2\/users\/8248"}],"replies":[{"embeddable":true,"href":"https:\/\/blogs.uni-paderborn.de\/brauerhoch\/wp-json\/wp\/v2\/comments?post=63"}],"version-history":[{"count":18,"href":"https:\/\/blogs.uni-paderborn.de\/brauerhoch\/wp-json\/wp\/v2\/pages\/63\/revisions"}],"predecessor-version":[{"id":1734,"href":"https:\/\/blogs.uni-paderborn.de\/brauerhoch\/wp-json\/wp\/v2\/pages\/63\/revisions\/1734"}],"up":[{"embeddable":true,"href":"https:\/\/blogs.uni-paderborn.de\/brauerhoch\/wp-json\/wp\/v2\/pages\/3"}],"wp:attachment":[{"href":"https:\/\/blogs.uni-paderborn.de\/brauerhoch\/wp-json\/wp\/v2\/media?parent=63"}],"curies":[{"name":"wp","href":"https:\/\/api.w.org\/{rel}","templated":true}]}}