{"id":3,"date":"2019-12-10T16:15:57","date_gmt":"2019-12-10T15:15:57","guid":{"rendered":"https:\/\/blogs.uni-paderborn.de\/brauerhoch\/?page_id=2"},"modified":"2021-03-02T15:56:26","modified_gmt":"2021-03-02T14:56:26","slug":"prof-brauerhoch","status":"publish","type":"page","link":"https:\/\/blogs.uni-paderborn.de\/brauerhoch\/","title":{"rendered":"Prof. Dr. Annette Brauerhoch"},"content":{"rendered":"<div class=\"twoclick_social_bookmarks_post_3 social_share_privacy clearfix 1.6.4 locale-de_DE sprite-de_DE\"><\/div><div class=\"twoclick-js\"><script type=\"text\/javascript\">\/* <![CDATA[ *\/\njQuery(document).ready(function($){if($('.twoclick_social_bookmarks_post_3')){$('.twoclick_social_bookmarks_post_3').socialSharePrivacy({\"txt_help\":\"Wenn Sie diese Felder durch einen Klick aktivieren, werden Informationen an Facebook, Twitter, Flattr, Xing, t3n, LinkedIn, Pinterest oder Google eventuell ins Ausland \\u00fcbertragen und unter Umst\\u00e4nden auch dort gespeichert. N\\u00e4heres erfahren Sie durch einen Klick auf das <em>i<\\\/em>.\",\"settings_perma\":\"Dauerhaft aktivieren und Daten\\u00fcber-tragung zustimmen:\",\"info_link\":\"http:\\\/\\\/www.heise.de\\\/ct\\\/artikel\\\/2-Klicks-fuer-mehr-Datenschutz-1333879.html\",\"uri\":\"https:\\\/\\\/blogs.uni-paderborn.de\\\/brauerhoch\\\/\",\"post_id\":3,\"post_title_referrer_track\":\"Prof.+Dr.+Annette+Brauerhoch\",\"display_infobox\":\"on\"});}});\n\/* ]]> *\/<\/script><\/div><p><img loading=\"lazy\" decoding=\"async\" class=\"alignright wp-image-39 size-full\" src=\"https:\/\/blogs.uni-paderborn.de\/brauerhoch\/files\/2019\/12\/annette_bio_mit_copyright.jpg\" alt=\"Prof. Dr. Annette Brauerhoch\" width=\"150\" height=\"222\" \/><\/p>\n<p>Annette Brauerhoch absolvierte ihr Studium der Kommunikationswissenschaften, Anglistik, Amerikanistik, Theater-, Film-, und Fernsehwissenschaften in M\u00fcnchen und Frankfurt. Sie war Filmkritikerin f\u00fcr verschiedene Zeitschriften (u.a. epd Film) und nahm Lehrauftr\u00e4ge im In- und Ausland wahr. 1989 bis 1994 war sie wissenschaftliche Mitarbeiterin am Sonderforschungsbereich 240 der Universit\u00e4t Siegen zur \u00c4sthetik, Pragmatik und Geschichte der Bildschirmmedien. Zahlreiche Publikationen in B\u00fcchern und Zeitschriften zu Filmgeschichte und -theorie, feministischer Filmkritik, Film- und Fernsehgenres, Schauspiel, Avantgarde- und Experimentalfilm. Langj\u00e4hrige Mitherausgeberin der Zeitschrift Frauen und Film. Sie verbrachte drei Jahre als DAAD-Gastprofessorin an der Columbia Universit\u00e4t in New York, bevor sie 2001 den Lehrstuhl f\u00fcr Film- und Fernsehwissenschaft an der Universit\u00e4t Paderborn antrat.<\/p>\n<p><a title=\"Ver\u00f6ffentlichungen\" href=\"..\/brauerhoch\/prof-brauerhoch\/veroeffentlichungen\/\">Ver\u00f6ffentlichungen<\/a> | <a title=\"Vortr\u00e4ge\" href=\"..\/brauerhoch\/prof-brauerhoch\/vortraege\/\">Vortr\u00e4ge<\/a> | <a title=\"Forschung\" href=\"..\/brauerhoch\/prof-brauerhoch\/forschung\/\">Forschung<br \/>\n<\/a><\/p>\n<p><strong>Sprechstunde:<\/strong><strong><br \/>\n<\/strong><\/p>\n<p>Telefonisch, nach Anmeldung per Mail<\/p>\n","protected":false},"excerpt":{"rendered":"<p>Annette Brauerhoch absolvierte ihr Studium der Kommunikationswissenschaften, Anglistik, Amerikanistik, Theater-, Film-, und Fernsehwissenschaften in M\u00fcnchen und Frankfurt. Sie war Filmkritikerin f\u00fcr verschiedene Zeitschriften (u.a. epd Film) und nahm Lehrauftr\u00e4ge im In- und Ausland wahr. 1989 bis 1994 war sie wissenschaftliche Mitarbeiterin am Sonderforschungsbereich 240 der Universit\u00e4t Siegen zur \u00c4sthetik, Pragmatik und Geschichte der Bildschirmmedien. Zahlreiche [&hellip;]<\/p>\n","protected":false},"author":8248,"featured_media":0,"parent":0,"menu_order":0,"comment_status":"closed","ping_status":"open","template":"","meta":{"footnotes":""},"class_list":["post-3","page","type-page","status-publish","hentry"],"_links":{"self":[{"href":"https:\/\/blogs.uni-paderborn.de\/brauerhoch\/wp-json\/wp\/v2\/pages\/3","targetHints":{"allow":["GET"]}}],"collection":[{"href":"https:\/\/blogs.uni-paderborn.de\/brauerhoch\/wp-json\/wp\/v2\/pages"}],"about":[{"href":"https:\/\/blogs.uni-paderborn.de\/brauerhoch\/wp-json\/wp\/v2\/types\/page"}],"author":[{"embeddable":true,"href":"https:\/\/blogs.uni-paderborn.de\/brauerhoch\/wp-json\/wp\/v2\/users\/8248"}],"replies":[{"embeddable":true,"href":"https:\/\/blogs.uni-paderborn.de\/brauerhoch\/wp-json\/wp\/v2\/comments?post=3"}],"version-history":[{"count":13,"href":"https:\/\/blogs.uni-paderborn.de\/brauerhoch\/wp-json\/wp\/v2\/pages\/3\/revisions"}],"predecessor-version":[{"id":1955,"href":"https:\/\/blogs.uni-paderborn.de\/brauerhoch\/wp-json\/wp\/v2\/pages\/3\/revisions\/1955"}],"wp:attachment":[{"href":"https:\/\/blogs.uni-paderborn.de\/brauerhoch\/wp-json\/wp\/v2\/media?parent=3"}],"curies":[{"name":"wp","href":"https:\/\/api.w.org\/{rel}","templated":true}]}}