{"id":223,"date":"2019-12-14T16:28:44","date_gmt":"2019-12-14T15:28:44","guid":{"rendered":"https:\/\/blogs.uni-paderborn.de\/brauerhoch\/?page_id=223"},"modified":"2020-06-19T17:38:47","modified_gmt":"2020-06-19T15:38:47","slug":"publikation","status":"publish","type":"page","link":"https:\/\/blogs.uni-paderborn.de\/brauerhoch\/experimentalfilmsammlung\/publikation\/","title":{"rendered":"Publikation"},"content":{"rendered":"<div class=\"twoclick_social_bookmarks_post_223 social_share_privacy clearfix 1.6.4 locale-de_DE sprite-de_DE\"><\/div><div class=\"twoclick-js\"><script type=\"text\/javascript\">\/* <![CDATA[ *\/\njQuery(document).ready(function($){if($('.twoclick_social_bookmarks_post_223')){$('.twoclick_social_bookmarks_post_223').socialSharePrivacy({\"txt_help\":\"Wenn Sie diese Felder durch einen Klick aktivieren, werden Informationen an Facebook, Twitter, Flattr, Xing, t3n, LinkedIn, Pinterest oder Google eventuell ins Ausland \\u00fcbertragen und unter Umst\\u00e4nden auch dort gespeichert. N\\u00e4heres erfahren Sie durch einen Klick auf das <em>i<\\\/em>.\",\"settings_perma\":\"Dauerhaft aktivieren und Daten\\u00fcber-tragung zustimmen:\",\"info_link\":\"http:\\\/\\\/www.heise.de\\\/ct\\\/artikel\\\/2-Klicks-fuer-mehr-Datenschutz-1333879.html\",\"uri\":\"https:\\\/\\\/blogs.uni-paderborn.de\\\/brauerhoch\\\/experimentalfilmsammlung\\\/publikation\\\/\",\"post_id\":223,\"post_title_referrer_track\":\"Publikation\",\"display_infobox\":\"on\"});}});\n\/* ]]> *\/<\/script><\/div>\n<figure class=\"wp-block-image is-resized\"><img loading=\"lazy\" decoding=\"async\" src=\"https:\/\/blogs.uni-paderborn.de\/brauerhoch\/files\/2020\/03\/material_experiment_archiv.jpg\" alt=\"\" class=\"wp-image-710\" width=\"300\" height=\"411\" srcset=\"https:\/\/blogs.uni-paderborn.de\/brauerhoch\/files\/2020\/03\/material_experiment_archiv.jpg 365w, https:\/\/blogs.uni-paderborn.de\/brauerhoch\/files\/2020\/03\/material_experiment_archiv-219x300.jpg 219w\" sizes=\"auto, (max-width: 300px) 100vw, 300px\" \/><\/figure>\n\n\n\n<p><strong>Material, Experiment, Archiv<\/strong><br>Herausgegeben von Annette Brauerhoch, Florian Krautkr\u00e4mer und Anke Zechner<\/p>\n\n\n\n<ul class=\"wp-block-list\"><li>308 Seiten<\/li><li><strong>b-books<\/strong> (11. M\u00e4rz 2013)<\/li><li><strong>ISBN:\u00a0<\/strong>978-3942214056<\/li><li><a href=\"http:\/\/www.b-books.de\/verlag\/materialexperiment\/index.html\" target=\"_blank\" rel=\"noreferrer noopener\" aria-label=\"Link zum Buch (\u00f6ffnet in neuem Tab)\">Link zum Buch<\/a> (Verlagsseite)<\/li><\/ul>\n\n\n\n<p>Film als Material erscheint in Zeiten umfassender technischer Umr\u00fcstungen auf Digitalit\u00e4t in neuem Licht; als materieller Speicher von Leben, als rhythmisiertes Produkt von Bewegung, als \u00c4sthetik, als Technologie. Im Band werden\u00ad\u00ad all diese Aspekte aufgegriffen im Blick auf eine besondere Filmsammlung in Deutschland, die die Arbeiten von Filmemacherinnen aus den 1980er Jahren archiviert; eine Zeit, in der Frauen verst\u00e4rkt \u201aHand anlegten\u2019: Weibliche Subjektivit\u00e4t, Sexualit\u00e4t, Wahrnehmung und Geschichte dr\u00fcckt sich aus im filmischen Material und erlaubt neue Fragen nach dem Verh\u00e4ltnis von Materiellem zu Immateriellem.<\/p>\n\n\n\n<p>Mit Beitr\u00e4gen von Annette Brauerhoch, Noll Brinckmann, Dagmar Brunow, Anja Czioska, B\u00e4rbel Freund, Svenja Gr\u00fcbbel, MArie-H\u00e9l\u00e8ne Gutberlet, Birgit Hein, Christian H\u00fcls, Florian Krautkr\u00e4mer, Don Lorey, Lilo Mangelsdorff, Laura Padgett, Ingird Pape-Sheldon, Angelina Postoyeva, Karola Schlegelmilch, Rosi S.M. und Anke Zechner.<\/p>\n","protected":false},"excerpt":{"rendered":"<p>Material, Experiment, ArchivHerausgegeben von Annette Brauerhoch, Florian Krautkr\u00e4mer und Anke Zechner 308 Seiten b-books (11. M\u00e4rz 2013) ISBN:\u00a0978-3942214056 Link zum Buch (Verlagsseite) Film als Material erscheint in Zeiten umfassender technischer Umr\u00fcstungen auf Digitalit\u00e4t in neuem Licht; als materieller Speicher von Leben, als rhythmisiertes Produkt von Bewegung, als \u00c4sthetik, als Technologie. Im Band werden\u00ad\u00ad all diese [&hellip;]<\/p>\n","protected":false},"author":8248,"featured_media":0,"parent":185,"menu_order":0,"comment_status":"closed","ping_status":"closed","template":"","meta":{"footnotes":""},"class_list":["post-223","page","type-page","status-publish","hentry"],"_links":{"self":[{"href":"https:\/\/blogs.uni-paderborn.de\/brauerhoch\/wp-json\/wp\/v2\/pages\/223","targetHints":{"allow":["GET"]}}],"collection":[{"href":"https:\/\/blogs.uni-paderborn.de\/brauerhoch\/wp-json\/wp\/v2\/pages"}],"about":[{"href":"https:\/\/blogs.uni-paderborn.de\/brauerhoch\/wp-json\/wp\/v2\/types\/page"}],"author":[{"embeddable":true,"href":"https:\/\/blogs.uni-paderborn.de\/brauerhoch\/wp-json\/wp\/v2\/users\/8248"}],"replies":[{"embeddable":true,"href":"https:\/\/blogs.uni-paderborn.de\/brauerhoch\/wp-json\/wp\/v2\/comments?post=223"}],"version-history":[{"count":7,"href":"https:\/\/blogs.uni-paderborn.de\/brauerhoch\/wp-json\/wp\/v2\/pages\/223\/revisions"}],"predecessor-version":[{"id":1651,"href":"https:\/\/blogs.uni-paderborn.de\/brauerhoch\/wp-json\/wp\/v2\/pages\/223\/revisions\/1651"}],"up":[{"embeddable":true,"href":"https:\/\/blogs.uni-paderborn.de\/brauerhoch\/wp-json\/wp\/v2\/pages\/185"}],"wp:attachment":[{"href":"https:\/\/blogs.uni-paderborn.de\/brauerhoch\/wp-json\/wp\/v2\/media?parent=223"}],"curies":[{"name":"wp","href":"https:\/\/api.w.org\/{rel}","templated":true}]}}