{"id":219,"date":"2019-12-14T16:28:23","date_gmt":"2019-12-14T15:28:23","guid":{"rendered":"https:\/\/blogs.uni-paderborn.de\/brauerhoch\/?page_id=219"},"modified":"2020-06-19T17:36:41","modified_gmt":"2020-06-19T15:36:41","slug":"veranstaltungen","status":"publish","type":"page","link":"https:\/\/blogs.uni-paderborn.de\/brauerhoch\/experimentalfilmsammlung\/veranstaltungen\/","title":{"rendered":"Veranstaltungen"},"content":{"rendered":"<div class=\"twoclick_social_bookmarks_post_219 social_share_privacy clearfix 1.6.4 locale-de_DE sprite-de_DE\"><\/div><div class=\"twoclick-js\"><script type=\"text\/javascript\">\/* <![CDATA[ *\/\njQuery(document).ready(function($){if($('.twoclick_social_bookmarks_post_219')){$('.twoclick_social_bookmarks_post_219').socialSharePrivacy({\"txt_help\":\"Wenn Sie diese Felder durch einen Klick aktivieren, werden Informationen an Facebook, Twitter, Flattr, Xing, t3n, LinkedIn, Pinterest oder Google eventuell ins Ausland \\u00fcbertragen und unter Umst\\u00e4nden auch dort gespeichert. N\\u00e4heres erfahren Sie durch einen Klick auf das <em>i<\\\/em>.\",\"settings_perma\":\"Dauerhaft aktivieren und Daten\\u00fcber-tragung zustimmen:\",\"info_link\":\"http:\\\/\\\/www.heise.de\\\/ct\\\/artikel\\\/2-Klicks-fuer-mehr-Datenschutz-1333879.html\",\"uri\":\"https:\\\/\\\/blogs.uni-paderborn.de\\\/brauerhoch\\\/experimentalfilmsammlung\\\/veranstaltungen\\\/\",\"post_id\":219,\"post_title_referrer_track\":\"Veranstaltungen\",\"display_infobox\":\"on\"});}});\n\/* ]]> *\/<\/script><\/div>\n<p><strong>Film als Material \u2013 Filmisches Experiment: Filmemacherinnen in der Bundesrepublik<br>Symposium vom 17.-18. Juli 2008 an der Universit\u00e4t Paderborn<\/strong><\/p>\n\n\n\n<div class=\"wp-block-image\"><figure class=\"alignleft is-resized\"><img loading=\"lazy\" decoding=\"async\" src=\"https:\/\/blogs.uni-paderborn.de\/brauerhoch\/files\/2020\/04\/film_als_material_FINAL_klein.jpg\" alt=\"\" class=\"wp-image-1340\" width=\"330\" height=\"477\" srcset=\"https:\/\/blogs.uni-paderborn.de\/brauerhoch\/files\/2020\/04\/film_als_material_FINAL_klein.jpg 554w, https:\/\/blogs.uni-paderborn.de\/brauerhoch\/files\/2020\/04\/film_als_material_FINAL_klein-208x300.jpg 208w\" sizes=\"auto, (max-width: 330px) 100vw, 330px\" \/><\/figure><\/div>\n\n\n\n<p>Ank\u00fcndigungstext:<br>Am Institut f\u00fcr Medienwissenschaften der Universit\u00e4t Paderborn entsteht ein Forschungs- und\u00a0 Arbeitsschwerpunkt zum Avantgarde- und Experimentalfilm von Frauen in Deutschland. Im Rahmen der Professur f\u00fcr Film- und Fernsehwissenschaft (Prof. Dr. Annette Brauerhoch) ist es gelungen, ein bisher noch kleines Filmarchiv aufzubauen, dessen Sammlung einen historischen Schwerpunkt setzt und Filme f\u00fcr die Lehre und Forschung zug\u00e4nglich machen m\u00f6chte, die aufgrund der mangelnden Pr\u00e4senz und schlechter Kopienlage aus dem Bewusstsein verschwinden und f\u00fcr \u00f6ffentliche Projektionen nicht mehr zug\u00e4nglich sind.<\/p>\n\n\n\n<p>Filmemacherinnen aus ganz Deutschland sowie aus \u00d6sterreich haben die Sammlung unentgeltlich und mit gro\u00dfem Engagement unterst\u00fctzt. Nachdem bereits \u00fcber zwanzig Kopien archiviert werden konnten, ist es nun an der Zeit, den Fokus von der Kopienf\u00f6rderung zu deren Aufarbeitung zu verlegen. In einem Symposium mit Wissenschaftlerinnen und Filmemacherinnen sollen in einer ersten \u00f6ffentlichen Sichtung gemeinsam Fragestellungen ermittelt werden.<\/p>\n\n\n\n<p>Mit der fortschreitenden Digitalisierung in allen Bereichen der Medienproduktion ist auch der Film und seine Zukunft in die Diskussion geraten. Obwohl die meisten Hollywoodfilme derzeit noch auf Film hergestellt werden, spielen digitale Techniken eine enorm wichtige Rolle in der Post-Produktion. Gleichzeitig werden immer mehr Klassiker des Films in digitaler Form zug\u00e4nglich gemacht. Dies f\u00fchrt zu starken Ver\u00e4nderungen der Rezeptionsformen. Dieser Trend zieht nicht nur eine neue Kanonisierung nach sich, die im wesentlichen von der Industrie bestimmt wird, er f\u00fchrt auch zu einer sich allgemein durchsetzenden Vorstellung kulturell wichtiger Filmkunst in Filmeditionen, die im Wesentlichen der offiziellen Filmgeschichtsschreibung entspricht und m\u00e4nnliche Regisseure privilegiert. Darunter leiden auch Filmformen wie der Experimentalfilm und davon sind, wie beim Spielfilm auch, die Filme von Frauen in besonderem Ma\u00dfe betroffen.<\/p>\n\n\n\n<p>Das Archiv mit einem Schwerpunkt auf den achtziger Jahren bietet eine gute Grundlage f\u00fcr die Erforschung einer eigenst\u00e4ndigen, aber wom\u00f6glich historisch gewordenen (Film-)\u00c4sthetik. Damals in einem lebendigen Kontext der Auseinandersetzung mit herrschenden Formen der \u00c4sthetik und im Umfeld von Frauenfilmfestivals angesiedelt, gilt es nun, diese Filme einer Revision zu unterziehen. Welche Beziehung haben sie zu neueren Produktionen der Gegenwart? Wie hat sich ihre Rezeption ver\u00e4ndert, nachdem sich der filmtheoretische Blick heute wom\u00f6glich eher auf Fragen der Materialit\u00e4t als auf die (ideologische) Form der Repr\u00e4sentation konzentriert? Wie sehen heutige FilmemacherInnen und FilmwissenschaftlerInnen auf das Material ihrer Vorg\u00e4ngerinnen? Was geschieht bei dem Aufeinandertreffen heutiger Praxen des digitalen Filmens mit dem analogen Medium Film? Inwiefern archivieren diese Filme Geschichte? Die spezifische Geschichte weiblicher Praxen?<\/p>\n\n\n\n<p>Mit dem Symposium soll das deutschlandweit einzigartige Archiv und die besonderen Forschungsbedingungen an der Universit\u00e4t Paderborn erstmalig in der Forschungslandschaft situiert werden. Neben der Aufgabe, einen dringenden Anschub zu einer bislang kaum erfolgten Aufarbeitung des Filmschaffens von Frauen in diesem Bereich zu leisten, beinhaltet das Konzept des Workshops die Suche nach einer bewussten Konfrontation sowie die Verkn\u00fcpfung mit aktuellen Fragestellungen. Die Veranstaltung findet im Filmseminarraum des Instituts f\u00fcr Medienwissenschaften der Universit\u00e4t Paderborn statt und hei\u00dft interessierte TeilnehmerInnen willkommen.<\/p>\n\n\n\n<ul class=\"wp-block-gallery columns-2 is-cropped wp-block-gallery-1 is-layout-flex wp-block-gallery-is-layout-flex\"><li class=\"blocks-gallery-item\"><figure><img loading=\"lazy\" decoding=\"async\" width=\"1024\" height=\"683\" src=\"https:\/\/blogs.uni-paderborn.de\/brauerhoch\/files\/2020\/04\/Symposium-2008-Kreis-1-1024x683.jpg\" alt=\"\" data-id=\"1348\" data-link=\"https:\/\/blogs.uni-paderborn.de\/brauerhoch\/experimentalfilmsammlung\/veranstaltungen\/symposium-2008-kreis-1\/\" class=\"wp-image-1348\" srcset=\"https:\/\/blogs.uni-paderborn.de\/brauerhoch\/files\/2020\/04\/Symposium-2008-Kreis-1-1024x683.jpg 1024w, https:\/\/blogs.uni-paderborn.de\/brauerhoch\/files\/2020\/04\/Symposium-2008-Kreis-1-300x200.jpg 300w, https:\/\/blogs.uni-paderborn.de\/brauerhoch\/files\/2020\/04\/Symposium-2008-Kreis-1-768x512.jpg 768w, https:\/\/blogs.uni-paderborn.de\/brauerhoch\/files\/2020\/04\/Symposium-2008-Kreis-1-624x416.jpg 624w\" sizes=\"auto, (max-width: 1024px) 100vw, 1024px\" \/><\/figure><\/li><li class=\"blocks-gallery-item\"><figure><img loading=\"lazy\" decoding=\"async\" width=\"1024\" height=\"683\" src=\"https:\/\/blogs.uni-paderborn.de\/brauerhoch\/files\/2020\/04\/Symposium-2008-Publikum-1-1024x683.jpg\" alt=\"\" data-id=\"1350\" data-link=\"https:\/\/blogs.uni-paderborn.de\/brauerhoch\/experimentalfilmsammlung\/veranstaltungen\/symposium-2008-publikum-1\/\" class=\"wp-image-1350\" srcset=\"https:\/\/blogs.uni-paderborn.de\/brauerhoch\/files\/2020\/04\/Symposium-2008-Publikum-1-1024x683.jpg 1024w, https:\/\/blogs.uni-paderborn.de\/brauerhoch\/files\/2020\/04\/Symposium-2008-Publikum-1-300x200.jpg 300w, https:\/\/blogs.uni-paderborn.de\/brauerhoch\/files\/2020\/04\/Symposium-2008-Publikum-1-768x512.jpg 768w, https:\/\/blogs.uni-paderborn.de\/brauerhoch\/files\/2020\/04\/Symposium-2008-Publikum-1-624x416.jpg 624w\" sizes=\"auto, (max-width: 1024px) 100vw, 1024px\" \/><\/figure><\/li><\/ul>\n","protected":false},"excerpt":{"rendered":"<p>Film als Material \u2013 Filmisches Experiment: Filmemacherinnen in der BundesrepublikSymposium vom 17.-18. Juli 2008 an der Universit\u00e4t Paderborn Ank\u00fcndigungstext:Am Institut f\u00fcr Medienwissenschaften der Universit\u00e4t Paderborn entsteht ein Forschungs- und\u00a0 Arbeitsschwerpunkt zum Avantgarde- und Experimentalfilm von Frauen in Deutschland. Im Rahmen der Professur f\u00fcr Film- und Fernsehwissenschaft (Prof. Dr. Annette Brauerhoch) ist es gelungen, ein bisher [&hellip;]<\/p>\n","protected":false},"author":8248,"featured_media":0,"parent":185,"menu_order":0,"comment_status":"closed","ping_status":"closed","template":"","meta":{"footnotes":""},"class_list":["post-219","page","type-page","status-publish","hentry"],"_links":{"self":[{"href":"https:\/\/blogs.uni-paderborn.de\/brauerhoch\/wp-json\/wp\/v2\/pages\/219","targetHints":{"allow":["GET"]}}],"collection":[{"href":"https:\/\/blogs.uni-paderborn.de\/brauerhoch\/wp-json\/wp\/v2\/pages"}],"about":[{"href":"https:\/\/blogs.uni-paderborn.de\/brauerhoch\/wp-json\/wp\/v2\/types\/page"}],"author":[{"embeddable":true,"href":"https:\/\/blogs.uni-paderborn.de\/brauerhoch\/wp-json\/wp\/v2\/users\/8248"}],"replies":[{"embeddable":true,"href":"https:\/\/blogs.uni-paderborn.de\/brauerhoch\/wp-json\/wp\/v2\/comments?post=219"}],"version-history":[{"count":8,"href":"https:\/\/blogs.uni-paderborn.de\/brauerhoch\/wp-json\/wp\/v2\/pages\/219\/revisions"}],"predecessor-version":[{"id":1647,"href":"https:\/\/blogs.uni-paderborn.de\/brauerhoch\/wp-json\/wp\/v2\/pages\/219\/revisions\/1647"}],"up":[{"embeddable":true,"href":"https:\/\/blogs.uni-paderborn.de\/brauerhoch\/wp-json\/wp\/v2\/pages\/185"}],"wp:attachment":[{"href":"https:\/\/blogs.uni-paderborn.de\/brauerhoch\/wp-json\/wp\/v2\/media?parent=219"}],"curies":[{"name":"wp","href":"https:\/\/api.w.org\/{rel}","templated":true}]}}