{"id":201,"date":"2019-12-14T16:13:45","date_gmt":"2019-12-14T15:13:45","guid":{"rendered":"https:\/\/blogs.uni-paderborn.de\/brauerhoch\/?page_id=201"},"modified":"2020-06-19T17:53:48","modified_gmt":"2020-06-19T15:53:48","slug":"archive-for-experimental-film","status":"publish","type":"page","link":"https:\/\/blogs.uni-paderborn.de\/brauerhoch\/english-information\/archive-for-experimental-film\/","title":{"rendered":"Archive for Experimental Film"},"content":{"rendered":"<div class=\"twoclick_social_bookmarks_post_201 social_share_privacy clearfix 1.6.4 locale-de_DE sprite-de_DE\"><\/div><div class=\"twoclick-js\"><script type=\"text\/javascript\">\/* <![CDATA[ *\/\njQuery(document).ready(function($){if($('.twoclick_social_bookmarks_post_201')){$('.twoclick_social_bookmarks_post_201').socialSharePrivacy({\"txt_help\":\"Wenn Sie diese Felder durch einen Klick aktivieren, werden Informationen an Facebook, Twitter, Flattr, Xing, t3n, LinkedIn, Pinterest oder Google eventuell ins Ausland \\u00fcbertragen und unter Umst\\u00e4nden auch dort gespeichert. N\\u00e4heres erfahren Sie durch einen Klick auf das <em>i<\\\/em>.\",\"settings_perma\":\"Dauerhaft aktivieren und Daten\\u00fcber-tragung zustimmen:\",\"info_link\":\"http:\\\/\\\/www.heise.de\\\/ct\\\/artikel\\\/2-Klicks-fuer-mehr-Datenschutz-1333879.html\",\"uri\":\"https:\\\/\\\/blogs.uni-paderborn.de\\\/brauerhoch\\\/english-information\\\/archive-for-experimental-film\\\/\",\"post_id\":201,\"post_title_referrer_track\":\"Archive+for+Experimental+Film\",\"display_infobox\":\"on\"});}});\n\/* ]]> *\/<\/script><\/div>\n<h2 class=\"wp-block-heading\">Archive for German experimental and avant-garde film by women<\/h2>\n\n\n\n<p>Film studies in Paderborn are establishing a film archive of German avant-garde and experimental film by women in order to work against a deficit concerning preservation and accessibility of these films. While it is often already difficult to find well-preserved feature films,  which are older than 20 years, the situation regarding experimental films by women is worse: Many prints are no longer available or in very bad condition.<\/p>\n\n\n\n<p>In building up the film collection we are taking a first step to improve the situation. Once a lively contribution not just to film festivals these films are now often neglected and have disappeared from consciousness. But in their concern with \u201cfemale aesthetics\u201d and questions of sexuality, lived practices, gender-relations they are important documents of the feminist movement and extraordinary expressions of their time. In their original format (16mm), they constitute a significant part of cultural heritage. The archive forms a unique cornerstone for the development of a research focus on this period of experimental filmmaking and provides a basis for the re-examination and historical evaluation of these films.<\/p>\n\n\n\n<p>Many filmmakers, among them Helke Sander, Ulrike Ottinger, Dore O., Ute Aurand and many others have thankfully contributed to the archive \u2013 and we hope to grow.<\/p>\n\n\n\n<p><a href=\"https:\/\/blogs.uni-paderborn.de\/brauerhoch\/experimentalfilmsammlung\/\">For more information see the official page (in German)\u2026<\/a><\/p>\n\n\n\n<h2 class=\"wp-block-heading\">Contact<\/h2>\n\n\n\n<p>Elena Fingerhut<br>Academic Staff<\/p>\n\n\n\n<p>Universit\u00e4t Paderborn<br>Fakult\u00e4t f\u00fcr Kulturwissenschaften<br>Institut f\u00fcr Medienwissenschaften<br>Warburger Str. 100<br>33098 Paderborn<\/p>\n\n\n\n<p>Room E2.159<br>Phone + 49 (0) 52 51 &#8211; 60 3286<br>Mail <a href=\"elena.fingerhut@upb.de\">elena.fingerhut[at]upb[dot]de<\/a><\/p>\n","protected":false},"excerpt":{"rendered":"<p>Archive for German experimental and avant-garde film by women Film studies in Paderborn are establishing a film archive of German avant-garde and experimental film by women in order to work against a deficit concerning preservation and accessibility of these films. While it is often already difficult to find well-preserved feature films, which are older than [&hellip;]<\/p>\n","protected":false},"author":8248,"featured_media":0,"parent":191,"menu_order":0,"comment_status":"closed","ping_status":"closed","template":"","meta":{"footnotes":""},"class_list":["post-201","page","type-page","status-publish","hentry"],"_links":{"self":[{"href":"https:\/\/blogs.uni-paderborn.de\/brauerhoch\/wp-json\/wp\/v2\/pages\/201","targetHints":{"allow":["GET"]}}],"collection":[{"href":"https:\/\/blogs.uni-paderborn.de\/brauerhoch\/wp-json\/wp\/v2\/pages"}],"about":[{"href":"https:\/\/blogs.uni-paderborn.de\/brauerhoch\/wp-json\/wp\/v2\/types\/page"}],"author":[{"embeddable":true,"href":"https:\/\/blogs.uni-paderborn.de\/brauerhoch\/wp-json\/wp\/v2\/users\/8248"}],"replies":[{"embeddable":true,"href":"https:\/\/blogs.uni-paderborn.de\/brauerhoch\/wp-json\/wp\/v2\/comments?post=201"}],"version-history":[{"count":5,"href":"https:\/\/blogs.uni-paderborn.de\/brauerhoch\/wp-json\/wp\/v2\/pages\/201\/revisions"}],"predecessor-version":[{"id":1661,"href":"https:\/\/blogs.uni-paderborn.de\/brauerhoch\/wp-json\/wp\/v2\/pages\/201\/revisions\/1661"}],"up":[{"embeddable":true,"href":"https:\/\/blogs.uni-paderborn.de\/brauerhoch\/wp-json\/wp\/v2\/pages\/191"}],"wp:attachment":[{"href":"https:\/\/blogs.uni-paderborn.de\/brauerhoch\/wp-json\/wp\/v2\/media?parent=201"}],"curies":[{"name":"wp","href":"https:\/\/api.w.org\/{rel}","templated":true}]}}