{"id":139,"date":"2019-12-14T15:47:11","date_gmt":"2019-12-14T14:47:11","guid":{"rendered":"https:\/\/blogs.uni-paderborn.de\/brauerhoch\/?page_id=139"},"modified":"2020-06-17T20:44:12","modified_gmt":"2020-06-17T18:44:12","slug":"s8-filmarchiv","status":"publish","type":"page","link":"https:\/\/blogs.uni-paderborn.de\/brauerhoch\/s8-filmarchiv\/","title":{"rendered":"Super8-Filmarchiv"},"content":{"rendered":"<div class=\"twoclick_social_bookmarks_post_139 social_share_privacy clearfix 1.6.4 locale-de_DE sprite-de_DE\"><\/div><div class=\"twoclick-js\"><script type=\"text\/javascript\">\/* <![CDATA[ *\/\njQuery(document).ready(function($){if($('.twoclick_social_bookmarks_post_139')){$('.twoclick_social_bookmarks_post_139').socialSharePrivacy({\"txt_help\":\"Wenn Sie diese Felder durch einen Klick aktivieren, werden Informationen an Facebook, Twitter, Flattr, Xing, t3n, LinkedIn, Pinterest oder Google eventuell ins Ausland \\u00fcbertragen und unter Umst\\u00e4nden auch dort gespeichert. N\\u00e4heres erfahren Sie durch einen Klick auf das <em>i<\\\/em>.\",\"settings_perma\":\"Dauerhaft aktivieren und Daten\\u00fcber-tragung zustimmen:\",\"info_link\":\"http:\\\/\\\/www.heise.de\\\/ct\\\/artikel\\\/2-Klicks-fuer-mehr-Datenschutz-1333879.html\",\"uri\":\"https:\\\/\\\/blogs.uni-paderborn.de\\\/brauerhoch\\\/s8-filmarchiv\\\/\",\"post_id\":139,\"post_title_referrer_track\":\"Super8-Filmarchiv\",\"display_infobox\":\"on\"});}});\n\/* ]]> *\/<\/script><\/div>\n<figure class=\"wp-block-image\"><img loading=\"lazy\" decoding=\"async\" width=\"1024\" height=\"511\" src=\"https:\/\/blogs.uni-paderborn.de\/brauerhoch\/files\/2020\/03\/s8-1024x511.jpg\" alt=\"\" class=\"wp-image-744\" srcset=\"https:\/\/blogs.uni-paderborn.de\/brauerhoch\/files\/2020\/03\/s8-1024x511.jpg 1024w, https:\/\/blogs.uni-paderborn.de\/brauerhoch\/files\/2020\/03\/s8-300x150.jpg 300w, https:\/\/blogs.uni-paderborn.de\/brauerhoch\/files\/2020\/03\/s8-768x383.jpg 768w, https:\/\/blogs.uni-paderborn.de\/brauerhoch\/files\/2020\/03\/s8-624x311.jpg 624w, https:\/\/blogs.uni-paderborn.de\/brauerhoch\/files\/2020\/03\/s8.jpg 1772w\" sizes=\"auto, (max-width: 1024px) 100vw, 1024px\" \/><\/figure>\n\n\n\n<p>Super 8, von 1965 bis 2004 von Kodak als K40 produziert, war das bevorzugte Medium des Familien- und sogenannten Amateurfilms. Die pr\u00e4gnante gelbe Schachtel mit den leuchtend roten Buchstaben pr\u00e4gte sich in das Ged\u00e4chtnis ein. Die Filme waren nach Einstellung der Produktion durch Kodak zwar noch erh\u00e4ltlich, wurden dann aber eher \u2013 auch aufgrund ihres stark gestiegenen Preises \u2013 von K\u00fcnstlern und Filmliebhabern in Anspruch genommen. Video und die neuen digitalen Formate hatten Super 8 schon l\u00e4ngst abgel\u00f6st.<br>Die Sammlung mit Super 8-Filmen an der Universit\u00e4t Paderborn versteht sich vor allem als regionalhistorisches Archiv, allerdings mit dem Anliegen, nicht nur das Material zu pflegen und zu archivieren, sondern es auch gegenw\u00e4rtig zu halten und\u00a0in regelm\u00e4\u00dfig stattfindenden Veranstaltungen an verschiedenen Orten im Lichte des Projektors zum Leuchten zu bringen. Die Farbintensit\u00e4t des kleinen Formats ist immer wieder eindrucksvoll und bleibt \u00fcber Jahrzehnte erhalten. Au\u00dferdem vergegenw\u00e4rtigt sich in den Filmen Alltags- und Familiengeschichte.<\/p>\n\n\n\n<p>Eine gro\u00dfz\u00fcgige F\u00f6rderung der Universit\u00e4t Paderborn hat es uns erm\u00f6glicht, den Fundus an Filmen zu digitalisieren, um sie so auch f\u00fcr m\u00f6gliche Forschungsfragen leichter zug\u00e4nglich zu machen.<\/p>\n\n\n\n<p>Das Archiv umfasst gut 300 Super 8-Filme, die uns dankenswerterweise von Amateurfilmer*innen aus Paderborn und der Region zur Verf\u00fcgung gestellt wurden. Sie lassen den Reichtum an Alltagserfahrungen sichtbar werden, vermitteln Reiselust, bilden historisches Dokument und erlauben immer wieder Einblicke in bundesrepublikanische Verfasstheiten zwischen den 1960er und 1980er Jahren. Vor allem erm\u00f6glichen sie aber auch Intimit\u00e4t zum Film, wenn die Portr\u00e4tierten vertraut werden in ihrer heimischen Umgebung. Super 8 ist ein sch\u00f6nes Material, das eher W\u00e4rme und N\u00e4he erzeugt als k\u00fchle Beobachtung. Studierende werden damit an analoge Materialit\u00e4t herangef\u00fchrt und mit Formen des Filmemachens konfrontiert, f\u00fcr die andere Kriterien der Beschreibung und Analyse entwickelt werden m\u00fcssen, als f\u00fcr den herk\u00f6mmlichen Spielfilm.<\/p>\n","protected":false},"excerpt":{"rendered":"<p>Super 8, von 1965 bis 2004 von Kodak als K40 produziert, war das bevorzugte Medium des Familien- und sogenannten Amateurfilms. Die pr\u00e4gnante gelbe Schachtel mit den leuchtend roten Buchstaben pr\u00e4gte sich in das Ged\u00e4chtnis ein. Die Filme waren nach Einstellung der Produktion durch Kodak zwar noch erh\u00e4ltlich, wurden dann aber eher \u2013 auch aufgrund ihres [&hellip;]<\/p>\n","protected":false},"author":8248,"featured_media":0,"parent":0,"menu_order":0,"comment_status":"closed","ping_status":"closed","template":"","meta":{"footnotes":""},"class_list":["post-139","page","type-page","status-publish","hentry"],"_links":{"self":[{"href":"https:\/\/blogs.uni-paderborn.de\/brauerhoch\/wp-json\/wp\/v2\/pages\/139","targetHints":{"allow":["GET"]}}],"collection":[{"href":"https:\/\/blogs.uni-paderborn.de\/brauerhoch\/wp-json\/wp\/v2\/pages"}],"about":[{"href":"https:\/\/blogs.uni-paderborn.de\/brauerhoch\/wp-json\/wp\/v2\/types\/page"}],"author":[{"embeddable":true,"href":"https:\/\/blogs.uni-paderborn.de\/brauerhoch\/wp-json\/wp\/v2\/users\/8248"}],"replies":[{"embeddable":true,"href":"https:\/\/blogs.uni-paderborn.de\/brauerhoch\/wp-json\/wp\/v2\/comments?post=139"}],"version-history":[{"count":5,"href":"https:\/\/blogs.uni-paderborn.de\/brauerhoch\/wp-json\/wp\/v2\/pages\/139\/revisions"}],"predecessor-version":[{"id":1487,"href":"https:\/\/blogs.uni-paderborn.de\/brauerhoch\/wp-json\/wp\/v2\/pages\/139\/revisions\/1487"}],"wp:attachment":[{"href":"https:\/\/blogs.uni-paderborn.de\/brauerhoch\/wp-json\/wp\/v2\/media?parent=139"}],"curies":[{"name":"wp","href":"https:\/\/api.w.org\/{rel}","templated":true}]}}