{"id":1050,"date":"2020-03-17T22:25:37","date_gmt":"2020-03-17T21:25:37","guid":{"rendered":"https:\/\/blogs.uni-paderborn.de\/brauerhoch\/?page_id=1050"},"modified":"2020-06-19T17:31:43","modified_gmt":"2020-06-19T15:31:43","slug":"anja-telscher","status":"publish","type":"page","link":"https:\/\/blogs.uni-paderborn.de\/brauerhoch\/anja-telscher\/","title":{"rendered":"Anja Telscher"},"content":{"rendered":"<div class=\"twoclick_social_bookmarks_post_1050 social_share_privacy clearfix 1.6.4 locale-de_DE sprite-de_DE\"><\/div><div class=\"twoclick-js\"><script type=\"text\/javascript\">\/* <![CDATA[ *\/\njQuery(document).ready(function($){if($('.twoclick_social_bookmarks_post_1050')){$('.twoclick_social_bookmarks_post_1050').socialSharePrivacy({\"txt_help\":\"Wenn Sie diese Felder durch einen Klick aktivieren, werden Informationen an Facebook, Twitter, Flattr, Xing, t3n, LinkedIn, Pinterest oder Google eventuell ins Ausland \\u00fcbertragen und unter Umst\\u00e4nden auch dort gespeichert. N\\u00e4heres erfahren Sie durch einen Klick auf das <em>i<\\\/em>.\",\"settings_perma\":\"Dauerhaft aktivieren und Daten\\u00fcber-tragung zustimmen:\",\"info_link\":\"http:\\\/\\\/www.heise.de\\\/ct\\\/artikel\\\/2-Klicks-fuer-mehr-Datenschutz-1333879.html\",\"uri\":\"https:\\\/\\\/blogs.uni-paderborn.de\\\/brauerhoch\\\/anja-telscher\\\/\",\"post_id\":1050,\"post_title_referrer_track\":\"Anja+Telscher\",\"display_infobox\":\"on\"});}});\n\/* ]]> *\/<\/script><\/div>\n<h3 class=\"wp-block-heading\">Wenn der Haarwuchs l\u00e4stig wird<\/h3>\n\n\n\n<figure class=\"wp-block-image\"><a href=\"https:\/\/blogs.uni-paderborn.de\/brauerhoch\/files\/2020\/03\/telscher_haarwuchs.jpg\"><img loading=\"lazy\" decoding=\"async\" width=\"300\" height=\"221\" src=\"https:\/\/blogs.uni-paderborn.de\/brauerhoch\/files\/2020\/03\/telscher_haarwuchs.jpg\" alt=\"\" class=\"wp-image-1080\" \/><\/a><\/figure>\n\n\n\n<p>BRD 1987<br>6 min<br>Farbe<br>16mm<br>Kamera: A. Telscher, K. Telscher, B. Vogelsang<br>D: Anja Telscher<br>Musik: Big Stick<\/p>\n\n\n\n<p>Ausgel\u00f6st wird dieser unerw\u00fcnschte Haarwuchs durch m\u00e4nnliche Sexualhormone, Androgene, die in geringen Mengen auch im K\u00f6rper jeder gesunden Frau vorkommen.<br><em>Bericht zum Internationlen Experimentalfilmworkshop Osnabr\u00fcck 1987, S. 53.<\/em><\/p>\n\n\n\n<p>[\u2026] wieder das Telefon zu Beginn, eine ironische Auseinandersetzung mit den wei\u00dfbekleideten Herren, und die Darstellerin zieht sich die Haare aus Brust &amp; Bein \u2026<br><em>Perthold, Sabine (Hg.): Rote K\u00fcsse. Frauen-Film-Schaubuch. T\u00fcbingen: konkursbuch Verlag Claudia Gehrke, 1990, S. 164f.<\/em><\/p>\n\n\n\n<p><em>Festivals<\/em><br>Oberhausen 1987<br>Osnabr\u00fcck 1987<\/p>\n","protected":false},"excerpt":{"rendered":"<p>Wenn der Haarwuchs l\u00e4stig wird BRD 19876 minFarbe16mmKamera: A. Telscher, K. Telscher, B. VogelsangD: Anja TelscherMusik: Big Stick Ausgel\u00f6st wird dieser unerw\u00fcnschte Haarwuchs durch m\u00e4nnliche Sexualhormone, Androgene, die in geringen Mengen auch im K\u00f6rper jeder gesunden Frau vorkommen.Bericht zum Internationlen Experimentalfilmworkshop Osnabr\u00fcck 1987, S. 53. [\u2026] wieder das Telefon zu Beginn, eine ironische Auseinandersetzung mit [&hellip;]<\/p>\n","protected":false},"author":8606,"featured_media":0,"parent":0,"menu_order":0,"comment_status":"closed","ping_status":"closed","template":"","meta":{"footnotes":""},"class_list":["post-1050","page","type-page","status-publish","hentry"],"_links":{"self":[{"href":"https:\/\/blogs.uni-paderborn.de\/brauerhoch\/wp-json\/wp\/v2\/pages\/1050","targetHints":{"allow":["GET"]}}],"collection":[{"href":"https:\/\/blogs.uni-paderborn.de\/brauerhoch\/wp-json\/wp\/v2\/pages"}],"about":[{"href":"https:\/\/blogs.uni-paderborn.de\/brauerhoch\/wp-json\/wp\/v2\/types\/page"}],"author":[{"embeddable":true,"href":"https:\/\/blogs.uni-paderborn.de\/brauerhoch\/wp-json\/wp\/v2\/users\/8606"}],"replies":[{"embeddable":true,"href":"https:\/\/blogs.uni-paderborn.de\/brauerhoch\/wp-json\/wp\/v2\/comments?post=1050"}],"version-history":[{"count":4,"href":"https:\/\/blogs.uni-paderborn.de\/brauerhoch\/wp-json\/wp\/v2\/pages\/1050\/revisions"}],"predecessor-version":[{"id":1641,"href":"https:\/\/blogs.uni-paderborn.de\/brauerhoch\/wp-json\/wp\/v2\/pages\/1050\/revisions\/1641"}],"wp:attachment":[{"href":"https:\/\/blogs.uni-paderborn.de\/brauerhoch\/wp-json\/wp\/v2\/media?parent=1050"}],"curies":[{"name":"wp","href":"https:\/\/api.w.org\/{rel}","templated":true}]}}