{"id":1042,"date":"2020-03-17T22:23:58","date_gmt":"2020-03-17T21:23:58","guid":{"rendered":"https:\/\/blogs.uni-paderborn.de\/brauerhoch\/?page_id=1042"},"modified":"2020-06-19T17:25:18","modified_gmt":"2020-06-19T15:25:18","slug":"karola-schlegelmilch","status":"publish","type":"page","link":"https:\/\/blogs.uni-paderborn.de\/brauerhoch\/karola-schlegelmilch\/","title":{"rendered":"Karola Schlegelmilch"},"content":{"rendered":"<div class=\"twoclick_social_bookmarks_post_1042 social_share_privacy clearfix 1.6.4 locale-de_DE sprite-de_DE\"><\/div><div class=\"twoclick-js\"><script type=\"text\/javascript\">\/* <![CDATA[ *\/\njQuery(document).ready(function($){if($('.twoclick_social_bookmarks_post_1042')){$('.twoclick_social_bookmarks_post_1042').socialSharePrivacy({\"txt_help\":\"Wenn Sie diese Felder durch einen Klick aktivieren, werden Informationen an Facebook, Twitter, Flattr, Xing, t3n, LinkedIn, Pinterest oder Google eventuell ins Ausland \\u00fcbertragen und unter Umst\\u00e4nden auch dort gespeichert. N\\u00e4heres erfahren Sie durch einen Klick auf das <em>i<\\\/em>.\",\"settings_perma\":\"Dauerhaft aktivieren und Daten\\u00fcber-tragung zustimmen:\",\"info_link\":\"http:\\\/\\\/www.heise.de\\\/ct\\\/artikel\\\/2-Klicks-fuer-mehr-Datenschutz-1333879.html\",\"uri\":\"https:\\\/\\\/blogs.uni-paderborn.de\\\/brauerhoch\\\/karola-schlegelmilch\\\/\",\"post_id\":1042,\"post_title_referrer_track\":\"Karola+Schlegelmilch\",\"display_infobox\":\"on\"});}});\n\/* ]]> *\/<\/script><\/div>\n<h3 class=\"wp-block-heading\">Vom Sterneschneutzen<\/h3>\n\n\n\n<figure class=\"wp-block-image\"><a href=\"https:\/\/blogs.uni-paderborn.de\/brauerhoch\/files\/2020\/03\/schlegemilch.jpg\"><img loading=\"lazy\" decoding=\"async\" width=\"300\" height=\"240\" src=\"https:\/\/blogs.uni-paderborn.de\/brauerhoch\/files\/2020\/03\/schlegemilch.jpg\" alt=\"\" class=\"wp-image-1160\" \/><\/a><\/figure>\n\n\n\n<p>D 1993<br>12 min<br>Farbe<br>Lichtton<br>16mm<\/p>\n\n\n\n<figure class=\"wp-block-video\"><video controls src=\"https:\/\/groups.upb.de\/brauerhoch\/sterne.mp4\"><\/video><\/figure>\n\n\n\n<p>Sternschnuppen: Der Volksglaube hielt die gallertartigen Klumpen der Zitteralge Nostoc f\u00fcr den schleimigen Auswurf der Sterne. Manche Alchemisten sahen darin auch ein &#8218;vornehmes Meteor&#8216; oder ein &#8218;Sperma astrale&#8216; , das in klaren Sommern\u00e4chten auf seinem Weg zur jungfr\u00e4ulichen Erde beobachtet werden kann&#8230;<br>(Lexikon der Magie)<br>Vom Sterneschneutzen fasst die Mehrdeutigkeit von Filmsprache auf absurde Weise zusammen: man erlebt zum Beispiel einen narzisstischen Kurzschluss, h\u00f6rt von der \u00dcbermacht des Leinwandgeschehens, sieht Blubberndes, Schleimiges, Haariges, und eine Elfe die zu Fleisch und Blut wird.<br><em>Karola Schlegelmilch<\/em><\/p>\n\n\n\n<p>Vom Sterneschneutzen von 1993 bringt auf humorvolle, ironische Weise einige suggestive Bilder ins Wanken. Der Film bezieht sich auf sinnliche Wirkungen von Bildern.<br><a href=\"http:\/\/www.filmsamstag.de\/archiv\/2003\/03\/_f_i_l_m.php\" target=\"_blank\" rel=\"noreferrer noopener\" aria-label=\"http:\/\/www.filmsamstag.de\/archiv\/2003\/03\/_f_i_l_m.php (\u00f6ffnet in neuem Tab)\">http:\/\/www.filmsamstag.de\/archiv\/2003\/03\/_f_i_l_m.php<\/a><\/p>\n\n\n\n<p><em>Links<\/em><br><a rel=\"noreferrer noopener\" aria-label=\" (\u00f6ffnet in neuem Tab)\" href=\"http:\/\/www.karolaschlegelmilch.de\/\" target=\"_blank\">http:\/\/www.karolaschlegelmilch.de\/<\/a><\/p>\n\n\n\n<p><em>Festivals<\/em><br>Oberhausen 1993<br>Osnabr\u00fcck 1993<\/p>\n\n\n\n<hr class=\"wp-block-separator\" \/>\n\n\n\n<h3 class=\"wp-block-heading\">Die Resonanz von Augenblicken II<\/h3>\n\n\n\n<figure class=\"wp-block-image is-resized\"><a href=\"https:\/\/blogs.uni-paderborn.de\/brauerhoch\/files\/2020\/03\/schlegelmilch_resonanz.jpg\"><img loading=\"lazy\" decoding=\"async\" src=\"https:\/\/blogs.uni-paderborn.de\/brauerhoch\/files\/2020\/03\/schlegelmilch_resonanz.jpg\" alt=\"\" class=\"wp-image-1162\" width=\"300\" height=\"252\" \/><\/a><\/figure>\n\n\n\n<p>D 2001<br>30 min<br>Farbe<br>Magnetton<br>16mm<\/p>\n\n\n\n<p>Trilogie aus Sackh\u00fcpfen, L&#8217;Arriv\u00e9e au Cascade, Stunts.<\/p>\n\n\n\n<p>Die Aufnahmen zu diesem Filmprojekt entstanden gr\u00f6sstenteils auf S-8 Material bei Aufenthalten in Westafrika, Paris und verschiedenen Teilen Deutschlands. Sie zeigen Augenblicke k\u00f6rperlichen Vergn\u00fcgens: Afrikanische Kinder beim Sackh\u00fcpfen, Badende dr\u00e4ngeln sich in der Brandung, eine koreanische Tanz-Gruppe im Schatten. In vielen Motiven mischen sich spielerische mit existentiellen Momenten. Hinter der vordergr\u00fcndigen Leichtigkeit dringen sie dabei in existenzielle Bereiche vor, die aus dem Alltag sonst ausgespart scheinen.<br><em>Karola Schlegelmilch<\/em><\/p>\n\n\n\n<p><em>Preise<\/em><br>Preis der deutschen Filmkritik (Experimentalfilm) 2001<\/p>\n","protected":false},"excerpt":{"rendered":"<p>Vom Sterneschneutzen D 199312 minFarbeLichtton16mm Sternschnuppen: Der Volksglaube hielt die gallertartigen Klumpen der Zitteralge Nostoc f\u00fcr den schleimigen Auswurf der Sterne. Manche Alchemisten sahen darin auch ein &#8218;vornehmes Meteor&#8216; oder ein &#8218;Sperma astrale&#8216; , das in klaren Sommern\u00e4chten auf seinem Weg zur jungfr\u00e4ulichen Erde beobachtet werden kann&#8230;(Lexikon der Magie)Vom Sterneschneutzen fasst die Mehrdeutigkeit von Filmsprache [&hellip;]<\/p>\n","protected":false},"author":8606,"featured_media":0,"parent":0,"menu_order":0,"comment_status":"closed","ping_status":"closed","template":"","meta":{"footnotes":""},"class_list":["post-1042","page","type-page","status-publish","hentry"],"_links":{"self":[{"href":"https:\/\/blogs.uni-paderborn.de\/brauerhoch\/wp-json\/wp\/v2\/pages\/1042","targetHints":{"allow":["GET"]}}],"collection":[{"href":"https:\/\/blogs.uni-paderborn.de\/brauerhoch\/wp-json\/wp\/v2\/pages"}],"about":[{"href":"https:\/\/blogs.uni-paderborn.de\/brauerhoch\/wp-json\/wp\/v2\/types\/page"}],"author":[{"embeddable":true,"href":"https:\/\/blogs.uni-paderborn.de\/brauerhoch\/wp-json\/wp\/v2\/users\/8606"}],"replies":[{"embeddable":true,"href":"https:\/\/blogs.uni-paderborn.de\/brauerhoch\/wp-json\/wp\/v2\/comments?post=1042"}],"version-history":[{"count":9,"href":"https:\/\/blogs.uni-paderborn.de\/brauerhoch\/wp-json\/wp\/v2\/pages\/1042\/revisions"}],"predecessor-version":[{"id":1633,"href":"https:\/\/blogs.uni-paderborn.de\/brauerhoch\/wp-json\/wp\/v2\/pages\/1042\/revisions\/1633"}],"wp:attachment":[{"href":"https:\/\/blogs.uni-paderborn.de\/brauerhoch\/wp-json\/wp\/v2\/media?parent=1042"}],"curies":[{"name":"wp","href":"https:\/\/api.w.org\/{rel}","templated":true}]}}