{"id":1038,"date":"2020-03-17T22:23:07","date_gmt":"2020-03-17T21:23:07","guid":{"rendered":"https:\/\/blogs.uni-paderborn.de\/brauerhoch\/?page_id=1038"},"modified":"2020-06-19T17:17:22","modified_gmt":"2020-06-19T15:17:22","slug":"helke-sander","status":"publish","type":"page","link":"https:\/\/blogs.uni-paderborn.de\/brauerhoch\/helke-sander\/","title":{"rendered":"Helke Sander"},"content":{"rendered":"<div class=\"twoclick_social_bookmarks_post_1038 social_share_privacy clearfix 1.6.4 locale-de_DE sprite-de_DE\"><\/div><div class=\"twoclick-js\"><script type=\"text\/javascript\">\/* <![CDATA[ *\/\njQuery(document).ready(function($){if($('.twoclick_social_bookmarks_post_1038')){$('.twoclick_social_bookmarks_post_1038').socialSharePrivacy({\"txt_help\":\"Wenn Sie diese Felder durch einen Klick aktivieren, werden Informationen an Facebook, Twitter, Flattr, Xing, t3n, LinkedIn, Pinterest oder Google eventuell ins Ausland \\u00fcbertragen und unter Umst\\u00e4nden auch dort gespeichert. N\\u00e4heres erfahren Sie durch einen Klick auf das <em>i<\\\/em>.\",\"settings_perma\":\"Dauerhaft aktivieren und Daten\\u00fcber-tragung zustimmen:\",\"info_link\":\"http:\\\/\\\/www.heise.de\\\/ct\\\/artikel\\\/2-Klicks-fuer-mehr-Datenschutz-1333879.html\",\"uri\":\"https:\\\/\\\/blogs.uni-paderborn.de\\\/brauerhoch\\\/helke-sander\\\/\",\"post_id\":1038,\"post_title_referrer_track\":\"Helke+Sander\",\"display_infobox\":\"on\"});}});\n\/* ]]> *\/<\/script><\/div>\n<h3 class=\"wp-block-heading\">Subjektit\u00fcde<\/h3>\n\n\n\n<figure class=\"wp-block-image\"><a href=\"https:\/\/blogs.uni-paderborn.de\/brauerhoch\/files\/2020\/03\/subjektituede.jpg\"><img loading=\"lazy\" decoding=\"async\" width=\"300\" height=\"224\" src=\"https:\/\/blogs.uni-paderborn.de\/brauerhoch\/files\/2020\/03\/subjektituede.jpg\" alt=\"\" class=\"wp-image-1144\" \/><\/a><\/figure>\n\n\n\n<p>BRD 1966<br>6 min<br>s\/w<br>Lichtton<br>16mm<br>Regie, Drehbuch: Helke Sander<br>Kamera: Gerd Conradt<br>Darsteller: Barbara Lamers, Hans-R\u00fcdiger Minow, Wolfgang Sippel, Holger Meins<br>Produktionsfirma: Deutsche Film- und Fernsehakademie Berlin GmbH (dffb) (Berlin)<\/p>\n\n\n\n<p>Geschlechtsspezifische Blicke und innere Monologe im \u00f6ffentlichen Raum: \u201eWie selbstsicher die beiden M\u00e4nner \u00fcber die Stra\u00dfe laufen (\u2026) ganz wenig Rentner heute hier (\u2026) Die M\u00e4nnlichkeitsprobe, \u00fcber Nacht? (\u2026) Wie hei\u00dft dieses Fremdwort: Sex, ja Sex ist es wohl dann (\u2026) Ein Schiff, ein Schiff kommt an, sie steigt ein, er f\u00e4llt ins Wasser und aus.\u201c<br><em>Katalog Kurzfilmtage Oberhausen 1999.<\/em><\/p>\n\n\n\n<p>Helke Sander spielt in ihrem ersten \u00dcbungsfilm an der Filmakademie mit filmischen Konventionen: Wer spricht, wer guckt und wie passt das zusammen \u2013 oder auch nicht. Einfache Stra\u00dfenszenen, Partikel kleiner Geschichten, die in den K\u00f6pfen stecken, innere Monologe, aber wem sind sie zuzuordnen?<br>JedeR beobachtet JedeN, ein Netz m\u00f6glicher Beziehungen, entworfen in vier Minuten. Schon in diesem ersten Film ist ein f\u00fcr Helke Sander grundlegendes Thema angesprochen: Wie behauptet sich weibliche Subjektivit\u00e4t in einer Gesellschaft, die von m\u00e4nnlichen Parametern bestimmt ist. Ihr Blick bewahrt sich Unbefangenheit und Neugier, ist ohne denunziatorische Absicht. Daraus entsteht der Witz der Verbl\u00fcffung, weil der Zuschauer mit dieser Art von Unschuld nicht rechnet.<br><em>Katalog Kurzfilmtage Oberhausen 2004.<\/em><\/p>\n\n\n\n<p>Die viermin\u00fctige SUBJEKTIT\u00dcDE (Helke Sander, 1966) zeigt in subjektiven Einstellungen und inneren Monologen zwei M\u00e4nner und eine Frau an einer Bushaltestelle, die sich gegenseitig taxieren.<br><a href=\"https:\/\/www.arsenal-berlin.de\/kino-arsenal\/programmarchiv\/einzelansicht\/article\/681\/2804\/archive\/2006\/november.html\" target=\"_blank\" rel=\"noreferrer noopener\" aria-label=\"https:\/\/www.arsenal-berlin.de\/kino-arsenal\/programmarchiv\/einzelansicht\/article\/681\/2804\/archive\/2006\/november.html (\u00f6ffnet in neuem Tab)\">https:\/\/www.arsenal-berlin.de\/kino-arsenal\/programmarchiv\/einzelansicht\/article\/681\/2804\/archive\/2006\/november.html<\/a><\/p>\n\n\n\n<p><em>Festivals<\/em><br>Oberhausen 1999, 2004<\/p>\n\n\n\n<p><em>Fernsehen<\/em><br>23.09.1970 (WDR3)<\/p>\n","protected":false},"excerpt":{"rendered":"<p>Subjektit\u00fcde BRD 19666 mins\/wLichtton16mmRegie, Drehbuch: Helke SanderKamera: Gerd ConradtDarsteller: Barbara Lamers, Hans-R\u00fcdiger Minow, Wolfgang Sippel, Holger MeinsProduktionsfirma: Deutsche Film- und Fernsehakademie Berlin GmbH (dffb) (Berlin) Geschlechtsspezifische Blicke und innere Monologe im \u00f6ffentlichen Raum: \u201eWie selbstsicher die beiden M\u00e4nner \u00fcber die Stra\u00dfe laufen (\u2026) ganz wenig Rentner heute hier (\u2026) Die M\u00e4nnlichkeitsprobe, \u00fcber Nacht? (\u2026) Wie [&hellip;]<\/p>\n","protected":false},"author":8606,"featured_media":0,"parent":0,"menu_order":0,"comment_status":"closed","ping_status":"closed","template":"","meta":{"footnotes":""},"class_list":["post-1038","page","type-page","status-publish","hentry"],"_links":{"self":[{"href":"https:\/\/blogs.uni-paderborn.de\/brauerhoch\/wp-json\/wp\/v2\/pages\/1038","targetHints":{"allow":["GET"]}}],"collection":[{"href":"https:\/\/blogs.uni-paderborn.de\/brauerhoch\/wp-json\/wp\/v2\/pages"}],"about":[{"href":"https:\/\/blogs.uni-paderborn.de\/brauerhoch\/wp-json\/wp\/v2\/types\/page"}],"author":[{"embeddable":true,"href":"https:\/\/blogs.uni-paderborn.de\/brauerhoch\/wp-json\/wp\/v2\/users\/8606"}],"replies":[{"embeddable":true,"href":"https:\/\/blogs.uni-paderborn.de\/brauerhoch\/wp-json\/wp\/v2\/comments?post=1038"}],"version-history":[{"count":5,"href":"https:\/\/blogs.uni-paderborn.de\/brauerhoch\/wp-json\/wp\/v2\/pages\/1038\/revisions"}],"predecessor-version":[{"id":1625,"href":"https:\/\/blogs.uni-paderborn.de\/brauerhoch\/wp-json\/wp\/v2\/pages\/1038\/revisions\/1625"}],"wp:attachment":[{"href":"https:\/\/blogs.uni-paderborn.de\/brauerhoch\/wp-json\/wp\/v2\/media?parent=1038"}],"curies":[{"name":"wp","href":"https:\/\/api.w.org\/{rel}","templated":true}]}}