{"id":1034,"date":"2020-03-17T22:22:13","date_gmt":"2020-03-17T21:22:13","guid":{"rendered":"https:\/\/blogs.uni-paderborn.de\/brauerhoch\/?page_id=1034"},"modified":"2020-08-09T21:54:54","modified_gmt":"2020-08-09T19:54:54","slug":"claudia-schillinger","status":"publish","type":"page","link":"https:\/\/blogs.uni-paderborn.de\/brauerhoch\/claudia-schillinger\/","title":{"rendered":"Claudia Schillinger"},"content":{"rendered":"<div class=\"twoclick_social_bookmarks_post_1034 social_share_privacy clearfix 1.6.4 locale-de_DE sprite-de_DE\"><\/div><div class=\"twoclick-js\"><script type=\"text\/javascript\">\/* <![CDATA[ *\/\njQuery(document).ready(function($){if($('.twoclick_social_bookmarks_post_1034')){$('.twoclick_social_bookmarks_post_1034').socialSharePrivacy({\"txt_help\":\"Wenn Sie diese Felder durch einen Klick aktivieren, werden Informationen an Facebook, Twitter, Flattr, Xing, t3n, LinkedIn, Pinterest oder Google eventuell ins Ausland \\u00fcbertragen und unter Umst\\u00e4nden auch dort gespeichert. N\\u00e4heres erfahren Sie durch einen Klick auf das <em>i<\\\/em>.\",\"settings_perma\":\"Dauerhaft aktivieren und Daten\\u00fcber-tragung zustimmen:\",\"info_link\":\"http:\\\/\\\/www.heise.de\\\/ct\\\/artikel\\\/2-Klicks-fuer-mehr-Datenschutz-1333879.html\",\"uri\":\"https:\\\/\\\/blogs.uni-paderborn.de\\\/brauerhoch\\\/claudia-schillinger\\\/\",\"post_id\":1034,\"post_title_referrer_track\":\"Claudia+Schillinger\",\"display_infobox\":\"on\"});}});\n\/* ]]> *\/<\/script><\/div>\n<h3 class=\"wp-block-heading\">Between<\/h3>\n\n\n\n<figure class=\"wp-block-image\"><a href=\"https:\/\/blogs.uni-paderborn.de\/brauerhoch\/files\/2020\/03\/schillinger_between.jpg\"><img loading=\"lazy\" decoding=\"async\" width=\"300\" height=\"225\" src=\"https:\/\/blogs.uni-paderborn.de\/brauerhoch\/files\/2020\/03\/schillinger_between.jpg\" alt=\"\" class=\"wp-image-1318\" \/><\/a><\/figure>\n\n\n\n<p>BRD 1989<br>10 min<br>Farbe<br>Lichtton<br>16mm<br>Regie, Drehbuch, Schnitt: Claudia Schillinger<br>Kamera: Kerstin Scholz<\/p>\n\n\n\n<figure class=\"wp-block-video\"><video controls src=\"https:\/\/groups.upb.de\/brauerhoch\/between.mp4\"><\/video><\/figure>\n\n\n\n<p>&#8222;Between&#8220; ist ein erster Versuch sexuelle Phantasien zu zeigen und ihnen eines spezifische filmische Form zu geben. Das Sexuelle ereignet sich hier zwischen Atmosph\u00e4re und<br>Imagination, sowie zwischen weiblichen und m\u00e4nnlichen Geschlechtshaltungen.<br><em>Filmwinter 96<\/em><\/p>\n\n\n\n<p>Ein Sommernachmittag voller Tagtr\u00e4ume. Sexuelle Fantasien verk\u00f6rpern sich in schwarzwei\u00dfen Bildern androgyner K\u00f6rper. Die Grenze zwischen Bildern der Realit\u00e4t und Wunschbildern wird durchl\u00e4ssig, das Geschlecht wird spielerischen Verwandlungen unterzogen. \u00bbBetween\u00ab setzt auf lustvolle Fragmentierung des K\u00f6rpers, surreale Szenenfolge und eine ambivalente Symbolik. Die Lust an einer eigenwilligen Inszenierung des K\u00f6rpers dominierte den Zeitgeist der 80er Jahre. Die Artikulation eines wilden \u00bbBegehrens\u00ab \u2013 um einen zentralen Begriff der \u00e4sthetischen wie feministischen Diskussion der 80er Jahre aufzugreifen \u2013 schlug sich auch in Filmen nieder, die in der Folge von z.B. Maya Derens Filmen der 40er Jahre eine andere weibliche Sicht formulierten. <br><em>Rudolf Frieling<\/em><\/p>\n\n\n\n<hr class=\"wp-block-separator\" \/>\n\n\n\n<h3 class=\"wp-block-heading\">Dreams of a Virgin<\/h3>\n\n\n\n<figure class=\"wp-block-image is-resized\"><a href=\"https:\/\/blogs.uni-paderborn.de\/brauerhoch\/files\/2020\/03\/schillinger_dreams.jpg\"><img loading=\"lazy\" decoding=\"async\" src=\"https:\/\/blogs.uni-paderborn.de\/brauerhoch\/files\/2020\/03\/schillinger_dreams.jpg\" alt=\"\" class=\"wp-image-1320\" width=\"212\" height=\"331\" srcset=\"https:\/\/blogs.uni-paderborn.de\/brauerhoch\/files\/2020\/03\/schillinger_dreams.jpg 300w, https:\/\/blogs.uni-paderborn.de\/brauerhoch\/files\/2020\/03\/schillinger_dreams-192x300.jpg 192w\" sizes=\"auto, (max-width: 212px) 100vw, 212px\" \/><\/a><\/figure>\n\n\n\n<p>BRD 1986<br>13,5 min<br>Farbe<br>Lichtton<br>16mm<\/p>\n\n\n\n<figure class=\"wp-block-video\"><video controls src=\"https:\/\/groups.upb.de\/brauerhoch\/blindman.mp4\"><\/video><\/figure>\n\n\n\n<p>&#8222;Dreams of a Virgin&#8220; erz\u00e4hlt vom Wunsch polarisierte weibliche Rollenklischees zu verschmelzen, um dadurch eins zu werden.<br><br>Durch Standbilder, Zeitlupenvideo und Doppelbelichtungen ergibt sich ein eigent\u00fcmlich trennender Effekt: Ber\u00fchrung und Verschmelzung, die durch das Filmmaterial geschieht, zeigt die ersehnte Einheit als heterogene Mischung. Wie Wasser und \u00d6l bleiben die Elemente getrennt. Das Geschlecht, das nicht eins ist, erlebt sich hier als solches erst im bewu\u00dften Akt des Spiegelns, in dem Rahmung und Fragmentierung als lustvolles Mittel angeeignet wird.<br><em>Filmwinter 96<\/em><\/p>\n\n\n\n<p><em>Link<\/em>s<br><a rel=\"noreferrer noopener\" aria-label=\" (\u00f6ffnet in neuem Tab)\" href=\"http:\/\/mfj-online.org\/journalPages\/MFJ30,31\/MHoolboomFemme.html\" target=\"_blank\">http:\/\/mfj-online.org\/journalPages\/MFJ30,31\/MHoolboomFemme.html<\/a><\/p>\n","protected":false},"excerpt":{"rendered":"<p>Between BRD 198910 minFarbeLichtton16mmRegie, Drehbuch, Schnitt: Claudia SchillingerKamera: Kerstin Scholz &#8222;Between&#8220; ist ein erster Versuch sexuelle Phantasien zu zeigen und ihnen eines spezifische filmische Form zu geben. Das Sexuelle ereignet sich hier zwischen Atmosph\u00e4re undImagination, sowie zwischen weiblichen und m\u00e4nnlichen Geschlechtshaltungen.Filmwinter 96 Ein Sommernachmittag voller Tagtr\u00e4ume. Sexuelle Fantasien verk\u00f6rpern sich in schwarzwei\u00dfen Bildern androgyner K\u00f6rper. [&hellip;]<\/p>\n","protected":false},"author":8606,"featured_media":0,"parent":0,"menu_order":0,"comment_status":"closed","ping_status":"closed","template":"","meta":{"footnotes":""},"class_list":["post-1034","page","type-page","status-publish","hentry"],"_links":{"self":[{"href":"https:\/\/blogs.uni-paderborn.de\/brauerhoch\/wp-json\/wp\/v2\/pages\/1034","targetHints":{"allow":["GET"]}}],"collection":[{"href":"https:\/\/blogs.uni-paderborn.de\/brauerhoch\/wp-json\/wp\/v2\/pages"}],"about":[{"href":"https:\/\/blogs.uni-paderborn.de\/brauerhoch\/wp-json\/wp\/v2\/types\/page"}],"author":[{"embeddable":true,"href":"https:\/\/blogs.uni-paderborn.de\/brauerhoch\/wp-json\/wp\/v2\/users\/8606"}],"replies":[{"embeddable":true,"href":"https:\/\/blogs.uni-paderborn.de\/brauerhoch\/wp-json\/wp\/v2\/comments?post=1034"}],"version-history":[{"count":10,"href":"https:\/\/blogs.uni-paderborn.de\/brauerhoch\/wp-json\/wp\/v2\/pages\/1034\/revisions"}],"predecessor-version":[{"id":1794,"href":"https:\/\/blogs.uni-paderborn.de\/brauerhoch\/wp-json\/wp\/v2\/pages\/1034\/revisions\/1794"}],"wp:attachment":[{"href":"https:\/\/blogs.uni-paderborn.de\/brauerhoch\/wp-json\/wp\/v2\/media?parent=1034"}],"curies":[{"name":"wp","href":"https:\/\/api.w.org\/{rel}","templated":true}]}}