{"id":1030,"date":"2020-03-17T22:21:23","date_gmt":"2020-03-17T21:21:23","guid":{"rendered":"https:\/\/blogs.uni-paderborn.de\/brauerhoch\/?page_id=1030"},"modified":"2020-06-19T17:05:16","modified_gmt":"2020-06-19T15:05:16","slug":"renate-sami","status":"publish","type":"page","link":"https:\/\/blogs.uni-paderborn.de\/brauerhoch\/renate-sami\/","title":{"rendered":"Renate Sami"},"content":{"rendered":"<div class=\"twoclick_social_bookmarks_post_1030 social_share_privacy clearfix 1.6.4 locale-de_DE sprite-de_DE\"><\/div><div class=\"twoclick-js\"><script type=\"text\/javascript\">\/* <![CDATA[ *\/\njQuery(document).ready(function($){if($('.twoclick_social_bookmarks_post_1030')){$('.twoclick_social_bookmarks_post_1030').socialSharePrivacy({\"txt_help\":\"Wenn Sie diese Felder durch einen Klick aktivieren, werden Informationen an Facebook, Twitter, Flattr, Xing, t3n, LinkedIn, Pinterest oder Google eventuell ins Ausland \\u00fcbertragen und unter Umst\\u00e4nden auch dort gespeichert. N\\u00e4heres erfahren Sie durch einen Klick auf das <em>i<\\\/em>.\",\"settings_perma\":\"Dauerhaft aktivieren und Daten\\u00fcber-tragung zustimmen:\",\"info_link\":\"http:\\\/\\\/www.heise.de\\\/ct\\\/artikel\\\/2-Klicks-fuer-mehr-Datenschutz-1333879.html\",\"uri\":\"https:\\\/\\\/blogs.uni-paderborn.de\\\/brauerhoch\\\/renate-sami\\\/\",\"post_id\":1030,\"post_title_referrer_track\":\"Renate+Sami\",\"display_infobox\":\"on\"});}});\n\/* ]]> *\/<\/script><\/div>\n<h3 class=\"wp-block-heading\">Wenn Du eine Rose siehst<\/h3>\n\n\n\n<figure class=\"wp-block-image is-resized\"><a href=\"https:\/\/blogs.uni-paderborn.de\/brauerhoch\/files\/2020\/03\/sami.jpg\"><img loading=\"lazy\" decoding=\"async\" src=\"https:\/\/blogs.uni-paderborn.de\/brauerhoch\/files\/2020\/03\/sami.jpg\" alt=\"\" class=\"wp-image-1274\" width=\"201\" height=\"333\" srcset=\"https:\/\/blogs.uni-paderborn.de\/brauerhoch\/files\/2020\/03\/sami.jpg 300w, https:\/\/blogs.uni-paderborn.de\/brauerhoch\/files\/2020\/03\/sami-181x300.jpg 181w\" sizes=\"auto, (max-width: 201px) 100vw, 201px\" \/><\/a><\/figure>\n\n\n\n<p>D 1995<br>4:30 min<br>Farbe<br>16mm<br>Lichtton<\/p>\n\n\n\n<figure class=\"wp-block-video\"><video controls src=\"https:\/\/groups.upb.de\/brauerhoch\/wenndueinerosesiehst.mp4\"><\/video><\/figure>\n\n\n\n<p>WENN DU EINE ROSE SIEHST von Renate Sami ist ein kurzes filmisches Gedicht, sehr zart \u2013 ein Blick, ein Gef\u00fchl&#8230; <br><em>Ute Aurand<\/em><\/p>\n\n\n\n<p>Verzaubert von der Stimme von Cathy Berberian, mit Fetzen von Melodien und Zeilen\u00a0 von Gedichten im Kopf, verliebt in den Fr\u00fchling und die Blumen des Sommers, lief ich durch Stra\u00dfen und G\u00e4rten, Feld, Wald und Wiesen, und hatte am Ende jenes Sommers 1995 einen kleinen Film, der wehm\u00fctig endet mit einem Klang aus \u201eLiedern eines fahrenden Gesellen\u201c von Gustav Mahler. <br><em>Renate Sami<\/em><\/p>\n\n\n\n<p><em>Auff\u00fchrungen<\/em><br>Kino Arsenal in Berlin 1996<br>Filmkunsthaus Babylon Mitte in Berlin 1997<br>Filmmuseum Potsdam 1998<br>Studio 4 in Z\u00fcrich 1999<br>Filmkunsthaus Babylon Mitte Berlin 1999<br>Comenius Garten in Berlin 2001<br>Bibliothek im Schlo\u00dfpark Steinh\u00f6fel 2003<br>Studiokino Babylon Mitte in Berlin 2007<\/p>\n\n\n\n<p><em>Festivals<\/em><br>Rosen Filmfest im Palmengarten Frankfurt 2003<br>Women Make Waves Festival in Taiwan 2004<\/p>\n","protected":false},"excerpt":{"rendered":"<p>Wenn Du eine Rose siehst D 19954:30 minFarbe16mmLichtton WENN DU EINE ROSE SIEHST von Renate Sami ist ein kurzes filmisches Gedicht, sehr zart \u2013 ein Blick, ein Gef\u00fchl&#8230; Ute Aurand Verzaubert von der Stimme von Cathy Berberian, mit Fetzen von Melodien und Zeilen\u00a0 von Gedichten im Kopf, verliebt in den Fr\u00fchling und die Blumen des [&hellip;]<\/p>\n","protected":false},"author":8606,"featured_media":0,"parent":0,"menu_order":0,"comment_status":"closed","ping_status":"closed","template":"","meta":{"footnotes":""},"class_list":["post-1030","page","type-page","status-publish","hentry"],"_links":{"self":[{"href":"https:\/\/blogs.uni-paderborn.de\/brauerhoch\/wp-json\/wp\/v2\/pages\/1030","targetHints":{"allow":["GET"]}}],"collection":[{"href":"https:\/\/blogs.uni-paderborn.de\/brauerhoch\/wp-json\/wp\/v2\/pages"}],"about":[{"href":"https:\/\/blogs.uni-paderborn.de\/brauerhoch\/wp-json\/wp\/v2\/types\/page"}],"author":[{"embeddable":true,"href":"https:\/\/blogs.uni-paderborn.de\/brauerhoch\/wp-json\/wp\/v2\/users\/8606"}],"replies":[{"embeddable":true,"href":"https:\/\/blogs.uni-paderborn.de\/brauerhoch\/wp-json\/wp\/v2\/comments?post=1030"}],"version-history":[{"count":3,"href":"https:\/\/blogs.uni-paderborn.de\/brauerhoch\/wp-json\/wp\/v2\/pages\/1030\/revisions"}],"predecessor-version":[{"id":1613,"href":"https:\/\/blogs.uni-paderborn.de\/brauerhoch\/wp-json\/wp\/v2\/pages\/1030\/revisions\/1613"}],"wp:attachment":[{"href":"https:\/\/blogs.uni-paderborn.de\/brauerhoch\/wp-json\/wp\/v2\/media?parent=1030"}],"curies":[{"name":"wp","href":"https:\/\/api.w.org\/{rel}","templated":true}]}}