{"id":1026,"date":"2020-03-17T22:20:36","date_gmt":"2020-03-17T21:20:36","guid":{"rendered":"https:\/\/blogs.uni-paderborn.de\/brauerhoch\/?page_id=1026"},"modified":"2020-08-20T12:17:57","modified_gmt":"2020-08-20T10:17:57","slug":"rosi-s-m","status":"publish","type":"page","link":"https:\/\/blogs.uni-paderborn.de\/brauerhoch\/rosi-s-m\/","title":{"rendered":"Rosi S.M."},"content":{"rendered":"<div class=\"twoclick_social_bookmarks_post_1026 social_share_privacy clearfix 1.6.4 locale-de_DE sprite-de_DE\"><\/div><div class=\"twoclick-js\"><script type=\"text\/javascript\">\/* <![CDATA[ *\/\njQuery(document).ready(function($){if($('.twoclick_social_bookmarks_post_1026')){$('.twoclick_social_bookmarks_post_1026').socialSharePrivacy({\"txt_help\":\"Wenn Sie diese Felder durch einen Klick aktivieren, werden Informationen an Facebook, Twitter, Flattr, Xing, t3n, LinkedIn, Pinterest oder Google eventuell ins Ausland \\u00fcbertragen und unter Umst\\u00e4nden auch dort gespeichert. N\\u00e4heres erfahren Sie durch einen Klick auf das <em>i<\\\/em>.\",\"settings_perma\":\"Dauerhaft aktivieren und Daten\\u00fcber-tragung zustimmen:\",\"info_link\":\"http:\\\/\\\/www.heise.de\\\/ct\\\/artikel\\\/2-Klicks-fuer-mehr-Datenschutz-1333879.html\",\"uri\":\"https:\\\/\\\/blogs.uni-paderborn.de\\\/brauerhoch\\\/rosi-s-m\\\/\",\"post_id\":1026,\"post_title_referrer_track\":\"Rosi+S.M.\",\"display_infobox\":\"on\"});}});\n\/* ]]> *\/<\/script><\/div>\n<h3 class=\"wp-block-heading\">Requiem f\u00fcr Requisiten<\/h3>\n\n\n\n<figure class=\"wp-block-image\"><a href=\"https:\/\/blogs.uni-paderborn.de\/brauerhoch\/files\/2020\/03\/rosism.jpg\"><img loading=\"lazy\" decoding=\"async\" width=\"300\" height=\"217\" src=\"https:\/\/blogs.uni-paderborn.de\/brauerhoch\/files\/2020\/03\/rosism.jpg\" alt=\"\" class=\"wp-image-1290\" \/><\/a><\/figure>\n\n\n\n<p>D 1993<br>20 min<br>Farbe<br>16mm<br>Regie, Drehbuch, Schnitt, Ton: Rosi S. M.<br>Kamera: Thomas Bartels, Martin Hauser<br>Musik: Barbara Heller<\/p>\n\n\n\n<p>Filmischer Augen-Eingriff als Ausl\u00f6ser lebendiger Erinnerungen: tote Abbildungen und deren Fragmente, gestaltet und betrachtet in realem Interieur. \u201eDa\u00df Film Kunst sei, L\u00fcge (was ist nicht Kunst?), Film ist Religion, die aus der Wirklichkeit ein paar sch\u00f6ne Beine macht, die wir sehen d\u00fcrfen, aber nicht ber\u00fchren.\u201c (Zitat Henry Parland)<br><em>European Media Art Festival 1993<\/em><\/p>\n\n\n\n<p>&#8222;Requiem f\u00fcr Requisiten&#8220; definiert Wahrnehmung als memnotechnische Praktik. Das Ensemble fotomechanischer Reproduktion \u00fcbernimmt die Funktion eines Tagebuches, doch letztendlich werden durch die \u00dcberlagerung diverser perspektivischer Schichten \u2013 die des Fotografen, der Filmemacherin, des Rezipienten und so weiter und so fort \u2013 mehrere Generationen von individueller Betrachtungsweise neu dokumentiert. Der filmische Augeneingriff erm\u00f6glicht den poetischen Zugang zur Geschichte und Struktur einer Person, und damit die lebendige Erinnerung.<br><em>Ulricht Wegenast, Komitee 9. Stuttgarter Filmwinter 1996<\/em><\/p>\n\n\n\n<p>Ein wunder Abgesang f\u00fcr Aufgeh\u00e4ngtes, Aufgehobenes, Vergilbtes und Verstaubtes. Blutiger Blick zur\u00fcck mit Heilungs-Aussicht. Augen-Operation.<br><em>Rosi S.M.<\/em><\/p>\n\n\n\n<p><em>Links<\/em><br><a href=\"http:\/\/de.wikipedia.org\/wiki\/Rosi_S._M.\" target=\"_blank\" rel=\"noreferrer noopener\" aria-label=\" (\u00f6ffnet in neuem Tab)\">http:\/\/de.wikipedia.org\/wiki\/Rosi_S._M.<\/a><\/p>\n\n\n\n<p><em>Festivals<\/em><br>European Media Art Festival 1993<br>Osnabr\u00fcck 1993<\/p>\n\n\n\n<p><em>Preise<\/em><br>Preis der Deutschen Filmkritik f\u00fcr den besten Experimentalfilm 1993 <br>Spezialpreis f\u00fcr unabh\u00e4ngiges, experimentelles Filmschaffen, Stuttgarter Filmwinter 1996 f\u00fcr &#8222;Requiem f\u00fcr Requisiten&#8220; sowie das gesamte k\u00fcnstlerische Oeuvre von Rosi S.M.<\/p>\n","protected":false},"excerpt":{"rendered":"<p>Requiem f\u00fcr Requisiten D 199320 minFarbe16mmRegie, Drehbuch, Schnitt, Ton: Rosi S. M.Kamera: Thomas Bartels, Martin HauserMusik: Barbara Heller Filmischer Augen-Eingriff als Ausl\u00f6ser lebendiger Erinnerungen: tote Abbildungen und deren Fragmente, gestaltet und betrachtet in realem Interieur. \u201eDa\u00df Film Kunst sei, L\u00fcge (was ist nicht Kunst?), Film ist Religion, die aus der Wirklichkeit ein paar sch\u00f6ne Beine [&hellip;]<\/p>\n","protected":false},"author":8606,"featured_media":0,"parent":0,"menu_order":0,"comment_status":"closed","ping_status":"closed","template":"","meta":{"footnotes":""},"class_list":["post-1026","page","type-page","status-publish","hentry"],"_links":{"self":[{"href":"https:\/\/blogs.uni-paderborn.de\/brauerhoch\/wp-json\/wp\/v2\/pages\/1026","targetHints":{"allow":["GET"]}}],"collection":[{"href":"https:\/\/blogs.uni-paderborn.de\/brauerhoch\/wp-json\/wp\/v2\/pages"}],"about":[{"href":"https:\/\/blogs.uni-paderborn.de\/brauerhoch\/wp-json\/wp\/v2\/types\/page"}],"author":[{"embeddable":true,"href":"https:\/\/blogs.uni-paderborn.de\/brauerhoch\/wp-json\/wp\/v2\/users\/8606"}],"replies":[{"embeddable":true,"href":"https:\/\/blogs.uni-paderborn.de\/brauerhoch\/wp-json\/wp\/v2\/comments?post=1026"}],"version-history":[{"count":7,"href":"https:\/\/blogs.uni-paderborn.de\/brauerhoch\/wp-json\/wp\/v2\/pages\/1026\/revisions"}],"predecessor-version":[{"id":1892,"href":"https:\/\/blogs.uni-paderborn.de\/brauerhoch\/wp-json\/wp\/v2\/pages\/1026\/revisions\/1892"}],"wp:attachment":[{"href":"https:\/\/blogs.uni-paderborn.de\/brauerhoch\/wp-json\/wp\/v2\/media?parent=1026"}],"curies":[{"name":"wp","href":"https:\/\/api.w.org\/{rel}","templated":true}]}}