{"id":1016,"date":"2020-03-17T22:18:39","date_gmt":"2020-03-17T21:18:39","guid":{"rendered":"https:\/\/blogs.uni-paderborn.de\/brauerhoch\/?page_id=1016"},"modified":"2020-06-19T16:44:49","modified_gmt":"2020-06-19T14:44:49","slug":"maija-lene-rettig","status":"publish","type":"page","link":"https:\/\/blogs.uni-paderborn.de\/brauerhoch\/maija-lene-rettig\/","title":{"rendered":"Maija-Lene Rettig"},"content":{"rendered":"<div class=\"twoclick_social_bookmarks_post_1016 social_share_privacy clearfix 1.6.4 locale-de_DE sprite-de_DE\"><\/div><div class=\"twoclick-js\"><script type=\"text\/javascript\">\/* <![CDATA[ *\/\njQuery(document).ready(function($){if($('.twoclick_social_bookmarks_post_1016')){$('.twoclick_social_bookmarks_post_1016').socialSharePrivacy({\"txt_help\":\"Wenn Sie diese Felder durch einen Klick aktivieren, werden Informationen an Facebook, Twitter, Flattr, Xing, t3n, LinkedIn, Pinterest oder Google eventuell ins Ausland \\u00fcbertragen und unter Umst\\u00e4nden auch dort gespeichert. N\\u00e4heres erfahren Sie durch einen Klick auf das <em>i<\\\/em>.\",\"settings_perma\":\"Dauerhaft aktivieren und Daten\\u00fcber-tragung zustimmen:\",\"info_link\":\"http:\\\/\\\/www.heise.de\\\/ct\\\/artikel\\\/2-Klicks-fuer-mehr-Datenschutz-1333879.html\",\"uri\":\"https:\\\/\\\/blogs.uni-paderborn.de\\\/brauerhoch\\\/maija-lene-rettig\\\/\",\"post_id\":1016,\"post_title_referrer_track\":\"Maija-Lene+Rettig\",\"display_infobox\":\"on\"});}});\n\/* ]]> *\/<\/script><\/div>\n<h3 class=\"wp-block-heading\">Take Courage<\/h3>\n\n\n\n<figure class=\"wp-block-image\"><a href=\"https:\/\/blogs.uni-paderborn.de\/brauerhoch\/files\/2020\/03\/take_courage.jpg\"><img loading=\"lazy\" decoding=\"async\" width=\"300\" height=\"235\" src=\"https:\/\/blogs.uni-paderborn.de\/brauerhoch\/files\/2020\/03\/take_courage.jpg\" alt=\"\" class=\"wp-image-1222\" \/><\/a><\/figure>\n\n\n\n<p>BRD 1987<br>8:30 min<br>s\/w<br>Magnetton<br>Super 8<br>Musik: Bernd B\u00f6hm, Maija-Lene Rettig<\/p>\n\n\n\n<figure class=\"wp-block-video\"><video controls src=\"https:\/\/lightconemedia.org\/media\/14\/5617.mp4\"><\/video><\/figure>\n\n\n\n<p>Quelle: Lightcone, Paris: <a href=\"http:\/\/lightcone.org\/fr\/film-1660-take-courage\" target=\"_blank\" rel=\"noreferrer noopener\" aria-label=\" (\u00f6ffnet in neuem Tab)\">lightcone.org\/fr\/film-1660-take-courage<\/a><\/p>\n\n\n\n<p>Der Film entstand w\u00e4hrend meines dreimonatigen Aufenthaltes in London. Auf der t\u00e4glichen Zugfahrt von Blackheath nach Charing Cross komme ich an ein Haus vorbei, das die Aufschrift \u201eTake Courage\u201c tr\u00e4gt \u2013 meine t\u00e4gliche Ermunterung.<br>Die poetische Dokumentation eines inneren Zustands.<br><em>Maija-Lene Rettig \u2013 In: Katalog Internationale Kurzfilmtage Oberhausen 1988.<\/em><\/p>\n\n\n\n<p>Eine Stadt, die mich erschl\u00e4gt. Distanz und N\u00e4he. Ich singe vor mich hin, wie ein \u00e4ngstliches Kind, das die Kellertreppe hinabsteigt. \u201eTake Courage\u201c. Meine Kamera dient mir als Tagebuch. Meine Freundin.<br><em>Maija-Lene Rettig \u2013 In: Bericht zum Internationalen Experimentalfilmworkshop Osnabr\u00fcck 1987, S. 49.<\/em><\/p>\n\n\n\n<p><em>Festivals<\/em><br>Kurzfilmtage Oberhausen 1988<\/p>\n","protected":false},"excerpt":{"rendered":"<p>Take Courage BRD 19878:30 mins\/wMagnettonSuper 8Musik: Bernd B\u00f6hm, Maija-Lene Rettig Quelle: Lightcone, Paris: lightcone.org\/fr\/film-1660-take-courage Der Film entstand w\u00e4hrend meines dreimonatigen Aufenthaltes in London. Auf der t\u00e4glichen Zugfahrt von Blackheath nach Charing Cross komme ich an ein Haus vorbei, das die Aufschrift \u201eTake Courage\u201c tr\u00e4gt \u2013 meine t\u00e4gliche Ermunterung.Die poetische Dokumentation eines inneren Zustands.Maija-Lene Rettig \u2013 [&hellip;]<\/p>\n","protected":false},"author":8606,"featured_media":0,"parent":0,"menu_order":0,"comment_status":"closed","ping_status":"closed","template":"","meta":{"footnotes":""},"class_list":["post-1016","page","type-page","status-publish","hentry"],"_links":{"self":[{"href":"https:\/\/blogs.uni-paderborn.de\/brauerhoch\/wp-json\/wp\/v2\/pages\/1016","targetHints":{"allow":["GET"]}}],"collection":[{"href":"https:\/\/blogs.uni-paderborn.de\/brauerhoch\/wp-json\/wp\/v2\/pages"}],"about":[{"href":"https:\/\/blogs.uni-paderborn.de\/brauerhoch\/wp-json\/wp\/v2\/types\/page"}],"author":[{"embeddable":true,"href":"https:\/\/blogs.uni-paderborn.de\/brauerhoch\/wp-json\/wp\/v2\/users\/8606"}],"replies":[{"embeddable":true,"href":"https:\/\/blogs.uni-paderborn.de\/brauerhoch\/wp-json\/wp\/v2\/comments?post=1016"}],"version-history":[{"count":3,"href":"https:\/\/blogs.uni-paderborn.de\/brauerhoch\/wp-json\/wp\/v2\/pages\/1016\/revisions"}],"predecessor-version":[{"id":1603,"href":"https:\/\/blogs.uni-paderborn.de\/brauerhoch\/wp-json\/wp\/v2\/pages\/1016\/revisions\/1603"}],"wp:attachment":[{"href":"https:\/\/blogs.uni-paderborn.de\/brauerhoch\/wp-json\/wp\/v2\/media?parent=1016"}],"curies":[{"name":"wp","href":"https:\/\/api.w.org\/{rel}","templated":true}]}}