{"id":1012,"date":"2020-03-17T22:10:49","date_gmt":"2020-03-17T21:10:49","guid":{"rendered":"https:\/\/blogs.uni-paderborn.de\/brauerhoch\/?page_id=1012"},"modified":"2020-06-19T16:41:30","modified_gmt":"2020-06-19T14:41:30","slug":"ingrid-pape-sheldon","status":"publish","type":"page","link":"https:\/\/blogs.uni-paderborn.de\/brauerhoch\/ingrid-pape-sheldon\/","title":{"rendered":"Ingrid Pape-Sheldon"},"content":{"rendered":"<div class=\"twoclick_social_bookmarks_post_1012 social_share_privacy clearfix 1.6.4 locale-de_DE sprite-de_DE\"><\/div><div class=\"twoclick-js\"><script type=\"text\/javascript\">\/* <![CDATA[ *\/\njQuery(document).ready(function($){if($('.twoclick_social_bookmarks_post_1012')){$('.twoclick_social_bookmarks_post_1012').socialSharePrivacy({\"txt_help\":\"Wenn Sie diese Felder durch einen Klick aktivieren, werden Informationen an Facebook, Twitter, Flattr, Xing, t3n, LinkedIn, Pinterest oder Google eventuell ins Ausland \\u00fcbertragen und unter Umst\\u00e4nden auch dort gespeichert. N\\u00e4heres erfahren Sie durch einen Klick auf das <em>i<\\\/em>.\",\"settings_perma\":\"Dauerhaft aktivieren und Daten\\u00fcber-tragung zustimmen:\",\"info_link\":\"http:\\\/\\\/www.heise.de\\\/ct\\\/artikel\\\/2-Klicks-fuer-mehr-Datenschutz-1333879.html\",\"uri\":\"https:\\\/\\\/blogs.uni-paderborn.de\\\/brauerhoch\\\/ingrid-pape-sheldon\\\/\",\"post_id\":1012,\"post_title_referrer_track\":\"Ingrid+Pape-Sheldon\",\"display_infobox\":\"on\"});}});\n\/* ]]> *\/<\/script><\/div>\n<h3 class=\"wp-block-heading\">Kissenschlacht<\/h3>\n\n\n\n<figure class=\"wp-block-image is-resized\"><a href=\"https:\/\/blogs.uni-paderborn.de\/brauerhoch\/files\/2020\/03\/kissenschlacht.jpg\"><img loading=\"lazy\" decoding=\"async\" src=\"https:\/\/blogs.uni-paderborn.de\/brauerhoch\/files\/2020\/03\/kissenschlacht.jpg\" alt=\"\" class=\"wp-image-1154\" width=\"234\" height=\"300\" srcset=\"https:\/\/blogs.uni-paderborn.de\/brauerhoch\/files\/2020\/03\/kissenschlacht.jpg 300w, https:\/\/blogs.uni-paderborn.de\/brauerhoch\/files\/2020\/03\/kissenschlacht-234x300.jpg 234w\" sizes=\"auto, (max-width: 234px) 100vw, 234px\" \/><\/a><\/figure>\n\n\n\n<p><br>BRD 1985<br>16 min<br>s\/w, Farbe<br>Ton<br>16mm<\/p>\n\n\n\n<figure class=\"wp-block-video\"><video controls src=\"https:\/\/groups.upb.de\/brauerhoch\/kissenschlacht_2.mp4\"><\/video><\/figure>\n\n\n\n<p>Sinnliche Gesten, Rituale in den Repr\u00e4sentationsformen der Politik dringen in den intimen Raum ein.<br><em>FrauenFilmHandbuch. Verband der Filmarbeiterinnen, Berlin 1983.<\/em><\/p>\n\n\n\n<p>Der Titel des Films beschreibt die Ambivalenz zwischen der Liebe im Privaten, Pers\u00f6nlichen und dem strukturellen Ausschlu\u00df der Frauen aus der \u00f6ffentlichen Sph\u00e4re.<br><em>Kurzfilmtage Oberhausen, Filmeinf\u00fchrungen, 1986.<\/em><\/p>\n\n\n\n<p>[\u2026] der schlafenden Freund in den Falten der wei\u00dfen Laken \u2013 H\u00e4nde, Furchen, Arme, Nacken, Ohrmuscheln \u2026 schwarzwei\u00df \u2013 dazwischen Bilder der \u00f6ffentlichen M\u00e4nner, M\u00fcnder und Augen, erstarrte Gesten \u2013 dann wieder der private Mann, Knistern der Laken, atmen, farbige Details von Haut \u2013 der schlafende Mann wird erotisch &amp; lebendig (paraphrasiert nach Renate Lippert, Frauen &amp; Film 40).<br><em>Perthold, Sabine (Hg.): Rote K\u00fcsse. Film Schau Buch. T\u00fcbingen: konkursbuch Verlag Claudia Gehrke, 1990, S. 205.<\/em><\/p>\n\n\n\n<p><em>Kissenschlacht<\/em> (<em>Pillow Fight<\/em>)<br>Last week I went to the Northwest Film Forum&#8217;s Wiggly World, a production facility for film people in Seattle, to use a 16mm editing table. I needed to look at a copy print of a 16mm movie I made 21 years ago. It was a little bit exiting. I did not use an editing table for nine years or since I live in America. In the 80s, I was very interested in experimental movies and created several myself which were shown at German and international Festivals.<\/p>\n\n\n\n<p>This is a long time ago, and I gave up on film making for several reasons, so it was a surprise when I received a letter from Annette Brauerhoch from the University of Paderborn. She is a professor for film science and is putting together an archive and collection of experimental short movies by women filmmakers in Germany and wanted to include my movie in the selection. She saw one of my films &#8211; Kissenschlacht &#8211; 20 years ago on a festival and has it still in strong memory. I was surprised and touched and honored.<\/p>\n\n\n\n<p>Interesting to look at the movie again: to see if the ideas I had twenty years ago are still of value or maybe just ridiculous. At that time, I was intrigued by newspaper pictures of politicians. I worked on that for my study at the University and analyzed body postures and structures of these photos. This went into a little 16 minute long movie . I &#8222;animated&#8220; these pictures and combined them with pictures I filmed of my sleeping boyfriend all aiming for one continuous movement. I was happy with the way it came out, although some may find it boring to look at a sleeping man and not much is happening.<\/p>\n\n\n\n<p>At that time the movie was quite well perceived. It was accepted on festivals and often written about it:<br>&#8222;A masterpiece of the experimental storytelling . . . Ingrid Pape confirms with this calm and wordless study the &#8217;sovereign&#8216; preciseness and musicality of her filmmaking.&#8220;<br>&#8211; German film kritic Michael Koetz writing in the Frankfurter Rundschau, 1986.<\/p>\n\n\n\n<p>While that was nice to read, the question is: Do I still understand and stand by what I did 21 years ago?<br>What I realize now is that very likely my intense studying of these pictures gave me a good base for my photography. My understanding of body postures in photographs, film and life goes into my work now.<br>The other thing that&#8217;s satisfying to know is that the film will light up on a big screen again, projected from a celluloid film, will be shown to students and film scientists and not just sit in a dark box. It is still alive and not just a &#8222;sin of youth&#8220;.<br><em>Ingrid Pape-Sheldon<\/em><br><a rel=\"noreferrer noopener\" aria-label=\" (\u00f6ffnet in neuem Tab)\" href=\"https:\/\/pape-sheldon.blogspot.de\/2007\/04\/kissenschlacht-pillow-fight.html\" target=\"_blank\">https:\/\/pape-sheldon.blogspot.de\/2007\/04\/kissenschlacht-pillow-fight.html<\/a><\/p>\n\n\n\n<p><em>Festivals<\/em><br>Oberhausen 1986<br>Osnabr\u00fcck 1986<\/p>\n","protected":false},"excerpt":{"rendered":"<p>Kissenschlacht BRD 198516 mins\/w, FarbeTon16mm Sinnliche Gesten, Rituale in den Repr\u00e4sentationsformen der Politik dringen in den intimen Raum ein.FrauenFilmHandbuch. Verband der Filmarbeiterinnen, Berlin 1983. Der Titel des Films beschreibt die Ambivalenz zwischen der Liebe im Privaten, Pers\u00f6nlichen und dem strukturellen Ausschlu\u00df der Frauen aus der \u00f6ffentlichen Sph\u00e4re.Kurzfilmtage Oberhausen, Filmeinf\u00fchrungen, 1986. [\u2026] der schlafenden Freund in [&hellip;]<\/p>\n","protected":false},"author":8606,"featured_media":0,"parent":0,"menu_order":0,"comment_status":"closed","ping_status":"closed","template":"","meta":{"footnotes":""},"class_list":["post-1012","page","type-page","status-publish","hentry"],"_links":{"self":[{"href":"https:\/\/blogs.uni-paderborn.de\/brauerhoch\/wp-json\/wp\/v2\/pages\/1012","targetHints":{"allow":["GET"]}}],"collection":[{"href":"https:\/\/blogs.uni-paderborn.de\/brauerhoch\/wp-json\/wp\/v2\/pages"}],"about":[{"href":"https:\/\/blogs.uni-paderborn.de\/brauerhoch\/wp-json\/wp\/v2\/types\/page"}],"author":[{"embeddable":true,"href":"https:\/\/blogs.uni-paderborn.de\/brauerhoch\/wp-json\/wp\/v2\/users\/8606"}],"replies":[{"embeddable":true,"href":"https:\/\/blogs.uni-paderborn.de\/brauerhoch\/wp-json\/wp\/v2\/comments?post=1012"}],"version-history":[{"count":5,"href":"https:\/\/blogs.uni-paderborn.de\/brauerhoch\/wp-json\/wp\/v2\/pages\/1012\/revisions"}],"predecessor-version":[{"id":1601,"href":"https:\/\/blogs.uni-paderborn.de\/brauerhoch\/wp-json\/wp\/v2\/pages\/1012\/revisions\/1601"}],"wp:attachment":[{"href":"https:\/\/blogs.uni-paderborn.de\/brauerhoch\/wp-json\/wp\/v2\/media?parent=1012"}],"curies":[{"name":"wp","href":"https:\/\/api.w.org\/{rel}","templated":true}]}}