{"id":1000,"date":"2020-03-17T22:08:54","date_gmt":"2020-03-17T21:08:54","guid":{"rendered":"https:\/\/blogs.uni-paderborn.de\/brauerhoch\/?page_id=1000"},"modified":"2020-06-19T15:49:58","modified_gmt":"2020-06-19T13:49:58","slug":"ulrike-ottinger","status":"publish","type":"page","link":"https:\/\/blogs.uni-paderborn.de\/brauerhoch\/ulrike-ottinger\/","title":{"rendered":"Ulrike Ottinger"},"content":{"rendered":"<div class=\"twoclick_social_bookmarks_post_1000 social_share_privacy clearfix 1.6.4 locale-de_DE sprite-de_DE\"><\/div><div class=\"twoclick-js\"><script type=\"text\/javascript\">\/* <![CDATA[ *\/\njQuery(document).ready(function($){if($('.twoclick_social_bookmarks_post_1000')){$('.twoclick_social_bookmarks_post_1000').socialSharePrivacy({\"txt_help\":\"Wenn Sie diese Felder durch einen Klick aktivieren, werden Informationen an Facebook, Twitter, Flattr, Xing, t3n, LinkedIn, Pinterest oder Google eventuell ins Ausland \\u00fcbertragen und unter Umst\\u00e4nden auch dort gespeichert. N\\u00e4heres erfahren Sie durch einen Klick auf das <em>i<\\\/em>.\",\"settings_perma\":\"Dauerhaft aktivieren und Daten\\u00fcber-tragung zustimmen:\",\"info_link\":\"http:\\\/\\\/www.heise.de\\\/ct\\\/artikel\\\/2-Klicks-fuer-mehr-Datenschutz-1333879.html\",\"uri\":\"https:\\\/\\\/blogs.uni-paderborn.de\\\/brauerhoch\\\/ulrike-ottinger\\\/\",\"post_id\":1000,\"post_title_referrer_track\":\"Ulrike+Ottinger\",\"display_infobox\":\"on\"});}});\n\/* ]]> *\/<\/script><\/div>\n<h3 class=\"wp-block-heading\">Berlinfieber<\/h3>\n\n\n\n<figure class=\"wp-block-image is-resized\"><a href=\"https:\/\/blogs.uni-paderborn.de\/brauerhoch\/files\/2020\/03\/berlinfieber1.jpg\"><img loading=\"lazy\" decoding=\"async\" src=\"https:\/\/blogs.uni-paderborn.de\/brauerhoch\/files\/2020\/03\/berlinfieber1.jpg\" alt=\"\" class=\"wp-image-1298\" width=\"331\" height=\"201\" \/><\/a><\/figure>\n\n\n\n<p>D 1973<br>12 min<br>Farbe<br>16 mm<br>Produktion: Ulrike Ottinger Filmproduktion, Berlin<br>Verleih: Freunde der Deutschen Kinemathek e.V.<\/p>\n\n\n\n<figure class=\"wp-block-video\"><video controls src=\"https:\/\/groups.upb.de\/brauerhoch\/berlinfieber.mp4\"><\/video><\/figure>\n\n\n\n<p>Berlin-Fieber<br>Happening f\u00fcr Ada 1<\/p>\n\n\n\n<p>A) Kommen Sie mit Ihrem Wagen zur Osdorfer Stra\u00dfe in Berlin Lichterfelde (Sackgasse), letztes St\u00fcck der Stra\u00dfe auf der rechten Seite.<\/p>\n\n\n\n<p>B) Nehmen Sie Aufstellung mit Ihrem Wagen in 10er-Reihen, so dicht wie m\u00f6glich mit dem Auto nebeneinander und hintereinander.<\/p>\n\n\n\n<p>C) Auf ein Zeichen hin fahren alle Wagen gleichzeitig los und versuchen so langsam zu fahren, wie es nur m\u00f6glich ist. Versuchen Sie auch, so dicht hinter und neben den anderen Fahrzeugen zu bleiben.<\/p>\n\n\n\n<p>D) Wenn Sie Begleiter im Auto haben, sollen diese aufschreiben, wieviel Male Sie schalten, kuppeln und Gas geben. Sind Sie alleine im Wagen, versuchen Sie sich \u00fcber jede kleinste Handlung bewu\u00dft zu werden. Addieren Sie in Ihrem Gehirn alle diese T\u00e4tigkeiten als psycho\u00e4sthetische Produktion.<\/p>\n\n\n\n<p>E) Nach 30 Minuten langsamster Fahrt steigen Sie aus dem Wagen aus (Motor abstellen) und gehen zum Kofferraum Ihres Fahrzeuges, dort \u00f6ffnen und schlie\u00dfen Sie den Kofferraum 750 mal und legen 375 mal einen wei\u00dfen Teller hinein und nehmen ihn 375 mal wieder hinaus. Dieses Ritual soll m\u00f6glichst schnell und ohne Unterbrechung realisiert werden, auch ohne Dramatik des Handelns.<\/p>\n\n\n\n<p>F) Ist dieses Ereignis vollzogen, dann legen Sie Stoffbahnen auf die Erde vor der Autokolonne, Ihren wei\u00dfen Teller aus dem Kofferraum Ihres Wagens legen Sie auf die Stoffbahnen.<\/p>\n\n\n\n<p>G) Eine Handvoll Salz nehmen Sie aus einem Sack, der unter dem gr\u00f6\u00dften nahegelegenen Baum steht. Diese Handvoll Salz legen Sie auf den Teller, den Sie vorher auf dem Tuch placiert haben.<\/p>\n\n\n\n<p>H) Danach setzt sich die Wagenkolonne in Gang, wieder in langsamster Fahrt. Alle Wagen \u00fcberqueren die T\u00fccher mit den Tellern und dem Salz.<\/p>\n\n\n\n<p>I) W\u00e4hrend der ganzen Fahrt lecken Sie an der Hand, in der Sie vorher das Salz hatten.<\/p>\n\n\n\n<p>J) Jetzt werden die Motoren wieder abgestellt. Jeder n\u00e4ht seinen \u00fcberfahrenen Teller (oder die Reste) auf dem Nesseltuch fest. Eine Leiste wird ebenfalls oben angebracht, sowie Draht zum Aufh\u00e4ngen.<\/p>\n\n\n\n<p>K) Jeder geht jetzt mit seinem Tuch zum Baum (wo der Sack Salz steht). Jeder bestimmt, wo im Baum sein Tuch mit dem aufgen\u00e4hten Teller h\u00e4ngen soll. Durch einen Skylift wird sein Tuch am Baum befestigt.<\/p>\n\n\n\n<p>L) Den Zettel mit den Aufzeichnungen \u00fcber Kuppeln, Schalten, Gasgeben etc. befestigt jeder im Kofferraum mit dem Tesaband.<\/p>\n\n\n\n<p>M) Bei Ihrem n\u00e4chsten Fieber holen Sie erst den Zettel aus dem Kofferraum des Wagens und<br>zerrei\u00dfen ihn.<\/p>\n\n\n\n<p>N) 3 Tage nach dem Happening ,,Autofieber&#8220; treffen Sie mit Vostell zusammen in der Akademie der K\u00fcnste zu einem Gespr\u00e4ch um 18.00 Uhr. Notieren Sie Ihre Tr\u00e4ume dieser 3 Tage und bringen Sie diese Aufzeichnungen mit zum Gespr\u00e4ch.<br>Wolf Vostell, 14.9.1973, Berlin<\/p>\n\n\n\n<p>Auto-Fieber<br>Environment f\u00fcr Ada 1<br>Cadillac &#8222;Sedan&#8220;, 2000 Teller, acht Motoren, zwei Sicheln, zehn Vorschlagh\u00e4mmer, sechs Harken, verbleite K\u00f6rper, Haare.<\/p>\n\n\n\n<p>Technische Installation: Werner Munk<\/p>\n\n\n\n<p>Handlung f\u00fcr Publikum: Nachdem Sie von dem Environment nach Hause zur\u00fcckkehren, messen Sie Ihre Temperatur. Notieren Sie diese auf einem Zettel mit Datum und Uhrzeit. Legen Sie diese Aufzeichnungen auf einen Teller, f\u00fcgen Salz hinzu und stellen den Teller auf den Balkon oder Fenster bis zu Ihrem n\u00e4chsten starken Fieber. Dann zerst\u00f6ren Sie den Teller.<\/p>\n\n\n\n<p><em>Premiere<\/em><br>Dezember 1973, Akademie der K\u00fcnste, Berlin<\/p>\n\n\n\n<p><em>Links<\/em><br><a href=\"https:\/\/www.ulrikeottinger.com\/de\/filmdetails\/berlinfieber\" target=\"_blank\" rel=\"noreferrer noopener\" aria-label=\"https:\/\/www.ulrikeottinger.com\/de\/filmdetails\/berlinfieber (\u00f6ffnet in neuem Tab)\">https:\/\/www.ulrikeottinger.com\/de\/filmdetails\/berlinfieber<\/a><\/p>\n\n\n\n<p><em>Festivals<\/em><br>Osnabr\u00fcck 1988<\/p>\n","protected":false},"excerpt":{"rendered":"<p>Berlinfieber D 197312 minFarbe16 mmProduktion: Ulrike Ottinger Filmproduktion, BerlinVerleih: Freunde der Deutschen Kinemathek e.V. Berlin-FieberHappening f\u00fcr Ada 1 A) Kommen Sie mit Ihrem Wagen zur Osdorfer Stra\u00dfe in Berlin Lichterfelde (Sackgasse), letztes St\u00fcck der Stra\u00dfe auf der rechten Seite. B) Nehmen Sie Aufstellung mit Ihrem Wagen in 10er-Reihen, so dicht wie m\u00f6glich mit dem Auto [&hellip;]<\/p>\n","protected":false},"author":8606,"featured_media":0,"parent":0,"menu_order":0,"comment_status":"closed","ping_status":"closed","template":"","meta":{"footnotes":""},"class_list":["post-1000","page","type-page","status-publish","hentry"],"_links":{"self":[{"href":"https:\/\/blogs.uni-paderborn.de\/brauerhoch\/wp-json\/wp\/v2\/pages\/1000","targetHints":{"allow":["GET"]}}],"collection":[{"href":"https:\/\/blogs.uni-paderborn.de\/brauerhoch\/wp-json\/wp\/v2\/pages"}],"about":[{"href":"https:\/\/blogs.uni-paderborn.de\/brauerhoch\/wp-json\/wp\/v2\/types\/page"}],"author":[{"embeddable":true,"href":"https:\/\/blogs.uni-paderborn.de\/brauerhoch\/wp-json\/wp\/v2\/users\/8606"}],"replies":[{"embeddable":true,"href":"https:\/\/blogs.uni-paderborn.de\/brauerhoch\/wp-json\/wp\/v2\/comments?post=1000"}],"version-history":[{"count":4,"href":"https:\/\/blogs.uni-paderborn.de\/brauerhoch\/wp-json\/wp\/v2\/pages\/1000\/revisions"}],"predecessor-version":[{"id":1591,"href":"https:\/\/blogs.uni-paderborn.de\/brauerhoch\/wp-json\/wp\/v2\/pages\/1000\/revisions\/1591"}],"wp:attachment":[{"href":"https:\/\/blogs.uni-paderborn.de\/brauerhoch\/wp-json\/wp\/v2\/media?parent=1000"}],"curies":[{"name":"wp","href":"https:\/\/api.w.org\/{rel}","templated":true}]}}