{"id":256,"date":"2017-04-04T12:08:28","date_gmt":"2017-04-04T10:08:28","guid":{"rendered":"https:\/\/blogs.uni-paderborn.de\/bernhart\/?page_id=256"},"modified":"2017-04-04T16:51:30","modified_gmt":"2017-04-04T14:51:30","slug":"springschool-digitale-geschichtswissenschaften","status":"publish","type":"page","link":"https:\/\/blogs.uni-paderborn.de\/bernhart\/","title":{"rendered":"Spring School: Digitale Geschichtswissenschaften"},"content":{"rendered":"<div class=\"twoclick_social_bookmarks_post_256 social_share_privacy clearfix 1.6.4 locale-de_DE sprite-de_DE\"><\/div><div class=\"twoclick-js\"><script type=\"text\/javascript\">\/* <![CDATA[ *\/\njQuery(document).ready(function($){if($('.twoclick_social_bookmarks_post_256')){$('.twoclick_social_bookmarks_post_256').socialSharePrivacy({\"txt_help\":\"Wenn Sie diese Felder durch einen Klick aktivieren, werden Informationen an Facebook, Twitter, Flattr, Xing, t3n, LinkedIn, Pinterest oder Google eventuell ins Ausland \\u00fcbertragen und unter Umst\\u00e4nden auch dort gespeichert. N\\u00e4heres erfahren Sie durch einen Klick auf das <em>i<\\\/em>.\",\"settings_perma\":\"Dauerhaft aktivieren und Daten\\u00fcber-tragung zustimmen:\",\"info_link\":\"http:\\\/\\\/www.heise.de\\\/ct\\\/artikel\\\/2-Klicks-fuer-mehr-Datenschutz-1333879.html\",\"uri\":\"https:\\\/\\\/blogs.uni-paderborn.de\\\/bernhart\\\/\",\"post_id\":256,\"post_title_referrer_track\":\"Spring+School%3A+Digitale+Geschichtswissenschaften\",\"display_infobox\":\"on\"});}});\n\/* ]]> *\/<\/script><\/div><p>Die Digitalisierung hat in den letzten Jahren in allen Lebensbereichen zu tiefgreifenden Ver\u00e4nderungen gef\u00fchrt. Auch die wissenschaftliche Forschung und Lehre ist ein Teilbereich dieser digitalen Wende. In der Geschichtswissenschaft liegen mittlerweile zahlreiche Text- und Bildquellen digital vor und k\u00f6nnen mit Computerwerkzeugen bearbeitet, analysiert und die Ergebnisse digital im Internet oder als eBook publiziert werden. Die Spring School \u201eDigitale Geschichtswissenschaft\u201c soll Studierenden das Handwerkszeug vermitteln, um mit diesen neuen M\u00f6glichkeiten im Studium, in der Forschung und im sp\u00e4teren Beruf aktiv umgehen zu k\u00f6nnen.<br \/>\nIm Rahmen des Seminars erstellte\u00a0ich dieses ePortfolio.<\/p>\n<p><a href=\"https:\/\/blogs.uni-paderborn.de\/bernhart\/category\/digitale-geschichtswissenschaften\/\">Meine Blogposts<\/a><br \/>\n<a href=\"https:\/\/www.uni-paderborn.de\/nachricht\/83791\/\">Weitere Infos zum Seminar<\/a><a href=\"https:\/\/www.uni-paderborn.de\/nachricht\/83791\/\"><img loading=\"lazy\" decoding=\"async\" class=\"alignnone\" src=\"https:\/\/www.uni-paderborn.de\/fileadmin\/_processed_\/d\/1\/csm_PlakatDigitaleGeschichtswissenschaftA2_086cd73c36.jpg\" width=\"586\" height=\"829\" \/><\/a><\/p>\n","protected":false},"excerpt":{"rendered":"<p>Die Digitalisierung hat in den letzten Jahren in allen Lebensbereichen zu tiefgreifenden Ver\u00e4nderungen gef\u00fchrt. Auch die wissenschaftliche Forschung und Lehre ist ein Teilbereich dieser digitalen Wende. In der Geschichtswissenschaft liegen mittlerweile zahlreiche Text- und Bildquellen digital vor und k\u00f6nnen mit Computerwerkzeugen bearbeitet, analysiert und die Ergebnisse digital im Internet oder als eBook publiziert werden. Die &hellip; <a href=\"https:\/\/blogs.uni-paderborn.de\/bernhart\/\" class=\"more-link\"><span class=\"screen-reader-text\">\u201eSpring School: Digitale Geschichtswissenschaften\u201c <\/span>weiterlesen<\/a><\/p>\n","protected":false},"author":7858,"featured_media":344,"parent":0,"menu_order":0,"comment_status":"closed","ping_status":"closed","template":"","meta":{"footnotes":""},"class_list":["post-256","page","type-page","status-publish","has-post-thumbnail","hentry"],"_links":{"self":[{"href":"https:\/\/blogs.uni-paderborn.de\/bernhart\/wp-json\/wp\/v2\/pages\/256","targetHints":{"allow":["GET"]}}],"collection":[{"href":"https:\/\/blogs.uni-paderborn.de\/bernhart\/wp-json\/wp\/v2\/pages"}],"about":[{"href":"https:\/\/blogs.uni-paderborn.de\/bernhart\/wp-json\/wp\/v2\/types\/page"}],"author":[{"embeddable":true,"href":"https:\/\/blogs.uni-paderborn.de\/bernhart\/wp-json\/wp\/v2\/users\/7858"}],"replies":[{"embeddable":true,"href":"https:\/\/blogs.uni-paderborn.de\/bernhart\/wp-json\/wp\/v2\/comments?post=256"}],"version-history":[{"count":10,"href":"https:\/\/blogs.uni-paderborn.de\/bernhart\/wp-json\/wp\/v2\/pages\/256\/revisions"}],"predecessor-version":[{"id":384,"href":"https:\/\/blogs.uni-paderborn.de\/bernhart\/wp-json\/wp\/v2\/pages\/256\/revisions\/384"}],"wp:featuredmedia":[{"embeddable":true,"href":"https:\/\/blogs.uni-paderborn.de\/bernhart\/wp-json\/wp\/v2\/media\/344"}],"wp:attachment":[{"href":"https:\/\/blogs.uni-paderborn.de\/bernhart\/wp-json\/wp\/v2\/media?parent=256"}],"curies":[{"name":"wp","href":"https:\/\/api.w.org\/{rel}","templated":true}]}}